{"id":7945,"date":"2026-03-05T16:27:15","date_gmt":"2026-03-05T16:27:15","guid":{"rendered":"https:\/\/prevencionsuicidio.salud.pr.gov\/?page_id=7945"},"modified":"2026-04-14T12:38:40","modified_gmt":"2026-04-14T12:38:40","slug":"comunidad-fe","status":"publish","type":"page","link":"https:\/\/prevencionsuicidio.salud.pr.gov\/en\/educacion\/talleres\/comunidad-fe\/","title":{"rendered":"El rol de la comunidad de fe en la prevenci\u00f3n del suicidio"},"content":{"rendered":"<div class=\"fusion-fullwidth fullwidth-box fusion-builder-row-1 fusion-flex-container has-pattern-background has-mask-background nonhundred-percent-fullwidth non-hundred-percent-height-scrolling\" style=\"--awb-border-radius-top-left:0px;--awb-border-radius-top-right:0px;--awb-border-radius-bottom-right:0px;--awb-border-radius-bottom-left:0px;--awb-flex-wrap:wrap;\" ><div class=\"fusion-builder-row fusion-row fusion-flex-align-items-flex-start fusion-flex-content-wrap\" style=\"max-width:1216.8px;margin-left: calc(-4% \/ 2 );margin-right: calc(-4% \/ 2 );\"><div class=\"fusion-layout-column fusion_builder_column fusion-builder-column-0 fusion_builder_column_1_1 1_1 fusion-flex-column\" style=\"--awb-bg-size:cover;--awb-width-large:100%;--awb-margin-top-large:0px;--awb-spacing-right-large:1.92%;--awb-margin-bottom-large:20px;--awb-spacing-left-large:1.92%;--awb-width-medium:100%;--awb-order-medium:0;--awb-spacing-right-medium:1.92%;--awb-spacing-left-medium:1.92%;--awb-width-small:100%;--awb-order-small:0;--awb-spacing-right-small:1.92%;--awb-spacing-left-small:1.92%;\"><div class=\"fusion-column-wrapper fusion-column-has-shadow fusion-flex-justify-content-flex-start fusion-content-layout-column\"><div class=\"fusion-text fusion-text-1\"><p style=\"font-size: 16px; text-align: left;\" data-fusion-font=\"true\"><span style=\"color: #000000;\">Este taller ofrece una introducci\u00f3n accesible y fundamentada sobre el suicidio y el comportamiento suicida, con el fin de fortalecer la capacidad de respuesta dentro de las comunidades de fe. A lo largo de la sesi\u00f3n se abordan mitos y realidades comunes, se reflexiona sobre la importancia del acompa\u00f1amiento espiritual y comunitario en la prevenci\u00f3n, y se revisan se\u00f1ales de peligro y factores de riesgo que pueden indicar que una persona necesita apoyo. La prevenci\u00f3n comienza con la educaci\u00f3n, la esperanza y el compromiso de toda la comunidad, incluyendo la comunidad de fe. <\/span><\/p>\n<\/div>\n<div class=\"table-1\">\n<table width=\"100%\">\n<thead>\n<tr>\n<th align=\"left\"><span style=\"color: #000000;\"><strong>Fecha<\/strong><\/span><\/th>\n<th align=\"left\"><span style=\"color: #000000;\"><strong>Hora<\/strong><\/span><\/th>\n<th align=\"left\"><span style=\"color: #000000;\"><strong>Enlace inscripci\u00f3n<\/strong><\/span><\/th>\n<\/tr>\n<\/thead>\n<tbody>\n<tr>\n<td align=\"left\"><del><span class=\"NormalTextRun ContextualSpellingAndGrammarErrorV2Themed SCXW264950298 BCX0\">Jueves<\/span><span class=\"NormalTextRun SCXW264950298 BCX0\">, 19 de marzo de 2026<\/span><\/del><\/td>\n<td align=\"left\"><del><span style=\"color: #000000;\">10:00 am &#8211; 12:00 pm<\/span><\/del><\/td>\n<td align=\"left\"><del><a href=\"https:\/\/gcc02.safelinks.protection.outlook.com\/?url=https%3A%2F%2Fredcap.salud.pr.gov%2Fsurveys%2F%3Fs%3DJJTXXTTLXAAREK4N&amp;data=05%7C02%7Cvega.marangeli%40salud.pr.gov%7Cf0ae256efd5145a9554c08de6fe09ad7%7Ce906065af03e47ada4c46b139a08445c%7C0%7C0%7C639071207622964069%7CUnknown%7CTWFpbGZsb3d8eyJFbXB0eU1hcGkiOnRydWUsIlYiOiIwLjAuMDAwMCIsIlAiOiJXaW4zMiIsIkFOIjoiTWFpbCIsIldUIjoyfQ%3D%3D%7C0%7C%7C%7C&amp;sdata=hfHde4RRVl7SS5A76phW16ZYm3Dw7BCwMlvJGA5564I%3D&amp;reserved=0\"><span style=\"color: #0000ff;\">[Inscr\u00edbete aqu\u00ed]<\/span><\/a><\/del><\/td>\n<\/tr>\n<\/tbody>\n<\/table>\n<\/div>\n<div class=\"fusion-text fusion-text-2\"><p style=\"text-align: center;\"><span style=\"color: #000000;\">Para m\u00e1s informaci\u00f3n, escr\u00edbenos a:<span style=\"color: #0000ff;\"> <a style=\"color: #0000ff;\" href=\"mailto:prevencionsuicidio@salud.pr.gov\">prevencionsuicidio@salud.pr.gov<\/a><\/span><\/span><\/p>\n<\/div><\/div><\/div><\/div><\/div>","protected":false},"excerpt":{"rendered":"","protected":false},"author":7,"featured_media":0,"parent":6331,"menu_order":0,"comment_status":"closed","ping_status":"closed","template":"","meta":{"footnotes":""},"class_list":["post-7945","page","type-page","status-publish","hentry"],"_links":{"self":[{"href":"https:\/\/prevencionsuicidio.salud.pr.gov\/en\/wp-json\/wp\/v2\/pages\/7945","targetHints":{"allow":["GET"]}}],"collection":[{"href":"https:\/\/prevencionsuicidio.salud.pr.gov\/en\/wp-json\/wp\/v2\/pages"}],"about":[{"href":"https:\/\/prevencionsuicidio.salud.pr.gov\/en\/wp-json\/wp\/v2\/types\/page"}],"author":[{"embeddable":true,"href":"https:\/\/prevencionsuicidio.salud.pr.gov\/en\/wp-json\/wp\/v2\/users\/7"}],"replies":[{"embeddable":true,"href":"https:\/\/prevencionsuicidio.salud.pr.gov\/en\/wp-json\/wp\/v2\/comments?post=7945"}],"version-history":[{"count":4,"href":"https:\/\/prevencionsuicidio.salud.pr.gov\/en\/wp-json\/wp\/v2\/pages\/7945\/revisions"}],"predecessor-version":[{"id":8081,"href":"https:\/\/prevencionsuicidio.salud.pr.gov\/en\/wp-json\/wp\/v2\/pages\/7945\/revisions\/8081"}],"up":[{"embeddable":true,"href":"https:\/\/prevencionsuicidio.salud.pr.gov\/en\/wp-json\/wp\/v2\/pages\/6331"}],"wp:attachment":[{"href":"https:\/\/prevencionsuicidio.salud.pr.gov\/en\/wp-json\/wp\/v2\/media?parent=7945"}],"curies":[{"name":"wp","href":"https:\/\/api.w.org\/{rel}","templated":true}]}}