{"id":7859,"date":"2026-03-16T18:08:03","date_gmt":"2026-03-16T18:08:03","guid":{"rendered":"https:\/\/prevencionsuicidio.salud.pr.gov\/?page_id=7859"},"modified":"2026-03-26T18:51:09","modified_gmt":"2026-03-26T18:51:09","slug":"coalicion-multisectorial","status":"publish","type":"page","link":"https:\/\/prevencionsuicidio.salud.pr.gov\/en\/colaboraciones\/coalicion-multisectorial\/","title":{"rendered":"Coalici\u00f3n Multisectorial"},"content":{"rendered":"<p><div class=\"fusion-fullwidth fullwidth-box fusion-builder-row-1 fusion-flex-container has-pattern-background has-mask-background nonhundred-percent-fullwidth non-hundred-percent-height-scrolling\" style=\"--awb-border-radius-top-left:0px;--awb-border-radius-top-right:0px;--awb-border-radius-bottom-right:0px;--awb-border-radius-bottom-left:0px;--awb-flex-wrap:wrap;\" ><div class=\"fusion-builder-row fusion-row fusion-flex-align-items-flex-start fusion-flex-content-wrap\" style=\"max-width:1216.8px;margin-left: calc(-4% \/ 2 );margin-right: calc(-4% \/ 2 );\"><div class=\"fusion-layout-column fusion_builder_column fusion-builder-column-0 fusion_builder_column_1_1 1_1 fusion-flex-column\" style=\"--awb-bg-size:cover;--awb-width-large:100%;--awb-margin-top-large:0px;--awb-spacing-right-large:1.92%;--awb-margin-bottom-large:20px;--awb-spacing-left-large:1.92%;--awb-width-medium:100%;--awb-order-medium:0;--awb-spacing-right-medium:1.92%;--awb-spacing-left-medium:1.92%;--awb-width-small:100%;--awb-order-small:0;--awb-spacing-right-small:1.92%;--awb-spacing-left-small:1.92%;\"><div class=\"fusion-column-wrapper fusion-column-has-shadow fusion-flex-justify-content-flex-start fusion-content-layout-column\"><div class=\"fusion-builder-row fusion-builder-row-inner fusion-row fusion-flex-align-items-flex-start fusion-flex-content-wrap\" style=\"width:104% !important;max-width:104% !important;margin-left: calc(-4% \/ 2 );margin-right: calc(-4% \/ 2 );\"><div class=\"fusion-layout-column fusion_builder_column_inner fusion-builder-nested-column-0 fusion_builder_column_inner_1_2 1_2 fusion-flex-column\" style=\"--awb-bg-size:cover;--awb-width-large:50%;--awb-margin-top-large:0px;--awb-spacing-right-large:3.84%;--awb-margin-bottom-large:20px;--awb-spacing-left-large:3.84%;--awb-width-medium:100%;--awb-order-medium:0;--awb-spacing-right-medium:1.92%;--awb-spacing-left-medium:1.92%;--awb-width-small:100%;--awb-order-small:0;--awb-spacing-right-small:1.92%;--awb-spacing-left-small:1.92%;\"><div class=\"fusion-column-wrapper fusion-column-has-shadow fusion-flex-justify-content-flex-start fusion-content-layout-column\"><div class=\"fusion-text fusion-text-1\" style=\"--awb-font-size:var(--awb-typography4-font-size);--awb-line-height:var(--awb-typography4-line-height);--awb-letter-spacing:var(--awb-typography4-letter-spacing);--awb-text-transform:var(--awb-typography4-text-transform);--awb-text-color:var(--awb-custom_color_1);--awb-text-font-family:var(--awb-typography4-font-family);--awb-text-font-weight:var(--awb-typography4-font-weight);--awb-text-font-style:var(--awb-typography4-font-style);\"><p><span style=\"font-family: Montserrat;\" data-fusion-font=\"true\" data-fusion-google-font=\"Montserrat\" data-fusion-google-variant=\"500\">The <strong>Coalici\u00f3n Multisectorial para la Prevenci\u00f3n del Suicidio <\/strong><\/span><span style=\"font-family: Montserrat;\" data-fusion-font=\"true\" data-fusion-google-font=\"Montserrat\" data-fusion-google-variant=\"500\">es un esfuerzo colaborativo creado por la Comisi\u00f3n para la Prevenci\u00f3n del Suicidio con el fin de fortalecer la respuesta de Puerto Rico ante esta problem\u00e1tica desde un enfoque integral de salud p\u00fablica. Constituida formalmente en 2024, re\u00fane a representantes de agencias gubernamentales, municipios, organizaciones sin fines de lucro, entidades de base de fe, servicios de salud mental, el sector acad\u00e9mico y otros aliados estrat\u00e9gicos comprometidos con el bienestar de la comunidad.<\/span><\/p>\n<\/div><div class=\"fusion-text fusion-text-2\" style=\"--awb-font-size:var(--awb-typography4-font-size);--awb-line-height:var(--awb-typography4-line-height);--awb-letter-spacing:var(--awb-typography4-letter-spacing);--awb-text-transform:var(--awb-typography4-text-transform);--awb-text-color:var(--awb-custom_color_1);--awb-text-font-family:var(--awb-typography4-font-family);--awb-text-font-weight:var(--awb-typography4-font-weight);--awb-text-font-style:var(--awb-typography4-font-style);\"><p><span style=\"font-family: Montserrat;\" data-fusion-font=\"true\" data-fusion-google-font=\"Montserrat\" data-fusion-google-variant=\"500\">Su misi\u00f3n es impulsar acciones coordinadas en los municipios con las tasas m\u00e1s altas de muertes por suicidio, promoviendo la seguridad ante el acceso a medios letales, el fortalecimiento de factores protectores y el desarrollo de capacidades comunitarias que fomenten entornos m\u00e1s seguros y resilientes. Este trabajo se sostiene gracias a una red de colaboraci\u00f3n profundamente valiosa, en la que cada entidad aporta experiencia, compromiso y esperanza para avanzar una misi\u00f3n colectiva.<\/span><\/p>\n<\/div><div class=\"fusion-text fusion-text-3\" style=\"--awb-font-size:var(--awb-typography4-font-size);--awb-line-height:var(--awb-typography4-line-height);--awb-letter-spacing:var(--awb-typography4-letter-spacing);--awb-text-transform:var(--awb-typography4-text-transform);--awb-text-color:var(--awb-custom_color_1);--awb-text-font-family:var(--awb-typography4-font-family);--awb-text-font-weight:var(--awb-typography4-font-weight);--awb-text-font-style:var(--awb-typography4-font-style);\"><p><span style=\"font-family: Montserrat;\" data-fusion-font=\"true\" data-fusion-google-font=\"Montserrat\" data-fusion-google-variant=\"500\">El Plan Estrat\u00e9gico de la Coalici\u00f3n recoge las iniciativas que guiar\u00e1n los pr\u00f3ximos tres a\u00f1os de implementaci\u00f3n, articulando esfuerzos multisectoriales, educaci\u00f3n comunitaria y estrategias de prevenci\u00f3n basadas en evidencia. Estas acciones se enfocan en los municipios de Aibonito, Naranjito, Barranquitas, Orocovis, Adjuntas, Camuy, Rinc\u00f3n, Vieques y Culebra, donde se busca promover intervenciones concretas que contribuyan al bienestar de las comunidades y a la reducci\u00f3n de riesgos en las \u00e1reas de mayor prioridad.<\/span><\/p>\n<\/div><\/div><\/div><div class=\"fusion-layout-column fusion_builder_column_inner fusion-builder-nested-column-1 fusion_builder_column_inner_1_2 1_2 fusion-flex-column\" style=\"--awb-padding-right:30px;--awb-bg-size:cover;--awb-width-large:50%;--awb-margin-top-large:0px;--awb-spacing-right-large:3.84%;--awb-margin-bottom-large:20px;--awb-spacing-left-large:3.84%;--awb-width-medium:100%;--awb-order-medium:0;--awb-spacing-right-medium:1.92%;--awb-spacing-left-medium:1.92%;--awb-width-small:100%;--awb-order-small:0;--awb-spacing-right-small:1.92%;--awb-spacing-left-small:1.92%;\" data-scroll-devices=\"small-visibility,medium-visibility,large-visibility\"><div class=\"fusion-column-wrapper fusion-column-has-shadow fusion-flex-justify-content-flex-start fusion-content-layout-column\"><iframe class=\"lazyload\" src=\"data:image\/svg+xml,%3Csvg%20xmlns%3D%27http%3A%2F%2Fwww.w3.org%2F2000%2Fsvg%27%20width%3D%27100%27%20height%3D%27500%27%20viewBox%3D%270%200%20100%20500%27%3E%3Crect%20width%3D%27100%27%20height%3D%27500%27%20fill-opacity%3D%220%22%2F%3E%3C%2Fsvg%3E\" data-orig-src=\"https:\/\/docs.google.com\/gview?url=https:\/\/prevencionsuicidio.salud.pr.gov\/wp-content\/uploads\/Plan-Estrategico-de-la-Coalicion-Multisectorial-MAR2026-VD.pdf&embedded=true\" width=\"100%\" height=\"500px\"><\/iframe><div style=\"text-align: center;padding-top: 20px;\">\n    <a href=\"https:\/\/prevencionsuicidio.salud.pr.gov\/wp-content\/uploads\/Plan-Estrategico-de-la-Coalicion-Multisectorial-MAR2026-VD.pdf\" download class=\"descargar-btn\">\n        Descargar<br>Plan Estrat\u00e9gico de la Coalici\u00f3n Multisectorial\n    <\/a>\n<\/div>\n\n<style>\n.descargar-btn {\n    background-color: #b57edc; \/* Lila *\/\n    color: #fff;\n    padding: 10px 20px; \/* M\u00e1s peque\u00f1o *\/\n    border-radius: 6px;\n    text-decoration: none;\n    font-size: 14px;\n    font-weight: bold;\n    display: inline-block;\n    transition: background-color 0.3s ease;\n}\n\n.descargar-btn:hover {\n    background-color: #9c5cc9; \/* Lila m\u00e1s oscuro al pasar el mouse *\/\n}\n<\/style>\n\n<\/div><\/div><\/div><\/div><\/div><\/div><\/div><div class=\"fusion-fullwidth fullwidth-box fusion-builder-row-2 fusion-flex-container has-pattern-background has-mask-background nonhundred-percent-fullwidth non-hundred-percent-height-scrolling\" style=\"--awb-border-radius-top-left:0px;--awb-border-radius-top-right:0px;--awb-border-radius-bottom-right:0px;--awb-border-radius-bottom-left:0px;--awb-flex-wrap:wrap;\" ><div class=\"fusion-builder-row fusion-row fusion-flex-align-items-flex-start fusion-flex-content-wrap\" style=\"max-width:1216.8px;margin-left: calc(-4% \/ 2 );margin-right: calc(-4% \/ 2 );\"><div class=\"fusion-layout-column fusion_builder_column fusion-builder-column-1 fusion_builder_column_1_1 1_1 fusion-flex-column\" style=\"--awb-bg-size:cover;--awb-width-large:100%;--awb-margin-top-large:0px;--awb-spacing-right-large:1.92%;--awb-margin-bottom-large:20px;--awb-spacing-left-large:1.92%;--awb-width-medium:100%;--awb-order-medium:0;--awb-spacing-right-medium:1.92%;--awb-spacing-left-medium:1.92%;--awb-width-small:100%;--awb-order-small:0;--awb-spacing-right-small:1.92%;--awb-spacing-left-small:1.92%;\"><div class=\"fusion-column-wrapper fusion-column-has-shadow fusion-flex-justify-content-flex-start fusion-content-layout-column\"><div class=\"fusion-builder-row fusion-builder-row-inner fusion-row fusion-flex-align-items-flex-start fusion-flex-content-wrap\" style=\"width:104% !important;max-width:104% !important;margin-left: calc(-4% \/ 2 );margin-right: calc(-4% \/ 2 );\"><div class=\"fusion-layout-column fusion_builder_column_inner fusion-builder-nested-column-2 fusion_builder_column_inner_1_2 1_2 fusion-flex-column\" style=\"--awb-padding-right:30px;--awb-bg-size:cover;--awb-width-large:50%;--awb-margin-top-large:0px;--awb-spacing-right-large:3.84%;--awb-margin-bottom-large:20px;--awb-spacing-left-large:3.84%;--awb-width-medium:100%;--awb-order-medium:0;--awb-spacing-right-medium:1.92%;--awb-spacing-left-medium:1.92%;--awb-width-small:100%;--awb-order-small:0;--awb-spacing-right-small:1.92%;--awb-spacing-left-small:1.92%;\" data-scroll-devices=\"small-visibility,medium-visibility,large-visibility\"><div class=\"fusion-column-wrapper fusion-column-has-shadow fusion-flex-justify-content-flex-start fusion-content-layout-column\"><div class=\"fusion-text fusion-text-4\" style=\"--awb-font-size:var(--awb-custom_typography_2-font-size);--awb-line-height:var(--awb-custom_typography_2-line-height);--awb-letter-spacing:var(--awb-custom_typography_2-letter-spacing);--awb-text-transform:var(--awb-custom_typography_2-text-transform);--awb-text-color:var(--awb-color8);--awb-text-font-family:var(--awb-custom_typography_2-font-family);--awb-text-font-weight:var(--awb-custom_typography_2-font-weight);--awb-text-font-style:var(--awb-custom_typography_2-font-style);\"><p style=\"text-align: center;\">Gu\u00eda para la prevenci\u00f3n del suicidio en Puerto Rico<\/p>\n<\/div><iframe class=\"lazyload\" src=\"data:image\/svg+xml,%3Csvg%20xmlns%3D%27http%3A%2F%2Fwww.w3.org%2F2000%2Fsvg%27%20width%3D%27100%27%20height%3D%27400%27%20viewBox%3D%270%200%20100%20400%27%3E%3Crect%20width%3D%27100%27%20height%3D%27400%27%20fill-opacity%3D%220%22%2F%3E%3C%2Fsvg%3E\" data-orig-src=\"https:\/\/docs.google.com\/gview?url=https:\/\/prevencionsuicidio.salud.pr.gov\/wp-content\/uploads\/Guia-para-la-prevencion-del-suicidio-en-Puerto-Rico-Salvando-vidas-a-traves-de-la-participacion-comunitaria-Comision-para-la-Prevencion-del-suicidio.pdf&embedded=true\" width=\"100%\" height=\"400px\"><\/iframe><div style=\"text-align: center;padding-top: 20px;\">\n    <a href=\"https:\/\/prevencionsuicidio.salud.pr.gov\/wp-content\/uploads\/Guia-para-la-prevencion-del-suicidio-en-Puerto-Rico-Salvando-vidas-a-traves-de-la-participacion-comunitaria-Comision-para-la-Prevencion-del-suicidio.pdf\" download class=\"descargar-btn\">\n        Descargar Gu\u00eda\n    <\/a>\n<\/div>\n\n<style>\n.descargar-btn {\n    background-color: #b57edc; \/* Lila *\/\n    color: #fff;\n    padding: 10px 20px; \/* M\u00e1s peque\u00f1o *\/\n    border-radius: 6px;\n    text-decoration: none;\n    font-size: 14px;\n    font-weight: bold;\n    display: inline-block;\n    transition: background-color 0.3s ease;\n}\n\n.descargar-btn:hover {\n    background-color: #9c5cc9; \/* Lila m\u00e1s oscuro al pasar el mouse *\/\n}\n<\/style>\n\n<\/div><\/div><div class=\"fusion-layout-column fusion_builder_column_inner fusion-builder-nested-column-3 fusion_builder_column_inner_1_2 1_2 fusion-flex-column\" style=\"--awb-padding-right:30px;--awb-bg-size:cover;--awb-width-large:50%;--awb-margin-top-large:0px;--awb-spacing-right-large:3.84%;--awb-margin-bottom-large:20px;--awb-spacing-left-large:3.84%;--awb-width-medium:100%;--awb-order-medium:0;--awb-spacing-right-medium:1.92%;--awb-spacing-left-medium:1.92%;--awb-width-small:100%;--awb-order-small:0;--awb-spacing-right-small:1.92%;--awb-spacing-left-small:1.92%;\" data-scroll-devices=\"small-visibility,medium-visibility,large-visibility\"><div class=\"fusion-column-wrapper fusion-column-has-shadow fusion-flex-justify-content-flex-start fusion-content-layout-column\"><div class=\"fusion-text fusion-text-5\" style=\"--awb-font-size:var(--awb-custom_typography_2-font-size);--awb-line-height:var(--awb-custom_typography_2-line-height);--awb-letter-spacing:var(--awb-custom_typography_2-letter-spacing);--awb-text-transform:var(--awb-custom_typography_2-text-transform);--awb-text-color:var(--awb-color8);--awb-text-font-family:var(--awb-custom_typography_2-font-family);--awb-text-font-weight:var(--awb-custom_typography_2-font-weight);--awb-text-font-style:var(--awb-custom_typography_2-font-style);\"><p style=\"text-align: center;\">Anejos de la Gu\u00eda para la prevenci\u00f3n del suicidio<\/p>\n<\/div><iframe class=\"lazyload\" src=\"data:image\/svg+xml,%3Csvg%20xmlns%3D%27http%3A%2F%2Fwww.w3.org%2F2000%2Fsvg%27%20width%3D%27100%27%20height%3D%27400%27%20viewBox%3D%270%200%20100%20400%27%3E%3Crect%20width%3D%27100%27%20height%3D%27400%27%20fill-opacity%3D%220%22%2F%3E%3C%2Fsvg%3E\" data-orig-src=\"https:\/\/docs.google.com\/gview?url=https:\/\/prevencionsuicidio.salud.pr.gov\/wp-content\/uploads\/Anejos-Guia-para-la-prevencion-del-suicidio-en-Puerto-Rico.pdf&embedded=true\" width=\"100%\" height=\"400px\"><\/iframe><div style=\"text-align: center;padding-top: 20px;\">\n    <a href=\"https:\/\/prevencionsuicidio.salud.pr.gov\/wp-content\/uploads\/Anejos-Guia-para-la-prevencion-del-suicidio-en-Puerto-Rico.pdf\" download class=\"descargar-btn\">\n        Descargar Anejos\n    <\/a>\n<\/div>\n\n<style>\n.descargar-btn {\n    background-color: #b57edc; \/* Lila *\/\n    color: #fff;\n    padding: 10px 20px; \/* M\u00e1s peque\u00f1o *\/\n    border-radius: 6px;\n    text-decoration: none;\n    font-size: 14px;\n    font-weight: bold;\n    display: inline-block;\n    transition: background-color 0.3s ease;\n}\n\n.descargar-btn:hover {\n    background-color: #9c5cc9; \/* Lila m\u00e1s oscuro al pasar el mouse *\/\n}\n<\/style>\n\n<\/div><\/div><\/div><\/div><\/div><\/div><\/div><\/p>","protected":false},"excerpt":{"rendered":"","protected":false},"author":7,"featured_media":0,"parent":5838,"menu_order":0,"comment_status":"closed","ping_status":"closed","template":"","meta":{"footnotes":""},"class_list":["post-7859","page","type-page","status-publish","hentry"],"_links":{"self":[{"href":"https:\/\/prevencionsuicidio.salud.pr.gov\/en\/wp-json\/wp\/v2\/pages\/7859","targetHints":{"allow":["GET"]}}],"collection":[{"href":"https:\/\/prevencionsuicidio.salud.pr.gov\/en\/wp-json\/wp\/v2\/pages"}],"about":[{"href":"https:\/\/prevencionsuicidio.salud.pr.gov\/en\/wp-json\/wp\/v2\/types\/page"}],"author":[{"embeddable":true,"href":"https:\/\/prevencionsuicidio.salud.pr.gov\/en\/wp-json\/wp\/v2\/users\/7"}],"replies":[{"embeddable":true,"href":"https:\/\/prevencionsuicidio.salud.pr.gov\/en\/wp-json\/wp\/v2\/comments?post=7859"}],"version-history":[{"count":6,"href":"https:\/\/prevencionsuicidio.salud.pr.gov\/en\/wp-json\/wp\/v2\/pages\/7859\/revisions"}],"predecessor-version":[{"id":8040,"href":"https:\/\/prevencionsuicidio.salud.pr.gov\/en\/wp-json\/wp\/v2\/pages\/7859\/revisions\/8040"}],"up":[{"embeddable":true,"href":"https:\/\/prevencionsuicidio.salud.pr.gov\/en\/wp-json\/wp\/v2\/pages\/5838"}],"wp:attachment":[{"href":"https:\/\/prevencionsuicidio.salud.pr.gov\/en\/wp-json\/wp\/v2\/media?parent=7859"}],"curies":[{"name":"wp","href":"https:\/\/api.w.org\/{rel}","templated":true}]}}