{"id":7648,"date":"2025-11-13T13:31:52","date_gmt":"2025-11-13T13:31:52","guid":{"rendered":"https:\/\/prevencionsuicidio.salud.pr.gov\/?page_id=7648"},"modified":"2026-04-14T12:42:41","modified_gmt":"2026-04-14T12:42:41","slug":"pregunta-persuade-y-refiere-qpr","status":"publish","type":"page","link":"https:\/\/prevencionsuicidio.salud.pr.gov\/en\/educacion\/talleres\/pregunta-persuade-y-refiere-qpr\/","title":{"rendered":"Pregunta, persuade y refiere (QPR)"},"content":{"rendered":"<div class=\"fusion-fullwidth fullwidth-box fusion-builder-row-1 fusion-flex-container has-pattern-background has-mask-background nonhundred-percent-fullwidth non-hundred-percent-height-scrolling\" style=\"--awb-border-radius-top-left:0px;--awb-border-radius-top-right:0px;--awb-border-radius-bottom-right:0px;--awb-border-radius-bottom-left:0px;--awb-flex-wrap:wrap;\" ><div class=\"fusion-builder-row fusion-row fusion-flex-align-items-flex-start fusion-flex-content-wrap\" style=\"max-width:1216.8px;margin-left: calc(-4% \/ 2 );margin-right: calc(-4% \/ 2 );\"><div class=\"fusion-layout-column fusion_builder_column fusion-builder-column-0 fusion_builder_column_1_1 1_1 fusion-flex-column\" style=\"--awb-bg-size:cover;--awb-width-large:100%;--awb-margin-top-large:0px;--awb-spacing-right-large:1.92%;--awb-margin-bottom-large:20px;--awb-spacing-left-large:1.92%;--awb-width-medium:100%;--awb-order-medium:0;--awb-spacing-right-medium:1.92%;--awb-spacing-left-medium:1.92%;--awb-width-small:100%;--awb-order-small:0;--awb-spacing-right-small:1.92%;--awb-spacing-left-small:1.92%;\"><div class=\"fusion-column-wrapper fusion-column-has-shadow fusion-flex-justify-content-flex-start fusion-content-layout-column\"><div class=\"fusion-text fusion-text-1\"><p style=\"font-size: 16px; text-align: left;\" data-fusion-font=\"true\"><span style=\"color: #000000;\">Este adiestramiento le capacita para identificar se\u00f1ales de peligro relacionadas al suicidio, c\u00f3mo preguntar sobre el suicidio y c\u00f3mo referir a recursos profesionales. Al completar exitosamente el adiestramiento, recibir\u00e1 una certificaci\u00f3n con vigencia de un a\u00f1o.<\/span><\/p>\n<\/div>\n<div class=\"table-1\">\n<table style=\"height: 89px;\" width=\"1093\">\n<thead>\n<tr>\n<th align=\"left\"><span style=\"color: #000000;\"><strong>Fecha<\/strong><\/span><\/th>\n<th align=\"left\"><span style=\"color: #000000;\"><strong>Hora<\/strong><\/span><\/th>\n<th align=\"left\"><span style=\"color: #000000;\"><strong>Enlace inscripci\u00f3n<\/strong><\/span><\/th>\n<\/tr>\n<\/thead>\n<tbody>\n<tr>\n<td align=\"left\"><del><span style=\"color: #000000;\">Viernes, 21 de noviembre de 2025<\/span><\/del><\/td>\n<td align=\"left\"><del><span style=\"color: #000000;\">10:00 am &#8211; 12:00 pm<\/span><\/del><\/td>\n<td align=\"left\"><del><span style=\"color: #0000ff;\"><a style=\"color: #0000ff;\" href=\"https:\/\/forms.gle\/X6kqeRXCTa3Hx79R8\">[Inscr\u00edbete aqu\u00ed]<\/a><\/span><\/del><\/td>\n<\/tr>\n<tr>\n<td align=\"left\"><del><span style=\"color: #000000;\">Viernes, 19 de diciembre de 2025<\/span><\/del><\/td>\n<td align=\"left\"><del><span style=\"color: #000000;\">10:00 am &#8211; 12:00 pm<\/span><\/del><\/td>\n<td align=\"left\"><del><span style=\"color: #0000ff;\"><a style=\"color: #0000ff;\" href=\"https:\/\/forms.gle\/Mruetp9G2SmVPcpw5\">[Inscr\u00edbete aqu\u00ed]<\/a><\/span><\/del><\/td>\n<\/tr>\n<tr>\n<td align=\"left\"><del><span style=\"color: #000000;\">Jueves, 29 de enero de 2026<\/span><\/del><\/td>\n<td align=\"left\"><del><span style=\"color: #000000;\">10:00 am &#8211; 12:00 pm<\/span><\/del><\/td>\n<td align=\"left\"><del><span style=\"color: #0000ff;\"><a style=\"color: #0000ff;\" href=\"https:\/\/gcc02.safelinks.protection.outlook.com\/?url=https%3A%2F%2Fforms.gle%2Fhyqsdo9ss3m6LTsy7&amp;data=05%7C02%7Cvega.marangeli%40salud.pr.gov%7C5e121928da5f4140d0b508de38f1e059%7Ce906065af03e47ada4c46b139a08445c%7C0%7C0%7C639010808692672253%7CUnknown%7CTWFpbGZsb3d8eyJFbXB0eU1hcGkiOnRydWUsIlYiOiIwLjAuMDAwMCIsIlAiOiJXaW4zMiIsIkFOIjoiTWFpbCIsIldUIjoyfQ%3D%3D%7C0%7C%7C%7C&amp;sdata=5zN4YJWM4zii42Jlq768gFbXJ%2F6xpsBwCBnUdV%2F%2Fr8Q%3D&amp;reserved=0\">[Inscr\u00edbete aqu\u00ed]<\/a><\/span><\/del><\/td>\n<\/tr>\n<tr>\n<td align=\"left\"><del><span style=\"color: #000000;\">Jueves, 26 de febrero de 2026<\/span><\/del><\/td>\n<td align=\"left\"><del><span style=\"color: #000000;\">10:00 am &#8211; 12:00 pm<\/span><\/del><\/td>\n<td align=\"left\"><del><span style=\"color: #0000ff;\"><a style=\"color: #0000ff;\" href=\"https:\/\/gcc02.safelinks.protection.outlook.com\/?url=https%3A%2F%2Fforms.gle%2FcPcVu5EVuGmNPxC9A&amp;data=05%7C02%7Cvega.marangeli%40salud.pr.gov%7C5e121928da5f4140d0b508de38f1e059%7Ce906065af03e47ada4c46b139a08445c%7C0%7C0%7C639010808692696413%7CUnknown%7CTWFpbGZsb3d8eyJFbXB0eU1hcGkiOnRydWUsIlYiOiIwLjAuMDAwMCIsIlAiOiJXaW4zMiIsIkFOIjoiTWFpbCIsIldUIjoyfQ%3D%3D%7C0%7C%7C%7C&amp;sdata=lB5r79HWzSyEVpCeY7q5l3Xmy%2FKQL%2BYR%2FvExJfR8MbQ%3D&amp;reserved=0\">[Inscr\u00edbete aqu\u00ed]<\/a><\/span><\/del><\/td>\n<\/tr>\n<tr>\n<td align=\"left\"><del><span style=\"color: #000000;\">Jueves, 26 de marzo de 2026<\/span><\/del><\/td>\n<td align=\"left\"><del><span style=\"color: #000000;\">10:00 am &#8211; 12:00 pm<\/span><\/del><\/td>\n<td align=\"left\"><del><span style=\"color: #0000ff;\"><a style=\"color: #0000ff;\" href=\"https:\/\/gcc02.safelinks.protection.outlook.com\/?url=https%3A%2F%2Fforms.gle%2FvGLsvKq4mWV2grr27&amp;data=05%7C02%7Cvega.marangeli%40salud.pr.gov%7C5e121928da5f4140d0b508de38f1e059%7Ce906065af03e47ada4c46b139a08445c%7C0%7C0%7C639010808692714922%7CUnknown%7CTWFpbGZsb3d8eyJFbXB0eU1hcGkiOnRydWUsIlYiOiIwLjAuMDAwMCIsIlAiOiJXaW4zMiIsIkFOIjoiTWFpbCIsIldUIjoyfQ%3D%3D%7C0%7C%7C%7C&amp;sdata=xLRNnXfjnpV0VD3qTOJDUXBc0NpvKHyvt28uZ%2FxUlAo%3D&amp;reserved=0\">[Inscr\u00edbete aqu\u00ed]<\/a><\/span><\/del><\/td>\n<\/tr>\n<tr>\n<td align=\"left\"><span style=\"color: #000000;\">Jueves, 30 de abril de 2026<\/span><\/td>\n<td align=\"left\"><span style=\"color: #000000;\">10:00 am &#8211; 12:00 pm<\/span><\/td>\n<td align=\"left\"><span style=\"color: #0000ff;\"><a style=\"color: #0000ff;\" href=\"https:\/\/gcc02.safelinks.protection.outlook.com\/?url=https%3A%2F%2Fforms.gle%2FyZ6jHbiSHiEa1TWw9&amp;data=05%7C02%7Cvega.marangeli%40salud.pr.gov%7C5e121928da5f4140d0b508de38f1e059%7Ce906065af03e47ada4c46b139a08445c%7C0%7C0%7C639010808692731249%7CUnknown%7CTWFpbGZsb3d8eyJFbXB0eU1hcGkiOnRydWUsIlYiOiIwLjAuMDAwMCIsIlAiOiJXaW4zMiIsIkFOIjoiTWFpbCIsIldUIjoyfQ%3D%3D%7C0%7C%7C%7C&amp;sdata=1F8egIw1T%2F2yrh86wCaW7%2BMTxskaTQU715nN6Jc1iRg%3D&amp;reserved=0\">[Inscr\u00edbete aqu\u00ed]<\/a><\/span><\/td>\n<\/tr>\n<tr>\n<td align=\"left\"><span style=\"color: #000000;\">Jueves 28 de mayo de 2026<\/span><\/td>\n<td align=\"left\"><span style=\"color: #000000;\">10:00 am &#8211; 12:00 pm<\/span><\/td>\n<td align=\"left\"><span style=\"color: #0000ff;\"><a style=\"color: #0000ff;\" href=\"https:\/\/gcc02.safelinks.protection.outlook.com\/?url=https%3A%2F%2Fforms.gle%2FD7fUDZ5yhWSDpGsy7&amp;data=05%7C02%7Cvega.marangeli%40salud.pr.gov%7C5e121928da5f4140d0b508de38f1e059%7Ce906065af03e47ada4c46b139a08445c%7C0%7C0%7C639010808692747879%7CUnknown%7CTWFpbGZsb3d8eyJFbXB0eU1hcGkiOnRydWUsIlYiOiIwLjAuMDAwMCIsIlAiOiJXaW4zMiIsIkFOIjoiTWFpbCIsIldUIjoyfQ%3D%3D%7C0%7C%7C%7C&amp;sdata=YuDNvw4dEMk6AByXQ2%2Bez6NegeNFQJs4EE6hscRtcrA%3D&amp;reserved=0\">[Inscr\u00edbete aqu\u00ed]<\/a><\/span><\/td>\n<\/tr>\n<tr>\n<td align=\"left\"><span style=\"color: #000000;\">Jueves, 25 de junio de 2026<\/span><\/td>\n<td align=\"left\"><span style=\"color: #000000;\">10:00 am &#8211; 12:00 pm<\/span><\/td>\n<td align=\"left\"><span style=\"color: #0000ff;\"><a style=\"color: #0000ff;\" href=\"https:\/\/gcc02.safelinks.protection.outlook.com\/?url=https%3A%2F%2Fforms.gle%2FyPHQfwNh77KHvoJZ9&amp;data=05%7C02%7Cvega.marangeli%40salud.pr.gov%7C5e121928da5f4140d0b508de38f1e059%7Ce906065af03e47ada4c46b139a08445c%7C0%7C0%7C639010808692764186%7CUnknown%7CTWFpbGZsb3d8eyJFbXB0eU1hcGkiOnRydWUsIlYiOiIwLjAuMDAwMCIsIlAiOiJXaW4zMiIsIkFOIjoiTWFpbCIsIldUIjoyfQ%3D%3D%7C0%7C%7C%7C&amp;sdata=9n17fmL%2Bl4XiK%2F1IqlGS0OPNPpetQzs3ZwANwbjmPuY%3D&amp;reserved=0\">[Inscr\u00edbete aqu\u00ed]<\/a><\/span><\/td>\n<\/tr>\n<tr>\n<td align=\"left\"><span style=\"color: #000000;\">Jueves, 30 de julio de 2026<\/span><\/td>\n<td align=\"left\"><span style=\"color: #000000;\">10:00 am &#8211; 12:00 pm<\/span><\/td>\n<td align=\"left\"><span style=\"color: #0000ff;\"><a style=\"color: #0000ff;\" href=\"https:\/\/gcc02.safelinks.protection.outlook.com\/?url=https%3A%2F%2Fforms.gle%2FYkGyMu57K7VSyDYA7&amp;data=05%7C02%7Cvega.marangeli%40salud.pr.gov%7C5e121928da5f4140d0b508de38f1e059%7Ce906065af03e47ada4c46b139a08445c%7C0%7C0%7C639010808692780220%7CUnknown%7CTWFpbGZsb3d8eyJFbXB0eU1hcGkiOnRydWUsIlYiOiIwLjAuMDAwMCIsIlAiOiJXaW4zMiIsIkFOIjoiTWFpbCIsIldUIjoyfQ%3D%3D%7C0%7C%7C%7C&amp;sdata=t3qmhGezHgkwvgPFOf%2B3BQk%2BZTg34XyaDG09%2FS3pgXU%3D&amp;reserved=0\">[Inscr\u00edbete aqu\u00ed]<\/a><\/span><\/td>\n<\/tr>\n<tr>\n<td align=\"left\"><span style=\"color: #000000;\">Jueves, 27 de agosto de 2026<\/span><\/td>\n<td align=\"left\"><span style=\"color: #000000;\">10:00 am &#8211; 12:00 pm<\/span><\/td>\n<td align=\"left\"><span style=\"color: #0000ff;\"><a style=\"color: #0000ff;\" href=\"https:\/\/gcc02.safelinks.protection.outlook.com\/?url=https%3A%2F%2Fforms.gle%2F7UusnZRejimhoeso8&amp;data=05%7C02%7Cvega.marangeli%40salud.pr.gov%7C5e121928da5f4140d0b508de38f1e059%7Ce906065af03e47ada4c46b139a08445c%7C0%7C0%7C639010808692796155%7CUnknown%7CTWFpbGZsb3d8eyJFbXB0eU1hcGkiOnRydWUsIlYiOiIwLjAuMDAwMCIsIlAiOiJXaW4zMiIsIkFOIjoiTWFpbCIsIldUIjoyfQ%3D%3D%7C0%7C%7C%7C&amp;sdata=H0iCjTq8mKIV8XF7N7wGtd2OfrDaGJrU0q6r8svw03Q%3D&amp;reserved=0\">[Inscr\u00edbete aqu\u00ed]<\/a><\/span><\/td>\n<\/tr>\n<\/tbody>\n<\/table>\n<\/div>\n<div class=\"fusion-separator fusion-full-width-sep\" style=\"align-self: center;margin-left: auto;margin-right: auto;width:100%;\"><div class=\"fusion-separator-border sep-double\" style=\"--awb-height:20px;--awb-amount:20px;border-color:var(--awb-color2);border-top-width:1px;border-bottom-width:1px;\"><\/div><\/div><div class=\"fusion-text fusion-text-2\"><p style=\"text-align: center;\"><strong><span style=\"color: #000000;\">Para m\u00e1s informaci\u00f3n, escr\u00edbenos a:<\/span><span style=\"color: #0000ff;\"> <a style=\"color: #0000ff;\" href=\"mailto:prevencionsuicidio@salud.pr.gov\">prevencionsuicidio@salud.pr.gov<\/a><\/span><\/strong><\/p>\n<\/div><\/div><\/div><\/div><\/div>","protected":false},"excerpt":{"rendered":"","protected":false},"author":7,"featured_media":0,"parent":6331,"menu_order":0,"comment_status":"closed","ping_status":"closed","template":"","meta":{"footnotes":""},"class_list":["post-7648","page","type-page","status-publish","hentry"],"_links":{"self":[{"href":"https:\/\/prevencionsuicidio.salud.pr.gov\/en\/wp-json\/wp\/v2\/pages\/7648","targetHints":{"allow":["GET"]}}],"collection":[{"href":"https:\/\/prevencionsuicidio.salud.pr.gov\/en\/wp-json\/wp\/v2\/pages"}],"about":[{"href":"https:\/\/prevencionsuicidio.salud.pr.gov\/en\/wp-json\/wp\/v2\/types\/page"}],"author":[{"embeddable":true,"href":"https:\/\/prevencionsuicidio.salud.pr.gov\/en\/wp-json\/wp\/v2\/users\/7"}],"replies":[{"embeddable":true,"href":"https:\/\/prevencionsuicidio.salud.pr.gov\/en\/wp-json\/wp\/v2\/comments?post=7648"}],"version-history":[{"count":8,"href":"https:\/\/prevencionsuicidio.salud.pr.gov\/en\/wp-json\/wp\/v2\/pages\/7648\/revisions"}],"predecessor-version":[{"id":8090,"href":"https:\/\/prevencionsuicidio.salud.pr.gov\/en\/wp-json\/wp\/v2\/pages\/7648\/revisions\/8090"}],"up":[{"embeddable":true,"href":"https:\/\/prevencionsuicidio.salud.pr.gov\/en\/wp-json\/wp\/v2\/pages\/6331"}],"wp:attachment":[{"href":"https:\/\/prevencionsuicidio.salud.pr.gov\/en\/wp-json\/wp\/v2\/media?parent=7648"}],"curies":[{"name":"wp","href":"https:\/\/api.w.org\/{rel}","templated":true}]}}