{"id":7597,"date":"2025-11-03T17:49:36","date_gmt":"2025-11-03T17:49:36","guid":{"rendered":"https:\/\/prevencionsuicidio.salud.pr.gov\/?page_id=7597"},"modified":"2025-11-03T18:20:43","modified_gmt":"2025-11-03T18:20:43","slug":"protocolo-para-la-prevencion-del-suicidio","status":"publish","type":"page","link":"https:\/\/prevencionsuicidio.salud.pr.gov\/en\/educacion\/protocolo-para-la-prevencion-del-suicidio\/","title":{"rendered":"Protocolo Uniforme para la Prevenci\u00f3n del Suicidio"},"content":{"rendered":"<p><div class=\"fusion-fullwidth fullwidth-box fusion-builder-row-1 fusion-flex-container has-pattern-background has-mask-background nonhundred-percent-fullwidth non-hundred-percent-height-scrolling\" style=\"--awb-border-radius-top-left:0px;--awb-border-radius-top-right:0px;--awb-border-radius-bottom-right:0px;--awb-border-radius-bottom-left:0px;--awb-flex-wrap:wrap;\" ><div class=\"fusion-builder-row fusion-row fusion-flex-align-items-flex-start fusion-flex-content-wrap\" style=\"max-width:1216.8px;margin-left: calc(-4% \/ 2 );margin-right: calc(-4% \/ 2 );\"><div class=\"fusion-layout-column fusion_builder_column fusion-builder-column-0 fusion_builder_column_1_1 1_1 fusion-flex-column fusion-flex-align-self-flex-start\" style=\"--awb-padding-right:60px;--awb-padding-left:60px;--awb-bg-size:cover;--awb-width-large:100%;--awb-margin-top-large:0px;--awb-spacing-right-large:1.92%;--awb-margin-bottom-large:20px;--awb-spacing-left-large:1.92%;--awb-width-medium:100%;--awb-order-medium:0;--awb-spacing-right-medium:1.92%;--awb-spacing-left-medium:1.92%;--awb-width-small:100%;--awb-order-small:0;--awb-spacing-right-small:1.92%;--awb-spacing-left-small:1.92%;\" data-scroll-devices=\"small-visibility,medium-visibility,large-visibility\"><div class=\"fusion-column-wrapper fusion-column-has-shadow fusion-flex-justify-content-flex-start fusion-content-layout-column\"><div class=\"fusion-text fusion-text-1\" style=\"--awb-font-size:var(--awb-typography4-font-size);--awb-line-height:var(--awb-typography4-line-height);--awb-letter-spacing:var(--awb-typography4-letter-spacing);--awb-text-transform:var(--awb-typography4-text-transform);--awb-text-color:var(--awb-custom_color_1);--awb-text-font-family:var(--awb-typography4-font-family);--awb-text-font-weight:var(--awb-typography4-font-weight);--awb-text-font-style:var(--awb-typography4-font-style);\"><p style=\"font-size: 16px; text-align: left;\">El Protocolo Uniforme para la Prevenci\u00f3n del Suicidio es un requisito que deben cumplir todas las agencias gubernamentales, corporaciones p\u00fablicas, municipios y entidades que reciben fondos del Gobierno de Puerto Rico, conforme a la <a href=\"https:\/\/bvirtualogp.pr.gov\/ogp\/Bvirtual\/leyesreferencia\/PDF\/2\/0076-2010.pdf\"><strong>Ley N\u00fam. 76 de 2010<\/strong><\/a>. Para facilitar su cumplimiento, ofrecemos un taller donde se orienta sobre los pasos para desarrollar, completar y enviar el Formulario de Protocolo de Prevenci\u00f3n del Suicidio. Este proceso incluye asesor\u00eda t\u00e9cnica personalizada para garantizar que cada agencia implemente de forma efectiva el protocolo, comunique adecuadamente su aplicaci\u00f3n entre sus empleados y lleve a cabo las actividades descritas para la prevenci\u00f3n. Nuestro equipo ofrece apoyo constante para que las organizaciones puedan cumplir con los requisitos legales y fortalecer la prevenci\u00f3n del suicidio en sus comunidades.<\/p>\n<\/div><div class=\"fusion-builder-row fusion-builder-row-inner fusion-row fusion-flex-align-items-flex-start fusion-flex-content-wrap\" style=\"width:104% !important;max-width:104% !important;margin-left: calc(-4% \/ 2 );margin-right: calc(-4% \/ 2 );\"><div class=\"fusion-layout-column fusion_builder_column_inner fusion-builder-nested-column-0 fusion_builder_column_inner_1_3 1_3 fusion-flex-column\" style=\"--awb-bg-size:cover;--awb-width-large:33.333333333333%;--awb-margin-top-large:0px;--awb-spacing-right-large:5.76%;--awb-margin-bottom-large:20px;--awb-spacing-left-large:5.76%;--awb-width-medium:100%;--awb-order-medium:0;--awb-spacing-right-medium:1.92%;--awb-spacing-left-medium:1.92%;--awb-width-small:100%;--awb-order-small:0;--awb-spacing-right-small:1.92%;--awb-spacing-left-small:1.92%;\"><div class=\"fusion-column-wrapper fusion-column-has-shadow fusion-flex-justify-content-flex-start fusion-content-layout-column\"><\/div><\/div><div class=\"fusion-layout-column fusion_builder_column_inner fusion-builder-nested-column-1 fusion_builder_column_inner_1_3 1_3 fusion-flex-column\" style=\"--awb-bg-size:cover;--awb-width-large:33.333333333333%;--awb-margin-top-large:0px;--awb-spacing-right-large:5.76%;--awb-margin-bottom-large:20px;--awb-spacing-left-large:5.76%;--awb-width-medium:100%;--awb-order-medium:0;--awb-spacing-right-medium:1.92%;--awb-spacing-left-medium:1.92%;--awb-width-small:100%;--awb-order-small:0;--awb-spacing-right-small:1.92%;--awb-spacing-left-small:1.92%;\"><div class=\"fusion-column-wrapper fusion-column-has-shadow fusion-flex-justify-content-flex-start fusion-content-layout-column\"><\/div><\/div><div class=\"fusion-layout-column fusion_builder_column_inner fusion-builder-nested-column-2 fusion_builder_column_inner_1_3 1_3 fusion-flex-column\" style=\"--awb-bg-size:cover;--awb-width-large:33.333333333333%;--awb-margin-top-large:0px;--awb-spacing-right-large:5.76%;--awb-margin-bottom-large:20px;--awb-spacing-left-large:5.76%;--awb-width-medium:100%;--awb-order-medium:0;--awb-spacing-right-medium:1.92%;--awb-spacing-left-medium:1.92%;--awb-width-small:100%;--awb-order-small:0;--awb-spacing-right-small:1.92%;--awb-spacing-left-small:1.92%;\"><div class=\"fusion-column-wrapper fusion-column-has-shadow fusion-flex-justify-content-flex-start fusion-content-layout-column\"><div style=\"text-align: center; margin-bottom: 15px\">\n    <a href=\"https:\/\/prevencionsuicidio.salud.pr.gov\/wp-content\/uploads\/ley76.pdf\" download class=\"descargar-btn\">\n        Descargar Ley 76 de 2010\n    <\/a>\n<\/div>\n\n<style>\n.descargar-btn {\n    background-color: #b57edc; \/* Lila *\/\n    color: #fff;\n    padding: 10px 20px; \/* M\u00e1s peque\u00f1o *\/\n    border-radius: 6px;\n    text-decoration: none;\n    font-size: 14px;\n    font-weight: bold;\n    display: inline-block;\n    transition: background-color 0.3s ease;\n}\n\n.descargar-btn:hover {\n    background-color: #9c5cc9; \/* Lila m\u00e1s oscuro al pasar el mouse *\/\n}\n<\/style>\n\n<\/div><\/div><\/div><\/div><\/div><\/div><\/div><div class=\"fusion-fullwidth fullwidth-box fusion-builder-row-2 fusion-flex-container has-pattern-background has-mask-background nonhundred-percent-fullwidth non-hundred-percent-height-scrolling\" style=\"--awb-border-radius-top-left:0px;--awb-border-radius-top-right:0px;--awb-border-radius-bottom-right:0px;--awb-border-radius-bottom-left:0px;--awb-flex-wrap:wrap;\" ><div class=\"fusion-builder-row fusion-row fusion-flex-align-items-flex-start fusion-flex-content-wrap\" style=\"max-width:1216.8px;margin-left: calc(-4% \/ 2 );margin-right: calc(-4% \/ 2 );\"><div class=\"fusion-layout-column fusion_builder_column fusion-builder-column-1 fusion_builder_column_1_1 1_1 fusion-flex-column\" style=\"--awb-bg-size:cover;--awb-width-large:100%;--awb-margin-top-large:0px;--awb-spacing-right-large:1.92%;--awb-margin-bottom-large:20px;--awb-spacing-left-large:1.92%;--awb-width-medium:100%;--awb-order-medium:0;--awb-spacing-right-medium:1.92%;--awb-spacing-left-medium:1.92%;--awb-width-small:100%;--awb-order-small:0;--awb-spacing-right-small:1.92%;--awb-spacing-left-small:1.92%;\"><div class=\"fusion-column-wrapper fusion-column-has-shadow fusion-flex-justify-content-flex-start fusion-content-layout-column\"><div class=\"fusion-text fusion-text-2\" style=\"--awb-font-size:25px;--awb-line-height:var(--awb-typography2-line-height);--awb-letter-spacing:var(--awb-typography2-letter-spacing);--awb-text-color:var(--awb-color8);--awb-margin-top:-20px;--awb-text-font-family:var(--awb-typography2-font-family);--awb-text-font-weight:var(--awb-typography2-font-weight);--awb-text-font-style:var(--awb-typography2-font-style);\"><h3 style=\"text-align: center;\"><strong>Gu\u00eda y Formularios<\/strong><\/h3>\n<\/div><\/div><\/div><div class=\"fusion-layout-column fusion_builder_column fusion-builder-column-2 fusion_builder_column_1_3 1_3 fusion-flex-column\" style=\"--awb-bg-size:cover;--awb-width-large:33.333333333333%;--awb-margin-top-large:0px;--awb-spacing-right-large:5.76%;--awb-margin-bottom-large:20px;--awb-spacing-left-large:5.76%;--awb-width-medium:100%;--awb-order-medium:0;--awb-spacing-right-medium:1.92%;--awb-spacing-left-medium:1.92%;--awb-width-small:100%;--awb-order-small:0;--awb-spacing-right-small:1.92%;--awb-spacing-left-small:1.92%;\"><div class=\"fusion-column-wrapper fusion-column-has-shadow fusion-flex-justify-content-flex-start fusion-content-layout-column\"><iframe class=\"lazyload\" src=\"data:image\/svg+xml,%3Csvg%20xmlns%3D%27http%3A%2F%2Fwww.w3.org%2F2000%2Fsvg%27%20width%3D%27100%27%20height%3D%27400%27%20viewBox%3D%270%200%20100%20400%27%3E%3Crect%20width%3D%27100%27%20height%3D%27400%27%20fill-opacity%3D%220%22%2F%3E%3C%2Fsvg%3E\" data-orig-src=\"https:\/\/docs.google.com\/gview?url=https:\/\/prevencionsuicidio.salud.pr.gov\/wp-content\/uploads\/Guia-para-el-Desarrollo-de-un-Protocolo-Uniforme-para-la-Prevencion-del-Suicidio.pdf&embedded=true\" width=\"100%\" height=\"400px\"><\/iframe><div class=\"fusion-text fusion-text-3\" style=\"--awb-content-alignment:center;\"><h5>Gu\u00eda para el Desarrollo de un Protocolo Uniforme para la Prevenci\u00f3n del Suicidio<\/h5>\n<\/div><div style=\"text-align: center;margin-bottom: 15px;\">\n    <a href=\"https:\/\/prevencionsuicidio.salud.pr.gov\/wp-content\/uploads\/Guia-para-el-Desarrollo-de-un-Protocolo-Uniforme-para-la-Prevencion-del-Suicidio.pdf\" download class=\"descargar-btn\">\n        Descargar\n    <\/a>\n<\/div>\n\n<style>\n.descargar-btn {\n    background-color: #b57edc; \/* Lila *\/\n    color: #fff;\n    padding: 10px 20px; \/* M\u00e1s peque\u00f1o *\/\n    border-radius: 6px;\n    text-decoration: none;\n    font-size: 14px;\n    font-weight: bold;\n    display: inline-block;\n    transition: background-color 0.3s ease;\n}\n\n.descargar-btn:hover {\n    background-color: #9c5cc9; \/* Lila m\u00e1s oscuro al pasar el mouse *\/\n}\n<\/style>\n\n<\/div><\/div><div class=\"fusion-layout-column fusion_builder_column fusion-builder-column-3 fusion_builder_column_1_3 1_3 fusion-flex-column\" style=\"--awb-bg-size:cover;--awb-width-large:33.333333333333%;--awb-margin-top-large:0px;--awb-spacing-right-large:5.76%;--awb-margin-bottom-large:20px;--awb-spacing-left-large:5.76%;--awb-width-medium:100%;--awb-order-medium:0;--awb-spacing-right-medium:1.92%;--awb-spacing-left-medium:1.92%;--awb-width-small:100%;--awb-order-small:0;--awb-spacing-right-small:1.92%;--awb-spacing-left-small:1.92%;\"><div class=\"fusion-column-wrapper fusion-column-has-shadow fusion-flex-justify-content-flex-start fusion-content-layout-column\"><iframe class=\"lazyload\" src=\"data:image\/svg+xml,%3Csvg%20xmlns%3D%27http%3A%2F%2Fwww.w3.org%2F2000%2Fsvg%27%20width%3D%27100%27%20height%3D%27400%27%20viewBox%3D%270%200%20100%20400%27%3E%3Crect%20width%3D%27100%27%20height%3D%27400%27%20fill-opacity%3D%220%22%2F%3E%3C%2Fsvg%3E\" data-orig-src=\"https:\/\/docs.google.com\/gview?url=https:\/\/prevencionsuicidio.salud.pr.gov\/wp-content\/uploads\/Formulario-03-INFORME-SEMESTRAL-DE-LABORES-REALIZADAS.docx&embedded=true\" width=\"100%\" height=\"400px\"><\/iframe><div class=\"fusion-text fusion-text-4\" style=\"--awb-content-alignment:center;\"><h5>Formulario 03- Informe Semestral de Labores Realizadas<\/h5>\n<\/div><div style=\"text-align: center;margin-bottom: 15px;\">\n    <a href=\"https:\/\/prevencionsuicidio.salud.pr.gov\/wp-content\/uploads\/Formulario-03-INFORME-SEMESTRAL-DE-LABORES-REALIZADAS.docx\" download class=\"descargar-btn\">\n        Descargar\n    <\/a>\n<\/div>\n\n<style>\n.descargar-btn {\n    background-color: #b57edc; \/* Lila *\/\n    color: #fff;\n    padding: 10px 20px; \/* M\u00e1s peque\u00f1o *\/\n    border-radius: 6px;\n    text-decoration: none;\n    font-size: 14px;\n    font-weight: bold;\n    display: inline-block;\n    transition: background-color 0.3s ease;\n}\n\n.descargar-btn:hover {\n    background-color: #9c5cc9; \/* Lila m\u00e1s oscuro al pasar el mouse *\/\n}\n<\/style>\n\n<\/div><\/div><div class=\"fusion-layout-column fusion_builder_column fusion-builder-column-4 fusion_builder_column_1_3 1_3 fusion-flex-column\" style=\"--awb-bg-size:cover;--awb-width-large:33.333333333333%;--awb-margin-top-large:0px;--awb-spacing-right-large:5.76%;--awb-margin-bottom-large:20px;--awb-spacing-left-large:5.76%;--awb-width-medium:100%;--awb-order-medium:0;--awb-spacing-right-medium:1.92%;--awb-spacing-left-medium:1.92%;--awb-width-small:100%;--awb-order-small:0;--awb-spacing-right-small:1.92%;--awb-spacing-left-small:1.92%;\"><div class=\"fusion-column-wrapper fusion-column-has-shadow fusion-flex-justify-content-flex-start fusion-content-layout-column\"><iframe class=\"lazyload\" src=\"data:image\/svg+xml,%3Csvg%20xmlns%3D%27http%3A%2F%2Fwww.w3.org%2F2000%2Fsvg%27%20width%3D%27100%27%20height%3D%27400%27%20viewBox%3D%270%200%20100%20400%27%3E%3Crect%20width%3D%27100%27%20height%3D%27400%27%20fill-opacity%3D%220%22%2F%3E%3C%2Fsvg%3E\" data-orig-src=\"https:\/\/docs.google.com\/gview?url=https:\/\/prevencionsuicidio.salud.pr.gov\/wp-content\/uploads\/Formulario-Protocolo-Uniforme-Prevencion-de-Suicidio-2025.docx&embedded=true\" width=\"100%\" height=\"400px\"><\/iframe><div class=\"fusion-text fusion-text-5\" style=\"--awb-content-alignment:center;\"><h5>Formulario Protocolo Uniforme Prevenci\u00f3n de Suicidio 2025<\/h5>\n<\/div><div style=\"text-align: center;margin-bottom: 15px;\">\n    <a href=\"https:\/\/prevencionsuicidio.salud.pr.gov\/wp-content\/uploads\/Formulario-Protocolo-Uniforme-Prevencion-de-Suicidio-2025.docx\" download class=\"descargar-btn\">\n        Descargar\n    <\/a>\n<\/div>\n\n<style>\n.descargar-btn {\n    background-color: #b57edc; \/* Lila *\/\n    color: #fff;\n    padding: 10px 20px; \/* M\u00e1s peque\u00f1o *\/\n    border-radius: 6px;\n    text-decoration: none;\n    font-size: 14px;\n    font-weight: bold;\n    display: inline-block;\n    transition: background-color 0.3s ease;\n}\n\n.descargar-btn:hover {\n    background-color: #9c5cc9; \/* Lila m\u00e1s oscuro al pasar el mouse *\/\n}\n<\/style>\n\n<\/div><\/div><\/div><\/div><div class=\"fusion-fullwidth fullwidth-box fusion-builder-row-3 fusion-flex-container has-pattern-background has-mask-background nonhundred-percent-fullwidth non-hundred-percent-height-scrolling\" style=\"--awb-border-radius-top-left:0px;--awb-border-radius-top-right:0px;--awb-border-radius-bottom-right:0px;--awb-border-radius-bottom-left:0px;--awb-flex-wrap:wrap;\" ><div class=\"fusion-builder-row fusion-row fusion-flex-align-items-flex-start fusion-flex-content-wrap\" style=\"max-width:1216.8px;margin-left: calc(-4% \/ 2 );margin-right: calc(-4% \/ 2 );\"><div class=\"fusion-layout-column fusion_builder_column fusion-builder-column-5 fusion_builder_column_1_1 1_1 fusion-flex-column\" style=\"--awb-bg-size:cover;--awb-width-large:100%;--awb-margin-top-large:0px;--awb-spacing-right-large:1.92%;--awb-margin-bottom-large:20px;--awb-spacing-left-large:1.92%;--awb-width-medium:100%;--awb-order-medium:0;--awb-spacing-right-medium:1.92%;--awb-spacing-left-medium:1.92%;--awb-width-small:100%;--awb-order-small:0;--awb-spacing-right-small:1.92%;--awb-spacing-left-small:1.92%;\"><div class=\"fusion-column-wrapper fusion-column-has-shadow fusion-flex-justify-content-flex-start fusion-content-layout-column\"><div class=\"fusion-image-element\" style=\"text-align:center;--awb-aspect-ratio: 100 \/ 230;--awb-object-position:12% 37%;--awb-margin-bottom:50px;--awb-caption-title-font-family:var(--h2_typography-font-family);--awb-caption-title-font-weight:var(--h2_typography-font-weight);--awb-caption-title-font-style:var(--h2_typography-font-style);--awb-caption-title-size:var(--h2_typography-font-size);--awb-caption-title-transform:var(--h2_typography-text-transform);--awb-caption-title-line-height:var(--h2_typography-line-height);--awb-caption-title-letter-spacing:var(--h2_typography-letter-spacing);\"><span class=\"fusion-imageframe imageframe-none imageframe-1 hover-type-none has-aspect-ratio\"><img decoding=\"async\" width=\"132\" height=\"300\" title=\"Hoja Informativa &#8211; Cumplimiento Ley Protocolo Prevenci\u00f3n Suicidio 2025-fotor-20251103135351\" src=\"https:\/\/prevencionsuicidio.salud.pr.gov\/wp-content\/uploads\/Hoja-Informativa-Cumplimiento-Ley-Protocolo-Prevencion-Suicidio-2025-fotor-20251103135351-scaled.png\" data-orig-src=\"https:\/\/prevencionsuicidio.salud.pr.gov\/wp-content\/uploads\/Hoja-Informativa-Cumplimiento-Ley-Protocolo-Prevencion-Suicidio-2025-fotor-20251103135351-132x300.png\" class=\"lazyload img-responsive wp-image-7634 img-with-aspect-ratio\" alt srcset=\"data:image\/svg+xml,%3Csvg%20xmlns%3D%27http%3A%2F%2Fwww.w3.org%2F2000%2Fsvg%27%20width%3D%271129%27%20height%3D%272560%27%20viewBox%3D%270%200%201129%202560%27%3E%3Crect%20width%3D%271129%27%20height%3D%272560%27%20fill-opacity%3D%220%22%2F%3E%3C%2Fsvg%3E\" data-srcset=\"https:\/\/prevencionsuicidio.salud.pr.gov\/wp-content\/uploads\/Hoja-Informativa-Cumplimiento-Ley-Protocolo-Prevencion-Suicidio-2025-fotor-20251103135351-200x454.png 200w, https:\/\/prevencionsuicidio.salud.pr.gov\/wp-content\/uploads\/Hoja-Informativa-Cumplimiento-Ley-Protocolo-Prevencion-Suicidio-2025-fotor-20251103135351-400x907.png 400w, https:\/\/prevencionsuicidio.salud.pr.gov\/wp-content\/uploads\/Hoja-Informativa-Cumplimiento-Ley-Protocolo-Prevencion-Suicidio-2025-fotor-20251103135351-600x1361.png 600w, https:\/\/prevencionsuicidio.salud.pr.gov\/wp-content\/uploads\/Hoja-Informativa-Cumplimiento-Ley-Protocolo-Prevencion-Suicidio-2025-fotor-20251103135351-800x1814.png 800w, https:\/\/prevencionsuicidio.salud.pr.gov\/wp-content\/uploads\/Hoja-Informativa-Cumplimiento-Ley-Protocolo-Prevencion-Suicidio-2025-fotor-20251103135351-scaled.png 1129w, https:\/\/prevencionsuicidio.salud.pr.gov\/wp-content\/uploads\/Hoja-Informativa-Cumplimiento-Ley-Protocolo-Prevencion-Suicidio-2025-fotor-20251103135351-1200x2721.png 1200w\" data-sizes=\"auto\" data-orig-sizes=\"(max-width: 1024px) 100vw, (max-width: 640px) 100vw, 1200px\" \/><\/span><\/div><\/div><\/div><\/div><\/div><\/p>","protected":false},"excerpt":{"rendered":"","protected":false},"author":7,"featured_media":0,"parent":5693,"menu_order":0,"comment_status":"closed","ping_status":"closed","template":"","meta":{"footnotes":""},"class_list":["post-7597","page","type-page","status-publish","hentry"],"_links":{"self":[{"href":"https:\/\/prevencionsuicidio.salud.pr.gov\/en\/wp-json\/wp\/v2\/pages\/7597","targetHints":{"allow":["GET"]}}],"collection":[{"href":"https:\/\/prevencionsuicidio.salud.pr.gov\/en\/wp-json\/wp\/v2\/pages"}],"about":[{"href":"https:\/\/prevencionsuicidio.salud.pr.gov\/en\/wp-json\/wp\/v2\/types\/page"}],"author":[{"embeddable":true,"href":"https:\/\/prevencionsuicidio.salud.pr.gov\/en\/wp-json\/wp\/v2\/users\/7"}],"replies":[{"embeddable":true,"href":"https:\/\/prevencionsuicidio.salud.pr.gov\/en\/wp-json\/wp\/v2\/comments?post=7597"}],"version-history":[{"count":31,"href":"https:\/\/prevencionsuicidio.salud.pr.gov\/en\/wp-json\/wp\/v2\/pages\/7597\/revisions"}],"predecessor-version":[{"id":7636,"href":"https:\/\/prevencionsuicidio.salud.pr.gov\/en\/wp-json\/wp\/v2\/pages\/7597\/revisions\/7636"}],"up":[{"embeddable":true,"href":"https:\/\/prevencionsuicidio.salud.pr.gov\/en\/wp-json\/wp\/v2\/pages\/5693"}],"wp:attachment":[{"href":"https:\/\/prevencionsuicidio.salud.pr.gov\/en\/wp-json\/wp\/v2\/media?parent=7597"}],"curies":[{"name":"wp","href":"https:\/\/api.w.org\/{rel}","templated":true}]}}