{"id":7579,"date":"2025-10-16T17:49:42","date_gmt":"2025-10-16T17:49:42","guid":{"rendered":"https:\/\/prevencionsuicidio.salud.pr.gov\/?page_id=7579"},"modified":"2025-10-16T17:49:42","modified_gmt":"2025-10-16T17:49:42","slug":"reportajes-revista-es-mental","status":"publish","type":"page","link":"https:\/\/prevencionsuicidio.salud.pr.gov\/en\/comunicaciones\/reportajes-revista-es-mental\/","title":{"rendered":"Reportajes Revista Es Mental"},"content":{"rendered":"<div class=\"fusion-fullwidth fullwidth-box fusion-builder-row-1 fusion-flex-container has-pattern-background has-mask-background nonhundred-percent-fullwidth non-hundred-percent-height-scrolling\" style=\"--awb-border-radius-top-left:0px;--awb-border-radius-top-right:0px;--awb-border-radius-bottom-right:0px;--awb-border-radius-bottom-left:0px;--awb-flex-wrap:wrap;\" ><div class=\"fusion-builder-row fusion-row fusion-flex-align-items-flex-start fusion-flex-content-wrap\" style=\"max-width:1216.8px;margin-left: calc(-4% \/ 2 );margin-right: calc(-4% \/ 2 );\"><div class=\"fusion-layout-column fusion_builder_column fusion-builder-column-0 fusion_builder_column_1_1 1_1 fusion-flex-column\" style=\"--awb-bg-size:cover;--awb-width-large:100%;--awb-margin-top-large:0px;--awb-spacing-right-large:1.92%;--awb-margin-bottom-large:20px;--awb-spacing-left-large:1.92%;--awb-width-medium:100%;--awb-order-medium:0;--awb-spacing-right-medium:1.92%;--awb-spacing-left-medium:1.92%;--awb-width-small:100%;--awb-order-small:0;--awb-spacing-right-small:1.92%;--awb-spacing-left-small:1.92%;\"><div class=\"fusion-column-wrapper fusion-column-has-shadow fusion-flex-justify-content-flex-start fusion-content-layout-column\"><div class=\"fusion-text fusion-text-1\" style=\"--awb-font-size:var(--awb-custom_typography_2-font-size);--awb-line-height:var(--awb-custom_typography_2-line-height);--awb-letter-spacing:var(--awb-custom_typography_2-letter-spacing);--awb-text-transform:var(--awb-custom_typography_2-text-transform);--awb-text-color:var(--awb-color8);--awb-margin-top:50px;--awb-text-font-family:var(--awb-custom_typography_2-font-family);--awb-text-font-weight:var(--awb-custom_typography_2-font-weight);--awb-text-font-style:var(--awb-custom_typography_2-font-style);\"><p style=\"text-align: left;\"><span data-visily-text-styles=\"{'visilyTextStyles':{'textStyles':&#091;{'italic':false,'underline':false,'linethrough':false,'color':{'type':'CUSTOM','customColor':'#545c6b'},'fontWeight':'700','fontFamily':'Montserrat','fontSize':30,'lineHeight':46,'textScale':'custom'},{'italic':false,'underline':false,'linethrough':false,'color':{'type':'CUSTOM','customColor':'#545c6b'},'fontWeight':'700','fontFamily':'Montserrat','fontSize':30,'lineHeight':46,'textScale':'custom'},{'italic':false,'underline':false,'linethrough':false,'color':{'type':'CUSTOM','customColor':'#545c6b'},'fontWeight':'700','fontFamily':'Montserrat','fontSize':30,'lineHeight':46,'textScale':'custom'},{'italic':false,'underline':false,'linethrough':false,'color':{'type':'CUSTOM','customColor':'#545c6b'},'fontWeight':'700','fontFamily':'Montserrat','fontSize':30,'lineHeight':46,'textScale':'custom'},{'italic':false,'underline':false,'linethrough':false,'color':{'type':'CUSTOM','customColor':'#545c6b'},'fontWeight':'700','fontFamily':'Montserrat','fontSize':30,'lineHeight':46,'textScale':'custom'},{'italic':false,'underline':false,'linethrough':false,'color':{'type':'CUSTOM','customColor':'#545c6b'},'fontWeight':'700','fontFamily':'Montserrat','fontSize':30,'lineHeight':46,'textScale':'custom'},{'italic':false,'underline':false,'linethrough':false,'color':{'type':'CUSTOM','customColor':'#545c6b'},'fontWeight':'700','fontFamily':'Montserrat','fontSize':30,'lineHeight':46,'textScale':'custom'},{'italic':false,'underline':false,'linethrough':false,'color':{'type':'CUSTOM','customColor':'#545c6b'},'fontWeight':'700','fontFamily':'Montserrat','fontSize':30,'lineHeight':46,'textScale':'custom'},{'italic':false,'underline':false,'linethrough':false,'color':{'type':'CUSTOM','customColor':'#545c6b'},'fontWeight':'700','fontFamily':'Montserrat','fontSize':30,'lineHeight':46,'textScale':'custom'},{'italic':false,'underline':false,'linethrough':false,'color':{'type':'CUSTOM','customColor':'#545c6b'},'fontWeight':'700','fontFamily':'Montserrat','fontSize':30,'lineHeight':46,'textScale':'custom'},{'italic':false,'underline':false,'linethrough':false,'color':{'type':'CUSTOM','customColor':'#545c6b'},'fontWeight':'700','fontFamily':'Montserrat','fontSize':30,'lineHeight':46,'textScale':'custom'},{'italic':false,'underline':false,'linethrough':false,'color':{'type':'CUSTOM','customColor':'#545c6b'},'fontWeight':'700','fontFamily':'Montserrat','fontSize':30,'lineHeight':46,'textScale':'custom'},{'italic':false,'underline':false,'linethrough':false,'color':{'type':'CUSTOM','customColor':'#545c6b'},'fontWeight':'700','fontFamily':'Montserrat','fontSize':30,'lineHeight':46,'textScale':'custom'},{'italic':false,'underline':false,'linethrough':false,'color':{'type':'CUSTOM','customColor':'#545c6b'},'fontWeight':'700','fontFamily':'Montserrat','fontSize':30,'lineHeight':46,'textScale':'custom'},{'italic':false,'underline':false,'linethrough':false,'color':{'type':'CUSTOM','customColor':'#545c6b'},'fontWeight':'700','fontFamily':'Montserrat','fontSize':30,'lineHeight':46,'textScale':'custom'},{'italic':false,'underline':false,'linethrough':false,'color':{'type':'CUSTOM','customColor':'#545c6b'},'fontWeight':'700','fontFamily':'Montserrat','fontSize':30,'lineHeight':46,'textScale':'custom'},{'italic':false,'underline':false,'linethrough':false,'color':{'type':'CUSTOM','customColor':'#545c6b'},'fontWeight':'700','fontFamily':'Montserrat','fontSize':30,'lineHeight':46,'textScale':'custom'}&#093;}}\">Es Mental Magazine<\/span><\/p>\n<\/div><div class=\"accordian fusion-accordian\" style=\"--awb-border-size:1px;--awb-icon-size:16px;--awb-content-font-size:16px;--awb-icon-alignment:left;--awb-hover-color:var(--awb-color2);--awb-border-color:var(--awb-color3);--awb-background-color:var(--awb-color1);--awb-divider-color:var(--awb-color2);--awb-divider-hover-color:var(--awb-color2);--awb-icon-color:var(--awb-color4);--awb-title-color:hsla(var(--awb-custom_color_1-h),var(--awb-custom_color_1-s),calc(var(--awb-custom_color_1-l) + 20%),var(--awb-custom_color_1-a));--awb-content-color:var(--awb-custom_color_1);--awb-icon-box-color:var(--awb-color6);--awb-toggle-hover-accent-color:var(--awb-color4);--awb-title-font-family:&quot;Montserrat&quot;;--awb-title-font-weight:400;--awb-title-font-style:normal;--awb-title-font-size:25px;--awb-title-letter-spacing:var(--awb-typography2-letter-spacing);--awb-title-line-height:var(--awb-typography2-line-height);--awb-content-font-family:var(--awb-typography4-font-family);--awb-content-font-weight:var(--awb-typography4-font-weight);--awb-content-font-style:var(--awb-typography4-font-style);\"><div class=\"panel-group fusion-toggle-icon-unboxed\" id=\"accordion-7579-1\"><div class=\"fusion-panel panel-default panel-a8507a32083db4b84 fusion-toggle-has-divider\" style=\"--awb-title-color:hsla(var(--awb-color8-h),var(--awb-color8-s),calc( var(--awb-color8-l) + 20% ),var(--awb-color8-a));\"><div class=\"panel-heading\"><h4 class=\"panel-title toggle\" id=\"toggle_a8507a32083db4b84\"><a aria-expanded=\"false\" aria-controls=\"a8507a32083db4b84\" role=\"button\" data-toggle=\"collapse\" data-parent=\"#accordion-7579-1\" data-target=\"#a8507a32083db4b84\" href=\"#a8507a32083db4b84\"><span class=\"fusion-toggle-icon-wrapper\" aria-hidden=\"true\"><i class=\"fa-fusion-box active-icon awb-icon-minus\" aria-hidden=\"true\"><\/i><i class=\"fa-fusion-box inactive-icon awb-icon-plus\" aria-hidden=\"true\"><\/i><\/span><span class=\"fusion-toggle-heading\">Creaci\u00f3n de la Revista es Mental<\/span><\/a><\/h4><\/div><div id=\"a8507a32083db4b84\" class=\"panel-collapse collapse\" aria-labelledby=\"toggle_a8507a32083db4b84\"><div class=\"panel-body toggle-content fusion-clearfix\">\n<p>In collaboration with the Puerto Rican digital magazine dedicated exclusively to mental health issues entitled \"Es Mental,\" the Commission for Suicide Prevention has served as a resource to offer data, analysis and recommendations on suicide in Puerto Rico. We hereby share some of the interventions in articles and Facebook Lives published from the Commission's resources for the Revista Es Mental.<\/p>\n<\/div><\/div><\/div><div class=\"fusion-panel panel-default panel-b942e61aa69bbba9b fusion-toggle-has-divider\" style=\"--awb-title-color:hsla(var(--awb-color8-h),var(--awb-color8-s),calc( var(--awb-color8-l) + 20% ),var(--awb-color8-a));\"><div class=\"panel-heading\"><h4 class=\"panel-title toggle\" id=\"toggle_b942e61aa69bbba9b\"><a aria-expanded=\"false\" aria-controls=\"b942e61aa69bbba9b\" role=\"button\" data-toggle=\"collapse\" data-parent=\"#accordion-7579-1\" data-target=\"#b942e61aa69bbba9b\" href=\"#b942e61aa69bbba9b\"><span class=\"fusion-toggle-icon-wrapper\" aria-hidden=\"true\"><i class=\"fa-fusion-box active-icon awb-icon-minus\" aria-hidden=\"true\"><\/i><i class=\"fa-fusion-box inactive-icon awb-icon-plus\" aria-hidden=\"true\"><\/i><\/span><span class=\"fusion-toggle-heading\">Recommendations and Facts about Suicide in Puerto Rico<\/span><\/a><\/h4><\/div><div id=\"b942e61aa69bbba9b\" class=\"panel-collapse collapse\" aria-labelledby=\"toggle_b942e61aa69bbba9b\"><div class=\"panel-body toggle-content fusion-clearfix\">\n<ul>\n<li><a href=\"https:\/\/www.facebook.com\/esmentalmag\/videos\/en-el-mes-de-prevenci%C3%B3n-del-suicidio-la-directora-de-la-comisi%C3%B3n-para-la-prevenc\/244168744759275\/\"><span data-visily-text-styles=\"{\">Suicide Prevention Month \u2013 2023<\/span><\/a><\/li>\n<li><a href=\"https:\/\/www.facebook.com\/esmentalmag\/videos\/c%C3%B3mo-prevenir-y-atender-el-riesgo-suicida\/386722966987458\/\"><span data-visily-text-styles=\"{\">\u00bfC\u00f3mo prevenir y atender el riesgo suicida?<\/span><\/a><\/li>\n<li><a href=\"https:\/\/www.esmental.com\/aumento-de-suicidios-en-navidad\/\"><span data-visily-text-styles=\"{\">Suicidios \u00bfAumentan en la \u00e9poca navide\u00f1a?<\/span><\/a><\/li>\n<li><a href=\"https:\/\/www.esmental.com\/el-impacto-del-suicidio-en-la-montana\/\"><span data-visily-text-styles=\"{\">El impacto del suicidio en la monta\u00f1a<\/span><\/a><\/li>\n<li><a href=\"https:\/\/www.esmental.com\/mas-dialogo-y-menos-estigma-hablar-del-suicidio-como-estrategia-de-prevencion\/\"><span data-visily-text-styles=\"{\">M\u00e1s di\u00e1logo, menos estigma: Hablar del suicidio como estrategia de prevenci\u00f3n<\/span><\/a><\/li>\n<li><a href=\"https:\/\/www.esmental.com\/necesario-hablar-y-atender-el-riesgo-suicida\/\"><span data-visily-text-styles=\"{\">Cuando el suicidio toca tu puerta<\/span><\/a><\/li>\n<li><a href=\"https:\/\/www.esmental.com\/el-rol-de-los-medios-de-comunicacion-en-la-prevencion-del-suicidio\/\"><span data-visily-text-styles=\"{\">El rol de los medios de comunicaci\u00f3n en la prevenci\u00f3n del suicidio<\/span><\/a><\/li>\n<li><a href=\"https:\/\/www.esmental.com\/suicidio-un-tema-que-debe-hablarse\/\"><span data-visily-text-styles=\"{\">El suicidio: un tema que debe hablarse<\/span><\/a><\/li>\n<li><a href=\"https:\/\/www.esmental.com\/apoyo-por-redes-sociales-auxilia-a-joven-frente-al-suicidio\/\"><span data-visily-text-styles=\"{\">Apoyo por redes sociales auxilia a joven frente al suicidio<\/span><\/a><\/li>\n<li><a href=\"https:\/\/www.esmental.com\/el-suicidio-infantil-no-puede-ser-ignorado\/\"><span data-visily-text-styles=\"{\">El suicidio infantil no puede ser ignorado<\/span><\/a><\/li>\n<li><a href=\"https:\/\/www.esmental.com\/por-que-los-hombres-mueren-mas-por-suicidio-que-las-mujeres\/\"><span data-visily-text-styles=\"{\">\u00bfPor qu\u00e9 los hombres mueren m\u00e1s por suicidio que las mujeres?<\/span><\/a><\/li>\n<li><a href=\"https:\/\/www.esmental.com\/la-busqueda-de-culpables-en-el-suicidio\/\"><span data-visily-text-styles=\"{\">La b\u00fasqueda de culpables en el suicidio<\/span><\/a><\/li>\n<li><a href=\"https:\/\/www.esmental.com\/el-panorama-actual-del-suicidio-en-puerto-rico-y-la-prevencion\/\"><span data-visily-text-styles=\"{\">El panorama actual del suicidio en Puerto Rico y la prevenci\u00f3n<\/span><\/a><\/li>\n<li><a href=\"https:\/\/www.esmental.com\/dificil-y-compleja-la-experiencia-de-perder-a-un-ser-querido-por-suicidio\/\"><span data-visily-text-styles=\"{\">Dif\u00edcil y complejo perder a un ser querido por suicidio<\/span><\/a><\/li>\n<li><a href=\"https:\/\/www.esmental.com\/los-viejos-registran-mayor-tasa-de-suicidio-en-puerto-rico\/\"><span data-visily-text-styles=\"{\">Los viejos registran mayor tasa de suicidio en Puerto Rico<\/span><\/a><\/li>\n<li><a href=\"https:\/\/www.esmental.com\/cara-a-cara-con-el-suicidio\/\"><span data-visily-text-styles=\"{\">Cara a cara con el suicidio<\/span><\/a><\/li>\n<li><a href=\"https:\/\/www.esmental.com\/salud-mental-en-navidad-mitos-y-realidades\/\"><span data-visily-text-styles=\"{\">Salud mental en Navidad: mitos y realidades<\/span><\/a><\/li>\n<\/ul>\n<\/div><\/div><\/div><\/div><\/div><\/div><\/div><\/div><\/div>","protected":false},"excerpt":{"rendered":"","protected":false},"author":7,"featured_media":0,"parent":7495,"menu_order":0,"comment_status":"closed","ping_status":"closed","template":"","meta":{"footnotes":""},"class_list":["post-7579","page","type-page","status-publish","hentry"],"_links":{"self":[{"href":"https:\/\/prevencionsuicidio.salud.pr.gov\/en\/wp-json\/wp\/v2\/pages\/7579","targetHints":{"allow":["GET"]}}],"collection":[{"href":"https:\/\/prevencionsuicidio.salud.pr.gov\/en\/wp-json\/wp\/v2\/pages"}],"about":[{"href":"https:\/\/prevencionsuicidio.salud.pr.gov\/en\/wp-json\/wp\/v2\/types\/page"}],"author":[{"embeddable":true,"href":"https:\/\/prevencionsuicidio.salud.pr.gov\/en\/wp-json\/wp\/v2\/users\/7"}],"replies":[{"embeddable":true,"href":"https:\/\/prevencionsuicidio.salud.pr.gov\/en\/wp-json\/wp\/v2\/comments?post=7579"}],"version-history":[{"count":2,"href":"https:\/\/prevencionsuicidio.salud.pr.gov\/en\/wp-json\/wp\/v2\/pages\/7579\/revisions"}],"predecessor-version":[{"id":7581,"href":"https:\/\/prevencionsuicidio.salud.pr.gov\/en\/wp-json\/wp\/v2\/pages\/7579\/revisions\/7581"}],"up":[{"embeddable":true,"href":"https:\/\/prevencionsuicidio.salud.pr.gov\/en\/wp-json\/wp\/v2\/pages\/7495"}],"wp:attachment":[{"href":"https:\/\/prevencionsuicidio.salud.pr.gov\/en\/wp-json\/wp\/v2\/media?parent=7579"}],"curies":[{"name":"wp","href":"https:\/\/api.w.org\/{rel}","templated":true}]}}