{"id":7495,"date":"2025-10-08T14:43:17","date_gmt":"2025-10-08T14:43:17","guid":{"rendered":"https:\/\/prevencionsuicidio.salud.pr.gov\/?page_id=7495"},"modified":"2025-12-12T16:04:56","modified_gmt":"2025-12-12T16:04:56","slug":"comunicaciones","status":"publish","type":"page","link":"https:\/\/prevencionsuicidio.salud.pr.gov\/en\/comunicaciones\/","title":{"rendered":"Comunicaciones"},"content":{"rendered":"<div class=\"fusion-fullwidth fullwidth-box fusion-builder-row-1 fusion-flex-container has-pattern-background has-mask-background nonhundred-percent-fullwidth non-hundred-percent-height-scrolling\" style=\"--awb-border-radius-top-left:0px;--awb-border-radius-top-right:0px;--awb-border-radius-bottom-right:0px;--awb-border-radius-bottom-left:0px;--awb-flex-wrap:wrap;\" ><div class=\"fusion-builder-row fusion-row fusion-flex-align-items-flex-start fusion-flex-content-wrap\" style=\"max-width:1216.8px;margin-left: calc(-4% \/ 2 );margin-right: calc(-4% \/ 2 );\"><div class=\"fusion-layout-column fusion_builder_column fusion-builder-column-0 fusion_builder_column_1_1 1_1 fusion-flex-column\" style=\"--awb-bg-size:cover;--awb-width-large:100%;--awb-margin-top-large:0px;--awb-spacing-right-large:1.92%;--awb-margin-bottom-large:20px;--awb-spacing-left-large:1.92%;--awb-width-medium:100%;--awb-order-medium:0;--awb-spacing-right-medium:1.92%;--awb-spacing-left-medium:1.92%;--awb-width-small:100%;--awb-order-small:0;--awb-spacing-right-small:1.92%;--awb-spacing-left-small:1.92%;\"><div class=\"fusion-column-wrapper fusion-column-has-shadow fusion-flex-justify-content-flex-start fusion-content-layout-column\"><div class=\"fusion-text fusion-text-1\"><p><span data-contrast=\"auto\">La comunicaci\u00f3n responsable es un componente esencial en la prevenci\u00f3n del suicidio. El lenguaje que utilizamos tiene el poder de brindar apoyo, abrir espacios de ayuda y fomentar esperanza, especialmente para quienes atraviesan momentos dif\u00edciles. Recordemos siempre que <\/span><b><span data-contrast=\"auto\">el suicidio se puede prevenir<\/span><\/b><span data-contrast=\"auto\">, y que un mensaje adecuado puede marcar una diferencia significativa en la vida de una persona.<\/span><span data-ccp-props=\"{&quot;335559685&quot;:720}\">\u00a0<\/span><\/p>\n<p><span data-contrast=\"auto\">La Comisi\u00f3n para la Prevenci\u00f3n del Suicidio promueve pr\u00e1cticas de comunicaci\u00f3n sensibles, respetuosas y basadas en evidencia, dirigidas a profesionales de la salud, medios de comunicaci\u00f3n, organizaciones aliadas y al p\u00fablico en general.<\/span><span data-ccp-props=\"{&quot;335559685&quot;:720,&quot;335559738&quot;:240,&quot;335559739&quot;:240}\">\u00a0<\/span><\/p>\n<p><span data-contrast=\"auto\">En este espacio encontrar\u00e1 recursos educativos, c\u00e1psulas informativas, campa\u00f1as, gu\u00edas para la comunicaci\u00f3n segura sobre suicidio y materiales dise\u00f1ados para apoyar la difusi\u00f3n de mensajes preventivos. Nuestro objetivo es contribuir a un entorno donde las conversaciones sean seguras, libres de estigma y centradas en el acompa\u00f1amiento, la empat\u00eda y la vida.<\/span><span data-ccp-props=\"{&quot;335559685&quot;:720,&quot;335559738&quot;:240,&quot;335559739&quot;:240}\">\u00a0<\/span><\/p>\n<\/div><\/div><\/div><\/div><\/div>","protected":false},"excerpt":{"rendered":"","protected":false},"author":7,"featured_media":0,"parent":0,"menu_order":0,"comment_status":"closed","ping_status":"closed","template":"","meta":{"footnotes":""},"class_list":["post-7495","page","type-page","status-publish","hentry"],"_links":{"self":[{"href":"https:\/\/prevencionsuicidio.salud.pr.gov\/en\/wp-json\/wp\/v2\/pages\/7495","targetHints":{"allow":["GET"]}}],"collection":[{"href":"https:\/\/prevencionsuicidio.salud.pr.gov\/en\/wp-json\/wp\/v2\/pages"}],"about":[{"href":"https:\/\/prevencionsuicidio.salud.pr.gov\/en\/wp-json\/wp\/v2\/types\/page"}],"author":[{"embeddable":true,"href":"https:\/\/prevencionsuicidio.salud.pr.gov\/en\/wp-json\/wp\/v2\/users\/7"}],"replies":[{"embeddable":true,"href":"https:\/\/prevencionsuicidio.salud.pr.gov\/en\/wp-json\/wp\/v2\/comments?post=7495"}],"version-history":[{"count":3,"href":"https:\/\/prevencionsuicidio.salud.pr.gov\/en\/wp-json\/wp\/v2\/pages\/7495\/revisions"}],"predecessor-version":[{"id":7746,"href":"https:\/\/prevencionsuicidio.salud.pr.gov\/en\/wp-json\/wp\/v2\/pages\/7495\/revisions\/7746"}],"wp:attachment":[{"href":"https:\/\/prevencionsuicidio.salud.pr.gov\/en\/wp-json\/wp\/v2\/media?parent=7495"}],"curies":[{"name":"wp","href":"https:\/\/api.w.org\/{rel}","templated":true}]}}