{"id":7459,"date":"2025-10-03T15:37:18","date_gmt":"2025-10-03T15:37:18","guid":{"rendered":"https:\/\/prevencionsuicidio.salud.pr.gov\/?page_id=7459"},"modified":"2025-12-15T16:07:24","modified_gmt":"2025-12-15T16:07:24","slug":"transitar-duelo","status":"publish","type":"page","link":"https:\/\/prevencionsuicidio.salud.pr.gov\/en\/educacion\/talleres\/transitar-duelo\/","title":{"rendered":"M\u00e1s all\u00e1 de la p\u00e9rdida: Estrategias para transitar el duelo"},"content":{"rendered":"<div class=\"fusion-fullwidth fullwidth-box fusion-builder-row-1 fusion-flex-container has-pattern-background has-mask-background nonhundred-percent-fullwidth non-hundred-percent-height-scrolling\" style=\"--awb-border-radius-top-left:0px;--awb-border-radius-top-right:0px;--awb-border-radius-bottom-right:0px;--awb-border-radius-bottom-left:0px;--awb-flex-wrap:wrap;\" ><div class=\"fusion-builder-row fusion-row fusion-flex-align-items-flex-start fusion-flex-content-wrap\" style=\"max-width:1216.8px;margin-left: calc(-4% \/ 2 );margin-right: calc(-4% \/ 2 );\"><div class=\"fusion-layout-column fusion_builder_column fusion-builder-column-0 fusion_builder_column_1_1 1_1 fusion-flex-column\" style=\"--awb-bg-size:cover;--awb-width-large:100%;--awb-margin-top-large:0px;--awb-spacing-right-large:1.92%;--awb-margin-bottom-large:20px;--awb-spacing-left-large:1.92%;--awb-width-medium:100%;--awb-order-medium:0;--awb-spacing-right-medium:1.92%;--awb-spacing-left-medium:1.92%;--awb-width-small:100%;--awb-order-small:0;--awb-spacing-right-small:1.92%;--awb-spacing-left-small:1.92%;\"><div class=\"fusion-column-wrapper fusion-column-has-shadow fusion-flex-justify-content-flex-start fusion-content-layout-column\"><div class=\"fusion-text fusion-text-1\"><p style=\"font-size: 16px; text-align: left;\" data-fusion-font=\"true\"><span style=\"color: #000000;\">Este taller ofrece un espacio seguro y emp\u00e1tico para explorar el duelo en sus m\u00faltiples formas: la muerte de un ser querido, la p\u00e9rdida del trabajo, cambios en la salud o el impacto emocional que deja un suicidio. A trav\u00e9s de una mirada compasiva y respetuosa, abordamos las distintas reacciones ante la p\u00e9rdida y brindamos herramientas pr\u00e1cticas para atravesar el proceso con mayor comprensi\u00f3n, equilibrio y cuidado personal.<\/span><\/p>\n<\/div>\n<div class=\"table-1\">\n<table width=\"100%\">\n<thead>\n<tr>\n<th align=\"left\"><span style=\"color: #000000;\"><strong>Fecha<\/strong><\/span><\/th>\n<th align=\"left\"><span style=\"color: #000000;\"><strong>Hora<\/strong><\/span><\/th>\n<th align=\"left\"><span style=\"color: #000000;\"><strong>Enlace inscripci\u00f3n<\/strong><\/span><\/th>\n<\/tr>\n<\/thead>\n<tbody>\n<tr>\n<td align=\"left\">Mi\u00e9rcoles, 25 de febrero de 2026<\/td>\n<td align=\"left\"><span style=\"color: #000000;\">1:30 pm &#8211; 3:00 pm<\/span><\/td>\n<td align=\"left\"><span style=\"color: #0000ff;\"><a style=\"color: #0000ff;\" href=\"https:\/\/redcap.salud.pr.gov\/surveys\/?s=PMDJJEA8WRK4AMNN\">[Inscr\u00edbete aqu\u00ed]<\/a><\/span><\/td>\n<\/tr>\n<tr>\n<td align=\"left\">Mi\u00e9rcoles, 29 de abril de 2026<\/td>\n<td align=\"left\"><span style=\"color: #000000;\">1:30 pm \u2013 3:00 pm<\/span><\/td>\n<td align=\"left\"><span style=\"color: #0000ff;\"><a style=\"color: #0000ff;\" href=\"https:\/\/redcap.salud.pr.gov\/surveys\/?s=PMDJJEA8WRK4AMNN\">[Inscr\u00edbete aqu\u00ed]<\/a><\/span><\/td>\n<\/tr>\n<\/tbody>\n<\/table>\n<\/div>\n<div class=\"fusion-text fusion-text-2\"><p style=\"text-align: center;\"><span style=\"color: #000000;\">Para m\u00e1s informaci\u00f3n, escr\u00edbenos a: <span style=\"color: #0000ff;\"><a style=\"color: #0000ff;\" href=\"mailto:prevencionsuicidio@salud.pr.gov\">prevencionsuicidio@salud.pr.gov<\/a><\/span><\/span><\/p>\n<\/div><\/div><\/div><\/div><\/div>","protected":false},"excerpt":{"rendered":"","protected":false},"author":7,"featured_media":0,"parent":6331,"menu_order":0,"comment_status":"closed","ping_status":"closed","template":"","meta":{"footnotes":""},"class_list":["post-7459","page","type-page","status-publish","hentry"],"_links":{"self":[{"href":"https:\/\/prevencionsuicidio.salud.pr.gov\/en\/wp-json\/wp\/v2\/pages\/7459","targetHints":{"allow":["GET"]}}],"collection":[{"href":"https:\/\/prevencionsuicidio.salud.pr.gov\/en\/wp-json\/wp\/v2\/pages"}],"about":[{"href":"https:\/\/prevencionsuicidio.salud.pr.gov\/en\/wp-json\/wp\/v2\/types\/page"}],"author":[{"embeddable":true,"href":"https:\/\/prevencionsuicidio.salud.pr.gov\/en\/wp-json\/wp\/v2\/users\/7"}],"replies":[{"embeddable":true,"href":"https:\/\/prevencionsuicidio.salud.pr.gov\/en\/wp-json\/wp\/v2\/comments?post=7459"}],"version-history":[{"count":7,"href":"https:\/\/prevencionsuicidio.salud.pr.gov\/en\/wp-json\/wp\/v2\/pages\/7459\/revisions"}],"predecessor-version":[{"id":7757,"href":"https:\/\/prevencionsuicidio.salud.pr.gov\/en\/wp-json\/wp\/v2\/pages\/7459\/revisions\/7757"}],"up":[{"embeddable":true,"href":"https:\/\/prevencionsuicidio.salud.pr.gov\/en\/wp-json\/wp\/v2\/pages\/6331"}],"wp:attachment":[{"href":"https:\/\/prevencionsuicidio.salud.pr.gov\/en\/wp-json\/wp\/v2\/media?parent=7459"}],"curies":[{"name":"wp","href":"https:\/\/api.w.org\/{rel}","templated":true}]}}