{"id":7306,"date":"2025-09-08T12:44:02","date_gmt":"2025-09-08T12:44:02","guid":{"rendered":"https:\/\/prevencionsuicidio.salud.pr.gov\/?page_id=7306"},"modified":"2025-09-09T16:13:58","modified_gmt":"2025-09-09T16:13:58","slug":"junta-directiva","status":"publish","type":"page","link":"https:\/\/prevencionsuicidio.salud.pr.gov\/en\/inicio\/junta-directiva\/","title":{"rendered":"Junta Directiva"},"content":{"rendered":"<p><div class=\"fusion-fullwidth fullwidth-box fusion-builder-row-1 fusion-flex-container has-pattern-background has-mask-background nonhundred-percent-fullwidth non-hundred-percent-height-scrolling\" style=\"--awb-border-radius-top-left:0px;--awb-border-radius-top-right:0px;--awb-border-radius-bottom-right:0px;--awb-border-radius-bottom-left:0px;--awb-flex-wrap:wrap;\" ><div class=\"fusion-builder-row fusion-row fusion-flex-align-items-flex-start fusion-flex-content-wrap\" style=\"max-width:1216.8px;margin-left: calc(-4% \/ 2 );margin-right: calc(-4% \/ 2 );\"><div class=\"fusion-layout-column fusion_builder_column fusion-builder-column-0 fusion_builder_column_1_1 1_1 fusion-flex-column\" style=\"--awb-bg-size:cover;--awb-width-large:100%;--awb-margin-top-large:0px;--awb-spacing-right-large:1.92%;--awb-margin-bottom-large:20px;--awb-spacing-left-large:1.92%;--awb-width-medium:100%;--awb-order-medium:0;--awb-spacing-right-medium:1.92%;--awb-spacing-left-medium:1.92%;--awb-width-small:100%;--awb-order-small:0;--awb-spacing-right-small:1.92%;--awb-spacing-left-small:1.92%;\"><div class=\"fusion-column-wrapper fusion-column-has-shadow fusion-flex-justify-content-flex-start fusion-content-layout-column\"><nav class=\"fusion-breadcrumbs fusion-breadcrumbs-1\" style=\"--awb-breadcrumb-sep:&#039;&gt;&#039;;\" aria-label=\"Breadcrumb\"><ol class=\"awb-breadcrumb-list\"><li class=\"fusion-breadcrumb-item awb-breadcrumb-sep\" ><a href=\"https:\/\/prevencionsuicidio.salud.pr.gov\/en\" class=\"fusion-breadcrumb-link\"><span >Home<\/span><\/a><\/li><\/ol><\/nav><\/div><\/div><\/div><\/div><div class=\"fusion-fullwidth fullwidth-box fusion-builder-row-2 fusion-flex-container has-pattern-background has-mask-background nonhundred-percent-fullwidth non-hundred-percent-height-scrolling\" style=\"--awb-border-radius-top-left:0px;--awb-border-radius-top-right:0px;--awb-border-radius-bottom-right:0px;--awb-border-radius-bottom-left:0px;--awb-flex-wrap:wrap;\" ><div class=\"fusion-builder-row fusion-row fusion-flex-align-items-flex-start fusion-flex-content-wrap\" style=\"max-width:1216.8px;margin-left: calc(-4% \/ 2 );margin-right: calc(-4% \/ 2 );\"><div class=\"fusion-layout-column fusion_builder_column fusion-builder-column-1 fusion_builder_column_1_1 1_1 fusion-flex-column\" style=\"--awb-bg-size:cover;--awb-width-large:100%;--awb-margin-top-large:0px;--awb-spacing-right-large:1.92%;--awb-margin-bottom-large:20px;--awb-spacing-left-large:1.92%;--awb-width-medium:100%;--awb-order-medium:0;--awb-spacing-right-medium:1.92%;--awb-spacing-left-medium:1.92%;--awb-width-small:100%;--awb-order-small:0;--awb-spacing-right-small:1.92%;--awb-spacing-left-small:1.92%;\"><div class=\"fusion-column-wrapper fusion-column-has-shadow fusion-flex-justify-content-flex-start fusion-content-layout-column\"><div class=\"fusion-text fusion-text-1\" style=\"--awb-font-size:14px;--awb-text-font-family:&quot;Montserrat&quot;;--awb-text-font-style:normal;--awb-text-font-weight:400;\"><p>The Commission is composed of seventeen members, including the Secretary of Health as its Chairman. In addition, the Administrator of the Administration of Mental Health and Anti-Addiction Services (ASSMCA), the Executive Director of the Health Insurance Administration (ASES), the Secretaries of the Departments of Recreation and Sports, Housing, Family, Education, Justice, Correction, Labor and Human Resources and the Superintendent of the Puerto Rico Police are part of it.<\/p>\n<p>De la misma manera, la componen el Presidente de la Asociaci\u00f3n de Alcaldes y el Presidente de la Federaci\u00f3n de Alcaldes, dos representantes de organizaciones sin fines de lucro, un representante del sector privado y un representante de la clientela familiar. Los miembros que representan al sector privado son nombrados por el Gobernador de Puerto Rico y ocupan sus cargos por el t\u00e9rmino de tres a\u00f1os consecutivos o hasta que sus sucesores sean nombrados y tomen posesi\u00f3n.<\/p>\n<\/div><\/div><\/div><\/div><\/div><div class=\"fusion-fullwidth fullwidth-box fusion-builder-row-3 fusion-flex-container has-pattern-background has-mask-background nonhundred-percent-fullwidth non-hundred-percent-height-scrolling\" style=\"--awb-border-radius-top-left:0px;--awb-border-radius-top-right:0px;--awb-border-radius-bottom-right:0px;--awb-border-radius-bottom-left:0px;--awb-flex-wrap:wrap;\" ><div class=\"fusion-builder-row fusion-row fusion-flex-align-items-flex-start fusion-flex-content-wrap\" style=\"max-width:1216.8px;margin-left: calc(-4% \/ 2 );margin-right: calc(-4% \/ 2 );\"><div class=\"fusion-layout-column fusion_builder_column fusion-builder-column-2 fusion_builder_column_1_1 1_1 fusion-flex-column\" style=\"--awb-bg-size:cover;--awb-width-large:100%;--awb-margin-top-large:0px;--awb-spacing-right-large:1.92%;--awb-margin-bottom-large:20px;--awb-spacing-left-large:1.92%;--awb-width-medium:100%;--awb-order-medium:0;--awb-spacing-right-medium:1.92%;--awb-spacing-left-medium:1.92%;--awb-width-small:100%;--awb-order-small:0;--awb-spacing-right-small:1.92%;--awb-spacing-left-small:1.92%;\"><div class=\"fusion-column-wrapper fusion-column-has-shadow fusion-flex-justify-content-flex-start fusion-content-layout-column\"><div class=\"awb-circles-info icons-on-outer-circle has-box-shadow\" style=\"--awb-max-width:400px;--awb-icon-size:12px;--awb-title-font-size:16px;--awb-content-font-size:16px;--awb-gradient-start-position:0%;--awb-gradient-end-position:100%;--awb-linear-angle:180deg;--awb-radial-direction:circle at center center;--awb-title-font-family:&quot;Montserrat&quot;;--awb-title-font-style:normal;--awb-title-font-weight:400;--awb-content-font-family:&quot;Montserrat&quot;;--awb-content-font-style:normal;--awb-content-font-weight:400;\" data-auto-rotation=\"yes\" data-auto-rotation-time=\"4000\" data-pause-on-hover=\"yes\" data-activation-type=\"mouseover\"><div class=\"awb-circles-info-wrapper\"><div class=\"awb-circles-info-icons-wrapper\"><div class=\"awb-circles-info-tab-link\" data-id=\"1\"><span><i class=\"fa-users fas\"><\/i><\/span><\/div><div class=\"awb-circles-info-tab-link\" data-id=\"2\"><span><i class=\"fa-users fas\"><\/i><\/span><\/div><div class=\"awb-circles-info-tab-link\" data-id=\"3\"><span><i class=\"fa-users fas\"><\/i><\/span><\/div><div class=\"awb-circles-info-tab-link\" data-id=\"4\"><span><i class=\"fa-users fas\"><\/i><\/span><\/div><div class=\"awb-circles-info-tab-link\" data-id=\"5\"><span><i class=\"fa-users fas\"><\/i><\/span><\/div><div class=\"awb-circles-info-tab-link\" data-id=\"6\"><span><i class=\"fa-users fas\"><\/i><\/span><\/div><div class=\"awb-circles-info-tab-link\" data-id=\"7\"><span><i class=\"fa-users fas\"><\/i><\/span><\/div><div class=\"awb-circles-info-tab-link\" data-id=\"8\"><span><i class=\"fa-users fas\"><\/i><\/span><\/div><div class=\"awb-circles-info-tab-link\" data-id=\"9\"><span><i class=\"fa-users fas\"><\/i><\/span><\/div><div class=\"awb-circles-info-tab-link\" data-id=\"10\"><span><i class=\"fa-users fas\"><\/i><\/span><\/div><div class=\"awb-circles-info-tab-link\" data-id=\"11\"><span><i class=\"fa-users fas\"><\/i><\/span><\/div><div class=\"awb-circles-info-tab-link\" data-id=\"12\"><span><i class=\"fa-users fas\"><\/i><\/span><\/div><div class=\"awb-circles-info-tab-link\" data-id=\"13\"><span><i class=\"fa-users fas\"><\/i><\/span><\/div><div class=\"awb-circles-info-tab-link\" data-id=\"14\"><span><i class=\"fa-users fas\"><\/i><\/span><\/div><div class=\"awb-circles-info-tab-link\" data-id=\"15\"><span><i class=\"fa-users fas\"><\/i><\/span><\/div><div class=\"awb-circles-info-tab-link\" data-id=\"16\"><span><i class=\"fa-users fas\"><\/i><\/span><\/div><div class=\"awb-circles-info-tab-link\" data-id=\"17\"><span><i class=\"fa-users fas\"><\/i><\/span><\/div><\/div><div class=\"awb-circles-info-content-wrapper\"><div class=\"awb-circle-info awb-circles-info-content-area awb-circle-info-1\" data-id=\"1\"><div class=\"awb-circles-info-title\">Secretario de Salud<\/div><div class=\"awb-circles-info-text\">Presidente<\/div><\/div><div class=\"awb-circle-info awb-circles-info-content-area awb-circle-info-2\" data-id=\"2\"><div class=\"awb-circles-info-title\">Administrador de la Administraci\u00f3n de Servicios de Salud Mental y Contra la Adicci\u00f3n (ASSMCA)<\/div><\/div><div class=\"awb-circle-info awb-circles-info-content-area awb-circle-info-3\" data-id=\"3\"><div class=\"awb-circles-info-title\">Director Ejecutivo de la Administraci\u00f3n de Seguros de Salud (ASES)<\/div><\/div><div class=\"awb-circle-info awb-circles-info-content-area awb-circle-info-4\" data-id=\"4\"><div class=\"awb-circles-info-title\">Secretarios de los Departamentos de Recreaci\u00f3n y Deportes<\/div><\/div><div class=\"awb-circle-info awb-circles-info-content-area awb-circle-info-5\" data-id=\"5\"><div class=\"awb-circles-info-title\">Administracion de Vivienda P\u00fablica<\/div><\/div><div class=\"awb-circle-info awb-circles-info-content-area awb-circle-info-6\" data-id=\"6\"><div class=\"awb-circles-info-title\">Departamento de la Familia<\/div><\/div><div class=\"awb-circle-info awb-circles-info-content-area awb-circle-info-7\" data-id=\"7\"><div class=\"awb-circles-info-title\">Departamento de Educaci\u00f3n<\/div><\/div><div class=\"awb-circle-info awb-circles-info-content-area awb-circle-info-8\" data-id=\"8\"><div class=\"awb-circles-info-title\">Departamento del Trabajo y Recursos Humanos<\/div><\/div><div class=\"awb-circle-info awb-circles-info-content-area awb-circle-info-9\" data-id=\"9\"><div class=\"awb-circles-info-title\">Departamento de Justicia<\/div><\/div><div class=\"awb-circle-info awb-circles-info-content-area awb-circle-info-10\" data-id=\"10\"><div class=\"awb-circles-info-title\">Departamento de Correcci\u00f3n y Rehabilitaci\u00f3n<\/div><\/div><div class=\"awb-circle-info awb-circles-info-content-area awb-circle-info-11\" data-id=\"11\"><div class=\"awb-circles-info-title\">Superintendente de la Polic\u00eda de Puerto Rico<\/div><\/div><div class=\"awb-circle-info awb-circles-info-content-area awb-circle-info-12\" data-id=\"12\"><div class=\"awb-circles-info-title\">Presidente de la Asociaci\u00f3n de Alcaldes<\/div><\/div><div class=\"awb-circle-info awb-circles-info-content-area awb-circle-info-13\" data-id=\"13\"><div class=\"awb-circles-info-title\">Presidente de la Federaci\u00f3n de Alcaldes<\/div><\/div><div class=\"awb-circle-info awb-circles-info-content-area awb-circle-info-14\" data-id=\"14\"><div class=\"awb-circles-info-title\">Representante de organizaci\u00f3n sin fines de lucro<\/div><\/div><div class=\"awb-circle-info awb-circles-info-content-area awb-circle-info-15\" data-id=\"15\"><div class=\"awb-circles-info-title\">Representante de organizaci\u00f3n sin fines de lucro<\/div><\/div><div class=\"awb-circle-info awb-circles-info-content-area awb-circle-info-16\" data-id=\"16\"><div class=\"awb-circles-info-title\">Representante del sector privado<\/div><\/div><div class=\"awb-circle-info awb-circles-info-content-area awb-circle-info-17\" data-id=\"17\"><div class=\"awb-circles-info-title\">Representante de la clientela familiar<\/div><\/div><\/div><\/div><\/div><\/div><\/div><\/div><\/div><\/p>","protected":false},"excerpt":{"rendered":"","protected":false},"author":7,"featured_media":0,"parent":5618,"menu_order":0,"comment_status":"closed","ping_status":"closed","template":"","meta":{"footnotes":""},"class_list":["post-7306","page","type-page","status-publish","hentry"],"_links":{"self":[{"href":"https:\/\/prevencionsuicidio.salud.pr.gov\/en\/wp-json\/wp\/v2\/pages\/7306","targetHints":{"allow":["GET"]}}],"collection":[{"href":"https:\/\/prevencionsuicidio.salud.pr.gov\/en\/wp-json\/wp\/v2\/pages"}],"about":[{"href":"https:\/\/prevencionsuicidio.salud.pr.gov\/en\/wp-json\/wp\/v2\/types\/page"}],"author":[{"embeddable":true,"href":"https:\/\/prevencionsuicidio.salud.pr.gov\/en\/wp-json\/wp\/v2\/users\/7"}],"replies":[{"embeddable":true,"href":"https:\/\/prevencionsuicidio.salud.pr.gov\/en\/wp-json\/wp\/v2\/comments?post=7306"}],"version-history":[{"count":5,"href":"https:\/\/prevencionsuicidio.salud.pr.gov\/en\/wp-json\/wp\/v2\/pages\/7306\/revisions"}],"predecessor-version":[{"id":7378,"href":"https:\/\/prevencionsuicidio.salud.pr.gov\/en\/wp-json\/wp\/v2\/pages\/7306\/revisions\/7378"}],"up":[{"embeddable":true,"href":"https:\/\/prevencionsuicidio.salud.pr.gov\/en\/wp-json\/wp\/v2\/pages\/5618"}],"wp:attachment":[{"href":"https:\/\/prevencionsuicidio.salud.pr.gov\/en\/wp-json\/wp\/v2\/media?parent=7306"}],"curies":[{"name":"wp","href":"https:\/\/api.w.org\/{rel}","templated":true}]}}