{"id":6662,"date":"2025-04-14T20:51:52","date_gmt":"2025-04-14T20:51:52","guid":{"rendered":"https:\/\/prevencionsuicidio.salud.pr.gov\/?page_id=6662"},"modified":"2025-11-13T14:49:23","modified_gmt":"2025-11-13T14:49:23","slug":"prensa-digital","status":"publish","type":"page","link":"https:\/\/prevencionsuicidio.salud.pr.gov\/en\/colaboraciones\/noticias\/prensa-digital\/","title":{"rendered":"Prensa Digital"},"content":{"rendered":"<div class=\"fusion-fullwidth fullwidth-box fusion-builder-row-1 fusion-flex-container has-pattern-background has-mask-background nonhundred-percent-fullwidth non-hundred-percent-height-scrolling\" style=\"--awb-border-radius-top-left:0px;--awb-border-radius-top-right:0px;--awb-border-radius-bottom-right:0px;--awb-border-radius-bottom-left:0px;--awb-flex-wrap:wrap;\" ><div class=\"fusion-builder-row fusion-row fusion-flex-align-items-flex-start fusion-flex-content-wrap\" style=\"max-width:1216.8px;margin-left: calc(-4% \/ 2 );margin-right: calc(-4% \/ 2 );\"><div class=\"fusion-layout-column fusion_builder_column fusion-builder-column-0 fusion_builder_column_1_1 1_1 fusion-flex-column\" style=\"--awb-bg-size:cover;--awb-width-large:100%;--awb-margin-top-large:0px;--awb-spacing-right-large:1.92%;--awb-margin-bottom-large:20px;--awb-spacing-left-large:1.92%;--awb-width-medium:100%;--awb-order-medium:0;--awb-spacing-right-medium:1.92%;--awb-spacing-left-medium:1.92%;--awb-width-small:100%;--awb-order-small:0;--awb-spacing-right-small:1.92%;--awb-spacing-left-small:1.92%;\"><div class=\"fusion-column-wrapper fusion-column-has-shadow fusion-flex-justify-content-flex-start fusion-content-layout-column\"><style>\n  table {\n    border-collapse: collapse;\n    width: 100%;\n    color: #111111;\n    font-family: Arial, sans-serif;\n  }\n\n  th, td {\n    border: 1px solid #ccc;\n    padding: 10px;\n    vertical-align: top;\n  }\n\n  th {\n    background-color: #f2f2f2;\n    text-align: left;\n    font-weight: bold;\n  }\n\n  a {\n    color: #0056cc !important;\n    text-decoration: none;\n  }\n\n  a:hover {\n    text-decoration: underline !important;\n  }\n<\/style>\n\n<table>\n  <thead>\n    <tr>\n      <th><strong>Tema y Fecha<\/strong><\/th>\n      <th><strong>Medio y Moderador<\/strong><\/th>\n      <th><strong>Recurso de la Comisi\u00f3n<\/strong><\/th>\n    <\/tr>\n  <\/thead>\n  <tbody>\n\t<tr>\n      <td><a href=\"https:\/\/www.metro.pr\/noticias\/2025\/08\/28\/menos-del-15-de-instalaciones-de-salud-reportan-eventos-fatales-y-no-fatales-de-suicidios-al-ds\/\">Menos del 15 % de instalaciones de salud reportan eventos fatales y no fatales de suicidios al DS<\/a><br><strong>28 de agosto de 2025<\/strong><\/td>\n      <td>Metro PR \u2013 Periodista: Joaqu\u00edn Rosado Lebr\u00f3n<\/td>\n      <td>Nayda I. Rom\u00e1n V\u00e1zquez, PhD - Directora y Mar\u00eda Isabel Coss Guzm\u00e1n, PhD - Gerente de Proyecto<\/td>\n    <\/tr>\n\t<tr>\n      <td><a href=\"https:\/\/www.metro.pr\/noticias\/2025\/06\/26\/alerta-en-puerto-rico-por-fin-de-apoyo-especializado-a-jovenes-lgbtq\/\">Alerta en Puerto Rico por fin de apoyo especializado a j\u00f3venes LGBTQ+<\/a><br><strong>20 de junio de 2025 <\/strong><\/td>\n      <td>Metro PR \u2013 Periodista: Joaqu\u00edn Rosado Lebr\u00f3n<\/td>\n      <td>Nayda I. Rom\u00e1n V\u00e1zquez, PhD - Directora<\/td>\n    <\/tr>\n    <tr>\n      <td><a href=\"https:\/\/www.telemundopr.com\/noticias\/puerto-rico\/lanzan-dashboard-y-otras-herramientas-para-la-prevencion-del-suicidio\/2701399\/\">Lanzan \u2018dashboard\u2019 y otras herramientas para la prevenci\u00f3n del suicidio<\/a><br><strong>21 de marzo de 2025<\/strong><\/td>\n      <td>Telemundo PR<\/td>\n      <td>Nayda I. Rom\u00e1n V\u00e1zquez, PhD \u2013 Directora<\/td>\n    <\/tr>\n <tr>\n      <td><a href=\"https:\/\/wipr.pr\/secretario-de-salud-lanza-dashboard-interactivo-y-fortalece-la-prevencion-del-suicidio-con-una-nueva-alianza-multisectorial\/\">Secretario de Salud lanza \u2018dashboard\u2019 interactivo y fortalece la prevenci\u00f3n del suicidio con una nueva alianza multisectorial<\/a><br><strong>21 de marzo de 2025<\/strong><\/td>\n      <td>Notis\u00e9is 360<\/td>\n      <td>Nayda I. Rom\u00e1n V\u00e1zquez, PhD \u2013 Directora<\/td>\n    <\/tr>\n    <tr>\n      <td><a href=\"https:\/\/www.esmental.com\/relaciones-humanas-calidad-clave-longevidad\/\">Relaciones humanas de calidad: la clave para una vida m\u00e1s larga y saludable<\/a><br><strong>31 de diciembre de 2024<\/strong><\/td>\n      <td>Revista digital EsMental \u2013 Periodista: Dalila Olmo L\u00f3pez<\/td>\n      <td>Janice Viera Col\u00f3n, PhD \u2013 Facilitadora y Coordinadora de la Coalici\u00f3n Multisectorial para la Prevenci\u00f3n del Suicidio<\/td>\n    <\/tr>\n    <tr>\n      <td><a href=\"https:\/\/www.metro.pr\/noticias\/2024\/12\/13\/el-mes-de-enero-registra-la-mayor-actividad-de-suicidios-acumulados-desde-2020\/\">El mes de enero registra la mayor actividad de suicidios acumulados desde 2020<\/a><br><strong>13 de diciembre de 2024<\/strong><\/td>\n      <td>Metro PR \u2013 Periodista: Joaqu\u00edn Rosado Lebr\u00f3n<\/td>\n      <td>Mar\u00eda Isabel Coss Guzm\u00e1n, PhD \u2013 Gerente de Proyecto<\/td>\n    <\/tr>\n    <tr>\n      <td><a href=\"https:\/\/www.esmental.com\/consejos-para-fomentar-la-gratitud-en-los-ninos\/\">Gratitud: consejos para ense\u00f1ar a los ni\u00f1os a practicarla<\/a><br><strong>28 de noviembre de 2024<\/strong><\/td>\n      <td>Revista digital EsMental \u2013 Periodista: Dalila Olmo L\u00f3pez<\/td>\n      <td>Janice Viera Col\u00f3n, PhD \u2013 Facilitadora y Coordinadora de la Coalici\u00f3n Multisectorial para la Prevenci\u00f3n del Suicidio<\/td>\n    <\/tr>\n    <tr>\n      <td><a href=\"https:\/\/www.metro.pr\/noticias\/2024\/09\/19\/el-trauma-no-tiene-tiempo-el-vinculo-entre-el-suicidio-y-los-desastres\/\">\u201cEl trauma no tiene tiempo\u201d: el v\u00ednculo entre el suicidio y los desastres<\/a><br><strong>19 de septiembre de 2024<\/strong><\/td>\n      <td>Metro PR \u2013 Periodista: Joaqu\u00edn Rosado Lebr\u00f3n<\/td>\n      <td>Mar\u00eda Isabel Coss Guzm\u00e1n, PhD \u2013 Gerente de Proyecto<\/td>\n    <\/tr>\n    <tr>\n      <td><a href=\"https:\/\/wipr.pr\/departamento-de-salud-continua-la-campana-elige-vivir\/\">Departamento de Salud realiza caravana como parte de la campa\u00f1a \u201cElige Vivir\u201d<\/a><br><strong>10 de septiembre de 2024<\/strong><\/td>\n      <td>WIPR Notis\u00e9is<\/td>\n      <td>Nayda I. Rom\u00e1n V\u00e1zquez, PhD \u2013 Directora<\/td>\n    <\/tr>\n    <tr>\n      <td><a href=\"https:\/\/www.elnuevodia.com\/brandstudio\/departamento-de-salud\/notas\/elige-vivir-una-campana-para-prevenir-el-suicidio-en-puerto-rico\/\">\u2018Elige Vivir\u2019: una campa\u00f1a para prevenir el suicidio en Puerto Rico<\/a><br><strong>9 de septiembre de 2024<\/strong><\/td>\n      <td>Peri\u00f3dico El Nuevo D\u00eda \u2013 Periodista: Stephanie Vick<\/td>\n      <td>Nayda I. Rom\u00e1n V\u00e1zquez, PhD \u2013 Directora<\/td>\n    <\/tr>\n    <tr>\n      <td><a href=\"https:\/\/www.esmental.com\/prevencion-suicidio-hombres-salud-mental\/\">Prevenci\u00f3n del suicidio: \u201cEntender que los hombres s\u00ed lloran es fundamental\u201d<\/a><br><strong>9 de septiembre de 2024<\/strong><\/td>\n      <td>Revista digital EsMental \u2013 Periodista: Perla Alessandra Hern\u00e1ndez<\/td>\n      <td>Mar\u00eda Isabel Coss Guzm\u00e1n, PhD \u2013 Gerente de Proyecto<\/td>\n    <\/tr>\n  <\/tbody>\n<\/table>\n<\/div><\/div><\/div><\/div>","protected":false},"excerpt":{"rendered":"","protected":false},"author":5,"featured_media":0,"parent":6577,"menu_order":0,"comment_status":"closed","ping_status":"closed","template":"100-width.php","meta":{"footnotes":""},"class_list":["post-6662","page","type-page","status-publish","hentry"],"_links":{"self":[{"href":"https:\/\/prevencionsuicidio.salud.pr.gov\/en\/wp-json\/wp\/v2\/pages\/6662","targetHints":{"allow":["GET"]}}],"collection":[{"href":"https:\/\/prevencionsuicidio.salud.pr.gov\/en\/wp-json\/wp\/v2\/pages"}],"about":[{"href":"https:\/\/prevencionsuicidio.salud.pr.gov\/en\/wp-json\/wp\/v2\/types\/page"}],"author":[{"embeddable":true,"href":"https:\/\/prevencionsuicidio.salud.pr.gov\/en\/wp-json\/wp\/v2\/users\/5"}],"replies":[{"embeddable":true,"href":"https:\/\/prevencionsuicidio.salud.pr.gov\/en\/wp-json\/wp\/v2\/comments?post=6662"}],"version-history":[{"count":6,"href":"https:\/\/prevencionsuicidio.salud.pr.gov\/en\/wp-json\/wp\/v2\/pages\/6662\/revisions"}],"predecessor-version":[{"id":7661,"href":"https:\/\/prevencionsuicidio.salud.pr.gov\/en\/wp-json\/wp\/v2\/pages\/6662\/revisions\/7661"}],"up":[{"embeddable":true,"href":"https:\/\/prevencionsuicidio.salud.pr.gov\/en\/wp-json\/wp\/v2\/pages\/6577"}],"wp:attachment":[{"href":"https:\/\/prevencionsuicidio.salud.pr.gov\/en\/wp-json\/wp\/v2\/media?parent=6662"}],"curies":[{"name":"wp","href":"https:\/\/api.w.org\/{rel}","templated":true}]}}