{"id":6645,"date":"2025-04-14T20:48:12","date_gmt":"2025-04-14T20:48:12","guid":{"rendered":"https:\/\/prevencionsuicidio.salud.pr.gov\/?page_id=6645"},"modified":"2025-11-13T14:39:33","modified_gmt":"2025-11-13T14:39:33","slug":"facebook-lives","status":"publish","type":"page","link":"https:\/\/prevencionsuicidio.salud.pr.gov\/en\/colaboraciones\/noticias\/facebook-lives\/","title":{"rendered":"Facebook Lives"},"content":{"rendered":"<div class=\"fusion-fullwidth fullwidth-box fusion-builder-row-1 fusion-flex-container has-pattern-background has-mask-background nonhundred-percent-fullwidth non-hundred-percent-height-scrolling\" style=\"--awb-border-radius-top-left:0px;--awb-border-radius-top-right:0px;--awb-border-radius-bottom-right:0px;--awb-border-radius-bottom-left:0px;--awb-flex-wrap:wrap;\" ><div class=\"fusion-builder-row fusion-row fusion-flex-align-items-flex-start fusion-flex-content-wrap\" style=\"max-width:1216.8px;margin-left: calc(-4% \/ 2 );margin-right: calc(-4% \/ 2 );\"><div class=\"fusion-layout-column fusion_builder_column fusion-builder-column-0 fusion_builder_column_1_1 1_1 fusion-flex-column\" style=\"--awb-bg-size:cover;--awb-width-large:100%;--awb-margin-top-large:0px;--awb-spacing-right-large:1.92%;--awb-margin-bottom-large:20px;--awb-spacing-left-large:1.92%;--awb-width-medium:100%;--awb-order-medium:0;--awb-spacing-right-medium:1.92%;--awb-spacing-left-medium:1.92%;--awb-width-small:100%;--awb-order-small:0;--awb-spacing-right-small:1.92%;--awb-spacing-left-small:1.92%;\"><div class=\"fusion-column-wrapper fusion-column-has-shadow fusion-flex-justify-content-flex-start fusion-content-layout-column\"><style>\n  table {\n    border-collapse: collapse;\n    width: 100%;\n    color: #111111;\n    font-family: Arial, sans-serif;\n  }\n\n  th, td {\n    border: 1px solid #ccc;\n    padding: 10px;\n    vertical-align: top;\n  }\n\n  th {\n    background-color: #f2f2f2;\n    text-align: left;\n    font-weight: bold;\n  }\n\n  a {\n    color: #0056cc !important;\n    text-decoration: none;\n  }\n\n  a:hover {\n    text-decoration: underline !important;\n  }\n<\/style>\n\n<table>\n  <thead>\n    <tr>\n      <th><strong>Tema y Fecha<\/strong><\/th>\n      <th><strong>Medio y Moderador<\/strong><\/th>\n      <th><strong>Recurso de la Comisi\u00f3n<\/strong><\/th>\n    <\/tr>\n  <\/thead>\n  <tbody>\n    <tr>\n      <td><a href=\"https:\/\/www.youtube.com\/watch?v=QJQ42cBgKdQ\">Conoce las se\u00f1ales de peligro ante situaciones de comportamiento suicida<\/a><br><strong>5 de septiembre de 2025<\/strong><\/td>\n      <td>Departamento de Salud<\/td>\n      <td>Nayda I. Rom\u00e1n V\u00e1zquez, PhD - Directora y Mar\u00eda Isabel Coss Guzm\u00e1n, PhD - Gerente de Proyecto<\/td>\n    <\/tr>\n    <tr>\n      <td><a href=\"https:\/\/www.instagram.com\/reel\/DOJ1SSFj-id\/?utm_source=ig_web_copy_link&igsh=MzRlODBiNWFlZA==\">La importancia de hablar del suicidio<\/a><br><strong>3 de septiembre de 2025<\/strong><\/td>\n      <td>Revista digital EsMental \u2013 Periodista: Omaya Sosa Pascua<\/td>\n      <td>Nayda I. Rom\u00e1n V\u00e1zquez, PhD \u2013 Directora<\/td>\n    <\/tr>\n    <tr>\n      <td><a href=\"https:\/\/www.facebook.com\/esmentalmag\/videos\/907992847419930\/\">Se\u00f1ales de alerta ante el suicidio<\/a><br><strong>9 de octubre de 2024<\/strong><\/td>\n      <td>Revista digital EsMental \u2013 Periodista: Jennifer Wiscovitch<\/td>\n      <td>Nayda I. Rom\u00e1n V\u00e1zquez, PhD \u2013 Directora<\/td>\n    <\/tr>\n    <tr>\n      <td><a href=\"https:\/\/www.facebook.com\/share\/v\/18HobqefkL\/\">Unidos ante la Prevenci\u00f3n del Suicidio: Tejiendo Esperanza<\/a><br><strong>12 de septiembre de 2024<\/strong><\/td>\n      <td>Fideicomiso de Salud P\u00fablica de Puerto Rico \u2013 Evento h\u00edbrido: Innovation Center y Zoom webinar<\/td>\n      <td>Mar\u00eda Isabel Coss Guzm\u00e1n, PhD \u2013 Gerente de Proyecto<\/td>\n    <\/tr>\n  <\/tbody>\n<\/table>\n<\/div><\/div><\/div><\/div>","protected":false},"excerpt":{"rendered":"","protected":false},"author":5,"featured_media":0,"parent":6577,"menu_order":0,"comment_status":"closed","ping_status":"closed","template":"100-width.php","meta":{"footnotes":""},"class_list":["post-6645","page","type-page","status-publish","hentry"],"_links":{"self":[{"href":"https:\/\/prevencionsuicidio.salud.pr.gov\/en\/wp-json\/wp\/v2\/pages\/6645","targetHints":{"allow":["GET"]}}],"collection":[{"href":"https:\/\/prevencionsuicidio.salud.pr.gov\/en\/wp-json\/wp\/v2\/pages"}],"about":[{"href":"https:\/\/prevencionsuicidio.salud.pr.gov\/en\/wp-json\/wp\/v2\/types\/page"}],"author":[{"embeddable":true,"href":"https:\/\/prevencionsuicidio.salud.pr.gov\/en\/wp-json\/wp\/v2\/users\/5"}],"replies":[{"embeddable":true,"href":"https:\/\/prevencionsuicidio.salud.pr.gov\/en\/wp-json\/wp\/v2\/comments?post=6645"}],"version-history":[{"count":4,"href":"https:\/\/prevencionsuicidio.salud.pr.gov\/en\/wp-json\/wp\/v2\/pages\/6645\/revisions"}],"predecessor-version":[{"id":7659,"href":"https:\/\/prevencionsuicidio.salud.pr.gov\/en\/wp-json\/wp\/v2\/pages\/6645\/revisions\/7659"}],"up":[{"embeddable":true,"href":"https:\/\/prevencionsuicidio.salud.pr.gov\/en\/wp-json\/wp\/v2\/pages\/6577"}],"wp:attachment":[{"href":"https:\/\/prevencionsuicidio.salud.pr.gov\/en\/wp-json\/wp\/v2\/media?parent=6645"}],"curies":[{"name":"wp","href":"https:\/\/api.w.org\/{rel}","templated":true}]}}