{"id":6641,"date":"2025-04-14T20:54:40","date_gmt":"2025-04-14T20:54:40","guid":{"rendered":"https:\/\/prevencionsuicidio.salud.pr.gov\/?page_id=6641"},"modified":"2025-11-13T14:31:58","modified_gmt":"2025-11-13T14:31:58","slug":"radio","status":"publish","type":"page","link":"https:\/\/prevencionsuicidio.salud.pr.gov\/en\/colaboraciones\/noticias\/radio\/","title":{"rendered":"Radio"},"content":{"rendered":"<div class=\"fusion-fullwidth fullwidth-box fusion-builder-row-1 fusion-flex-container has-pattern-background has-mask-background nonhundred-percent-fullwidth non-hundred-percent-height-scrolling\" style=\"--awb-border-radius-top-left:0px;--awb-border-radius-top-right:0px;--awb-border-radius-bottom-right:0px;--awb-border-radius-bottom-left:0px;--awb-flex-wrap:wrap;\" ><div class=\"fusion-builder-row fusion-row fusion-flex-align-items-flex-start fusion-flex-content-wrap\" style=\"max-width:1216.8px;margin-left: calc(-4% \/ 2 );margin-right: calc(-4% \/ 2 );\"><div class=\"fusion-layout-column fusion_builder_column fusion-builder-column-0 fusion_builder_column_1_1 1_1 fusion-flex-column\" style=\"--awb-bg-size:cover;--awb-width-large:100%;--awb-margin-top-large:0px;--awb-spacing-right-large:1.92%;--awb-margin-bottom-large:20px;--awb-spacing-left-large:1.92%;--awb-width-medium:100%;--awb-order-medium:0;--awb-spacing-right-medium:1.92%;--awb-spacing-left-medium:1.92%;--awb-width-small:100%;--awb-order-small:0;--awb-spacing-right-small:1.92%;--awb-spacing-left-small:1.92%;\"><div class=\"fusion-column-wrapper fusion-column-has-shadow fusion-flex-justify-content-flex-start fusion-content-layout-column\"><style>\n  table {\n    border-collapse: collapse;\n    width: 100%;\n    color: #111111;\n    font-family: Arial, sans-serif;\n  }\n\n  th, td {\n    border: 1px solid #ccc;\n    padding: 10px;\n    vertical-align: top;\n  }\n\n  th {\n    background-color: #f2f2f2;\n    text-align: left;\n    font-weight: bold;\n  }\n\n  a {\n    color: #0056cc !important;\n    text-decoration: none;\n  }\n\n  a:hover {\n    text-decoration: underline !important;\n  }\n<\/style>\n\n<table>\n  <thead>\n    <tr>\n      <th><strong>Tema y Fecha<\/strong><\/th>\n      <th><strong>Medio y Moderador<\/strong><\/th>\n      <th><strong>Recurso de la Comisi\u00f3n<\/strong><\/th>\n    <\/tr>\n  <\/thead>\n  <tbody>\n\t<tr>\n      <td><a href=\"https:\/\/dsdepr-my.sharepoint.com\/:u:\/g\/personal\/00mvn1_salud_gov_pr\/EUk96W0olRNClSiiAUyoo40BQa8dDOBM743m7UegqRxEjg?e=uzo4KL\">Coalici\u00f3n Multisectorial para la Prevenci\u00f3n del suicidio y almacenamiento seguro de armas de fuego para salvar vidas<\/a><br><strong>23 de mayo de 2025<\/strong><\/td>\n      <td>Radio Procer 1380 AM | \"El caf\u00e9 de las 3\" - Moderador: Sr. Miguel Santiago<\/td>\n      <td>Frances Fuentes - Facilitadora en Trabajo Social<\/td>\n    <\/tr>\n\t<tr>\n      <td><a href=\"https:\/\/gcc02.safelinks.protection.outlook.com\/?url=https%3A%2F%2Fwww.facebook.com%2FWiac740%2Fvideos%2F1030077621959922%2F&data=05%7C02%7Cvega.marangeli%40salud.pr.gov%7C8a52511b4eeb4912647d08dd94ac3535%7Ce906065af03e47ada4c46b139a08445c%7C0%7C0%7C638830189536190018%7CUnknown%7CTWFpbGZsb3d8eyJFbXB0eU1hcGkiOnRydWUsIlYiOiIwLjAuMDAwMCIsIlAiOiJXaW4zMiIsIkFOIjoiTWFpbCIsIldUIjoyfQ%3D%3D%7C0%7C%7C%7C&sdata=51uxLqOLd1bKpCKtxI%2BRnjuPk5TyF3X%2B1Pk6M2bgsjc%3D&reserved=0\">El rol de los medios de comunicaci\u00f3n en la prevenci\u00f3n del suicidio<\/a><br><strong>8 de mayo de 2025<\/strong><\/td>\n      <td>WIAC 740 AM \u2013 930 AM, Mayag\u00fcez y Cabo Rojo | 1390 AM, Isabela WIPR 940 AM wipr.pr\/am | Programa Alianza Solidaria  - Moderador: Sr. Iv\u00e1n S\u00e1nchez <\/td>\n      <td>Mar\u00eda Isabel Coss Guzm\u00e1n, PhD - Gerente de Proyecto<\/td>\n    <\/tr>\n\t<tr>\n      <td><a href=\"https:\/\/youtu.be\/Khh_iPLp1Bs?si=CzS1Fm5cQwzMQwii\">Bajan los suicidios- Revelan que hace una d\u00e9cada se ha experimentado una merma en los suicidios<\/a><br><strong>15 de abril de 2025 <\/strong><\/td>\n      <td>Magic 97.3 FM | Primer Round \u2013 Locutores: Dennise P\u00e9rez y Rafael Len\u00edn L\u00f3pez<\/td>\n      <td>Nayda I. Rom\u00e1n V\u00e1zquez, PhD - Directora<\/td>\n    <\/tr>\n    <tr>\n      <td><a href=\"https:\/\/www.youtube.com\/live\/yiobE40YMGs?t=3615s\">Suicide prevention in children and young people<\/a><br><strong>24 de febrero de 2025<\/strong><\/td>\n      <td>Radio Isla 1320 AM \u2013 Programa D\u00edgame la Verdad \u2013 Moderadora: Milly M\u00e9ndez<\/td>\n      <td>Janice Viera Col\u00f3n, PhD \u2013 Facilitadora y Coordinadora de la Coalici\u00f3n Multisectorial para la Prevenci\u00f3n del Suicidio<\/td>\n    <\/tr>\n    <tr>\n      <td><a href=\"https:\/\/www.facebook.com\/share\/v\/15wfhoCt2K\/\">Coalici\u00f3n Multisectorial para la Prevenci\u00f3n del suicidio y prevenci\u00f3n del suicidio en adultos mayores<\/a><br><strong>19 de febrero de 2025<\/strong><\/td>\n      <td>Triunfo 96.9 FM \u2013 Programa En 50 Minutos \u2013 Moderadores: Juan Carlos Ram\u00edrez & Rafael Laboy<\/td>\n      <td>Janice Viera Col\u00f3n, PhD \u2013 Facilitadora y Coordinadora de la Coalici\u00f3n Multisectorial para la Prevenci\u00f3n del Suicidio<\/td>\n    <\/tr>\n    <tr>\n      <td><a href=\"https:\/\/www.facebook.com\/share\/v\/18N9QpNQQ7\/\">Coalici\u00f3n Multisectorial para la Prevenci\u00f3n del Suicidio y la importancia del almacenamiento seguro de armas de fuego<\/a><br><strong>6 de febrero de 2025<\/strong><\/td>\n      <td>WIAC 740 AM \u2013 930 AM, Mayag\u00fcez y Cabo Rojo \/ 1390 AM, Isabela \/ WIPR 940 AM \u2013 Programa Alianza Solidaria \u2013 Moderador: Sr. Iv\u00e1n S\u00e1nchez<\/td>\n      <td>Janice Viera Col\u00f3n, PhD \u2013 Facilitadora y Coordinadora de la Coalici\u00f3n Multisectorial para la Prevenci\u00f3n del Suicidio<\/td>\n    <\/tr>\n    <tr>\n      <td><a href=\"https:\/\/www.facebook.com\/watch\/live\/?ref=watch_permalink&v=1559027201382277\">Prevenci\u00f3n del suicidio en adultos mayores<\/a><br><strong>31 de octubre de 2024<\/strong><\/td>\n      <td>WIAC 740 AM \u2013 930 AM \/ 1390 AM \/ WIPR 940 AM \u2013 Programa Alianza Solidaria \u2013 Moderador: Sr. Iv\u00e1n S\u00e1nchez<\/td>\n      <td>Janice Viera Col\u00f3n, PhD \u2013 Facilitadora y Coordinadora de la Coalici\u00f3n Multisectorial para la Prevenci\u00f3n del Suicidio<\/td>\n    <\/tr>\n    <tr>\n      <td>Coalici\u00f3n Multisectorial para la Prevenci\u00f3n del suicidio y prevenci\u00f3n del suicidio en adultos mayores<\/a><br><strong>8 de octubre de 2024<\/strong><\/td>\n      <td>WIPR 940 AM \u2013 Programa Esperanza para la vejez \u2013 Moderadora: Zoraida Vega<\/td>\n      <td>Janice Viera Col\u00f3n, PhD \u2013 Facilitadora y Coordinadora de la Coalici\u00f3n Multisectorial para la Prevenci\u00f3n del Suicidio<\/td>\n    <\/tr>\n    <tr>\n      <td><a href=\"https:\/\/www.facebook.com\/radiotiempopr\/videos\/2323293221341778\">El Suicidio en Puerto Rico: Estad\u00edsticas, Factores de Riesgo y Estrategias de Prevenci\u00f3n<\/a><br><strong>2 de octubre de 2024<\/strong><\/td>\n      <td>Radio Tiempo \u2013 Programa \u201cVive en Salud y Bienestar\u201d \u2013 Moderador: Luis J. Ortiz Leandry, MPHE, CHES<\/td>\n      <td>Mar\u00eda Isabel Coss Guzm\u00e1n, PhD \u2013 Gerente de Proyecto<\/td>\n    <\/tr>\n    <tr>\n      <td><a href=\"https:\/\/dsdepr-my.sharepoint.com\/:u:\/g\/personal\/00mvn1_salud_gov_pr\/EWmyVHJxmn9CutrFTVctMsgBY5KDV2BSwWvkzu90zCVyGA?e=Bo60hC\">Campa\u00f1a Mes de la Prevenci\u00f3n del Suicidio #Elige Vivir. Juntos Podemos Prevenir el Suicidio<\/a><br><strong>10 de septiembre de 2024<\/strong><\/td>\n      <td>Magic 97.3 \u2013 Programa \u201cSunset Drive\u201d \u2013 Locutor: Rony Campos<\/td>\n      <td>Nayda I. Rom\u00e1n V\u00e1zquez, PhD \u2013 Directora<\/td>\n    <\/tr>\n    <tr>\n      <td><a href=\"https:\/\/dsdepr-my.sharepoint.com\/:u:\/g\/personal\/00mvn1_salud_gov_pr\/EWTNJO5VpelIsfZHLlEKobMBUgkWyMeK6950Y49JcyEcOA?e=oUyOTb\">Campa\u00f1a Mes de la Prevenci\u00f3n del Suicidio #Elige Vivir. Juntos Podemos Prevenir el Suicidio<\/a><br><strong>10 de septiembre de 2024<\/strong><\/td>\n      <td>Magic 97.3 \u2013 Programa \u201cPrimer Round\u201d \u2013 Locutores: Rafael Len\u00edn L\u00f3pez y Dennise P\u00e9rez<\/td>\n      <td>Nayda I. Rom\u00e1n V\u00e1zquez, PhD \u2013 Directora<\/td>\n    <\/tr>\n    <tr>\n      <td><a href=\"https:\/\/dsdepr-my.sharepoint.com\/:u:\/g\/personal\/00mvn1_salud_gov_pr\/EfhLQpXaRMJFoOym4yWrflIBv_T5tC5lv-2XtY_nBN4rGQ?e=OJUXpT\">Campa\u00f1a Mes de la Prevenci\u00f3n del Suicidio #Elige Vivir. Juntos Podemos Prevenir el Suicidio<\/a><br><strong>9 de septiembre de 2024<\/strong><\/td>\n      <td>Magic 97.3 \u2013 Programa \u201cPrimer Round\u201d \u2013 Locutores: Rafael Len\u00edn L\u00f3pez y Dennise P\u00e9rez<\/td>\n      <td>Nayda I. Rom\u00e1n V\u00e1zquez, PhD \u2013 Directora<\/td>\n    <\/tr>\n  <\/tbody>\n<\/table>\n\n\n<\/div><\/div><\/div><\/div>","protected":false},"excerpt":{"rendered":"","protected":false},"author":5,"featured_media":0,"parent":6577,"menu_order":0,"comment_status":"closed","ping_status":"closed","template":"100-width.php","meta":{"footnotes":""},"class_list":["post-6641","page","type-page","status-publish","hentry"],"_links":{"self":[{"href":"https:\/\/prevencionsuicidio.salud.pr.gov\/en\/wp-json\/wp\/v2\/pages\/6641","targetHints":{"allow":["GET"]}}],"collection":[{"href":"https:\/\/prevencionsuicidio.salud.pr.gov\/en\/wp-json\/wp\/v2\/pages"}],"about":[{"href":"https:\/\/prevencionsuicidio.salud.pr.gov\/en\/wp-json\/wp\/v2\/types\/page"}],"author":[{"embeddable":true,"href":"https:\/\/prevencionsuicidio.salud.pr.gov\/en\/wp-json\/wp\/v2\/users\/5"}],"replies":[{"embeddable":true,"href":"https:\/\/prevencionsuicidio.salud.pr.gov\/en\/wp-json\/wp\/v2\/comments?post=6641"}],"version-history":[{"count":7,"href":"https:\/\/prevencionsuicidio.salud.pr.gov\/en\/wp-json\/wp\/v2\/pages\/6641\/revisions"}],"predecessor-version":[{"id":7658,"href":"https:\/\/prevencionsuicidio.salud.pr.gov\/en\/wp-json\/wp\/v2\/pages\/6641\/revisions\/7658"}],"up":[{"embeddable":true,"href":"https:\/\/prevencionsuicidio.salud.pr.gov\/en\/wp-json\/wp\/v2\/pages\/6577"}],"wp:attachment":[{"href":"https:\/\/prevencionsuicidio.salud.pr.gov\/en\/wp-json\/wp\/v2\/media?parent=6641"}],"curies":[{"name":"wp","href":"https:\/\/api.w.org\/{rel}","templated":true}]}}