{"id":6631,"date":"2025-04-14T20:57:19","date_gmt":"2025-04-14T20:57:19","guid":{"rendered":"https:\/\/prevencionsuicidio.salud.pr.gov\/?page_id=6631"},"modified":"2026-03-05T17:54:01","modified_gmt":"2026-03-05T17:54:01","slug":"television","status":"publish","type":"page","link":"https:\/\/prevencionsuicidio.salud.pr.gov\/en\/colaboraciones\/noticias\/television\/","title":{"rendered":"Televisi\u00f3n"},"content":{"rendered":"<div class=\"fusion-fullwidth fullwidth-box fusion-builder-row-1 fusion-flex-container has-pattern-background has-mask-background nonhundred-percent-fullwidth non-hundred-percent-height-scrolling\" style=\"--awb-border-radius-top-left:0px;--awb-border-radius-top-right:0px;--awb-border-radius-bottom-right:0px;--awb-border-radius-bottom-left:0px;--awb-flex-wrap:wrap;\" ><div class=\"fusion-builder-row fusion-row fusion-flex-align-items-flex-start fusion-flex-content-wrap\" style=\"max-width:1216.8px;margin-left: calc(-4% \/ 2 );margin-right: calc(-4% \/ 2 );\"><div class=\"fusion-layout-column fusion_builder_column fusion-builder-column-0 fusion_builder_column_1_1 1_1 fusion-flex-column\" style=\"--awb-bg-size:cover;--awb-width-large:100%;--awb-margin-top-large:0px;--awb-spacing-right-large:1.92%;--awb-margin-bottom-large:20px;--awb-spacing-left-large:1.92%;--awb-width-medium:100%;--awb-order-medium:0;--awb-spacing-right-medium:1.92%;--awb-spacing-left-medium:1.92%;--awb-width-small:100%;--awb-order-small:0;--awb-spacing-right-small:1.92%;--awb-spacing-left-small:1.92%;\"><div class=\"fusion-column-wrapper fusion-column-has-shadow fusion-flex-justify-content-flex-start fusion-content-layout-column\"><style>\n  table {\n    border-collapse: collapse;\n    width: 100%;\n    color: #111111;\n    font-family: Arial, sans-serif;\n  }\n\n  th, td {\n    border: 1px solid #ccc;\n    padding: 10px;\n    vertical-align: top;\n  }\n\n  th {\n    background-color: #f2f2f2;\n    text-align: left;\n    font-weight: bold;\n  }\n\n  a {\n    color: #0056cc !important;\n    text-decoration: none;\n  }\n\n  a:hover {\n    text-decoration: underline !important;\n  }\n<\/style>\n\n<table>\n  <thead>\n    <tr>\n      <th><strong>Tema y Fecha<\/strong><\/th>\n      <th><strong>Medio y Moderador<\/strong><\/th>\n      <th><strong>Recurso de la Comisi\u00f3n<\/strong><\/th>\n    <\/tr>\n  <\/thead>\n  <tbody>\n\t<tr>\n      <td><a href=\"https:\/\/www.youtube.com\/live\/Htb_QLxiJIw?t=42m20s\">Mes de la Prevenci\u00f3n y Alerta de la Violencia en el Noviazgo<\/a><br><strong>12 de febrero de 2026<\/strong><\/td>\n      <td>WIPR TV | Entrevista en vivo- Notis\u00e9is 360: Mayra Acevedo<\/td>\n      <td>Mar\u00eda Isabel Coss Guzm\u00e1n, PhD - Gerente de Proyecto <\/td>\n    <\/tr>\n\t<tr>\n      <td><a href=\"https:\/\/youtu.be\/obmfKECWNms?si=h_8Yso56QI5tM_Ux\">Mes de la Prevenci\u00f3n del Suicidio \u201cElige vivir en comunidad\u201d<\/a><br><strong>29 de agosto de 2025<\/strong><\/td>\n      <td>Tu Salud Informa: Dr. Julio Jim\u00e9nez, M\u00e9dico Psiquiatra<\/td>\n      <td>Mar\u00eda Isabel Coss Guzm\u00e1n, PhD - Gerente de Proyecto <\/td>\n    <\/tr>\n\t<tr>\n      <td><a href=\"https:\/\/youtu.be\/qeP5qPhoxAc?si=lta6h-r8ul3enfmw\">Mes de la Prevenci\u00f3n del Suicidio \u201cElige vivir en comunidad\u201d<\/a><br><strong>28 de agosto de 2025<\/strong><\/td>\n      <td>Tu Salud Informa: Dr. Julio Jim\u00e9nez, M\u00e9dico Psiquiatra<\/td>\n      <td>Mar\u00eda Isabel Coss Guzm\u00e1n, PhD - Gerente de Proyecto <\/td>\n    <\/tr>\n\t<tr>\n      <td><a href=\"https:\/\/www.youtube.com\/live\/SeB5nTNQwSc?si=32Ih-OnMizuaRKSI\">Mes de la Prevenci\u00f3n del Suicidio \u201cElige vivir en counidad\u201d<\/a><br><strong>28 de agosto de 2025<\/strong><\/td>\n      <td>WIPR TV | Entrevista en vivo- Notis\u00e9is 360: David Reyes<\/td>\n      <td>Francisco J. Parga, PhD - Psic\u00f3logo y Facilitador<\/td>\n    <\/tr>\n\t<tr>\n      <td><a href=\"https:\/\/youtu.be\/FnMA9WbTFCg?si=WbPcN0UBXUv40HmP\">\u201cElige Vivir en Comunidad\u201d, iniciativa para la prevenci\u00f3n del suicidio<\/a><br><strong>27 de agosto de 2025<\/strong><\/td>\n      <td>WIPR TV | Entrevista en vivo- Notis\u00e9is 360: Mayra Acevedo<\/td>\n      <td>Janice Viera Col\u00f3n, PhD - Facilitadora y Coordinadora de la Coalici\u00f3n Multisectorial para la Prevenci\u00f3n del Suicidio<\/td>\n    <\/tr>\n\t<tr>\n      <td><a href=\"https:\/\/youtu.be\/3BOIr-GtyNM?si=RpM-t7JKXa_Y2FW4\">Estad\u00edsticas, Factores de Riesgo y Estrategias de Prevenci\u00f3n<\/a><br><strong>9 de abril de 2025<\/strong><\/td>\n      <td>Tu Salud Informa: Dr. Julio Jim\u00e9nez, M\u00e9dico Psiquiatra<\/td>\n      <td>Mar\u00eda Isabel Coss Guzm\u00e1n, PhD - Gerente de Proyecto <\/td>\n    <\/tr>\n\t<tr>\n      <td><a href=\"https:\/\/gcc02.safelinks.protection.outlook.com\/?url=https%3A%2F%2Fwww.youtube.com%2Fwatch%3Fv%3DwoOKrMsahpI%26ab_channel%3DNotis%25C3%25A9isWIPR&data=05%7C02%7Cvega.marangeli%40salud.pr.gov%7C8a52511b4eeb4912647d08dd94ac3535%7Ce906065af03e47ada4c46b139a08445c%7C0%7C0%7C638830189536161738%7CUnknown%7CTWFpbGZsb3d8eyJFbXB0eU1hcGkiOnRydWUsIlYiOiIwLjAuMDAwMCIsIlAiOiJXaW4zMiIsIkFOIjoiTWFpbCIsIldUIjoyfQ%3D%3D%7C0%7C%7C%7C&sdata=gnCEVJ4OKufJBrWHPxt6t380e0aHx%2F%2BjHcWnOJETBa8%3D&reserved=0\">El rol de los medios de comunicaci\u00f3n en la prevenci\u00f3n del suicidio<\/a><br><strong>12 de mayo de 2025<\/strong><\/td>\n      <td>WIPR TV | Entrevista en vivo- Notis\u00e9is 360: Mayra Acevedo<\/td>\n      <td>Francisco J. Parga, PhD - Psic\u00f3logo y Facilitador <\/td>\n    <\/tr>\n\t<tr>\n      <td><a href=\"https:\/\/www.youtube.com\/watch?v=X3Z77I_1Zaw&ab_channel=JugandoPelotaDura\">Aumentan los suicidios en la isla<\/a><br><strong>10 de abril de 2025<\/strong><\/td>\n      <td>Jugando Pelota Dura: Ferdinand P\u00e9rez <\/td>\n      <td>Nayda I. Rom\u00e1n V\u00e1zquez, PhD - Directora<\/td>\n    <\/tr>\n\t<tr>\n      <td><a href=\"https:\/\/youtu.be\/3BOIr-GtyNM?si=RpM-t7JKXa_Y2FW4\">Estad\u00edsticas, Factores de Riesgo y Estrategias de Prevenci\u00f3n<\/a><br><strong>9 de abril de 2025<\/strong><\/td>\n      <td>Tu Salud Informa: Dr. Julio Jim\u00e9nez, M\u00e9dico Psiquiatra<\/td>\n      <td>Mar\u00eda Isabel Coss Guzm\u00e1n, PhD - Gerente de Proyecto <\/td>\n    <\/tr>\n\t<tr>\n      <td><a href=\"https:\/\/www.instagram.com\/reel\/DICuCu2vfYW\/?igsh=c2dybzd5dmE1bWho\">La prevenci\u00f3n del suicidio es una urgencia que no podemos ignorar<\/a><br><strong>31 de marzo de 2025<\/strong><\/td>\n      <td>ABC Puerto Rico | Directo & Sin Filtro: Sarah Angely<\/td>\n      <td>Mar\u00eda Isabel Coss Guzm\u00e1n, PhD - Gerente de Proyecto <\/td>\n    <\/tr>\n\t<tr>\n      <td><a href=\"https:\/\/teleonce.com\/programas\/uncategorized\/aumentan-los-suicidios-en-la-isla\/\">Aumentan los suicidios en la isla<\/a><br><strong>25 de marzo de 2025<\/strong><\/td>\n      <td>Tele Once | Entrevista en vivo- En la Ma\u00f1ana: Andrea Rivera - Pepe Calder\u00f3n<\/td>\n      <td>Mar\u00eda Isabel Coss Guzm\u00e1n, PhD - Gerente de Proyecto <\/td>\n    <\/tr>\n    <tr>\n      <td><a href=\"https:\/\/www.youtube.com\/watch?v=AAIteEiGDPw&t=2044s\">Mes de Concienciaci\u00f3n sobre Autoestima<\/a><br><strong>13 de enero de 2025<\/strong><\/td>\n      <td>WIPR TV \u2013 Periodista: Mayra Acevedo<\/td>\n      <td>Janice Viera Col\u00f3n, PhD \u2013 Facilitadora y Coordinadora de la Coalici\u00f3n Multisectorial para la Prevenci\u00f3n del Suicidio<\/td>\n    <\/tr>\n    <tr>\n      <td><a href=\"https:\/\/www.youtube.com\/watch?v=zvpntot7174\">En esta Navidad, regala solidaridad<\/a><br><strong>17 de diciembre de 2024<\/strong><\/td>\n      <td>WIPR TV \u2013 Periodista: Mayra Acevedo<\/td>\n      <td>Nayda I. Rom\u00e1n V\u00e1zquez, PhD \u2013 Directora<\/td>\n    <\/tr>\n    <tr>\n      <td><a href=\"https:\/\/www.youtube.com\/watch?v=MjuW0C6l_0o\">La Salud Mental en Puerto Rico y el Rol de la salud p\u00fablica en la prevenci\u00f3n del suicidio<\/a><br><strong>7 de octubre de 2024<\/strong><\/td>\n      <td>WIPR TV \u2013 Periodista: F\u00e9lix Alem\u00e1n Ruiz<\/td>\n      <td>Nayda I. Rom\u00e1n V\u00e1zquez, PhD \u2013 Directora<\/td>\n    <\/tr>\n    <tr>\n      <td><a href=\"https:\/\/www.youtube.com\/watch?v=3BOIr-GtyNM\">El Suicidio en Puerto Rico: Estad\u00edsticas, Factores de Riesgo y Estrategias de Prevenci\u00f3n<\/a><br><strong>18 de septiembre de 2024<\/strong><\/td>\n      <td>Tu Salud Informa PR \u2013 Moderador: Dr. Julio Jim\u00e9nez<\/td>\n      <td>Mar\u00eda Isabel Coss Guzm\u00e1n, PhD \u2013 Gerente de Proyecto<\/td>\n    <\/tr>\n    <tr>\n      <td><a href=\"https:\/\/www.telemundopr.com\/noticias\/hoy-dia-pr\/elige-vivir-caravana-va-dirigida-a-la-prevencion-del-suicidio\/2643555\/\">Elige vivir: caravana va dirigida a la prevenci\u00f3n del suicidio<\/a><br><strong>10 de septiembre de 2024<\/strong><\/td>\n      <td>Telemundo PR \u2013 Periodista: Maribel Mel\u00e9ndez Font\u00e1n<\/td>\n      <td>Mar\u00eda Isabel Coss Guzm\u00e1n, PhD \u2013 Gerente de Proyecto<\/td>\n    <\/tr>\n    <tr>\n      <td><a href=\"https:\/\/www.youtube.com\/watch?v=pApqYFSyNNA\">El Suicidio es Prevenible \/ D\u00eda Mundial de la Prevenci\u00f3n del Suicidio<\/a><br><strong>9 de septiembre de 2024<\/strong><\/td>\n      <td>WIPR TV \u2013 Periodista: Mayra Acevedo<\/td>\n      <td>Nayda I. Rom\u00e1n V\u00e1zquez, PhD \u2013 Directora<\/td>\n    <\/tr>\n    <tr>\n      <td><a href=\"https:\/\/www.youtube.com\/watch?v=kK3Sgc6VG7M&t=2650s\">Prevenci\u00f3n de suicidio en situaciones de desastre \/ Temporada de Huracanes<\/a><br><strong>29 de julio de 2024<\/strong><\/td>\n      <td>WIPR TV \u2013 Periodista: Mayra Acevedo<\/td>\n      <td>Nayda I. Rom\u00e1n V\u00e1zquez, PhD \u2013 Directora<\/td>\n    <\/tr>\n    <tr>\n      <td><a href=\"https:\/\/www.youtube.com\/watch?v=qQJPfV0YCNk\">El Suicidio en Puerto Rico<\/a><br><strong>30 de abril de 2024<\/strong><\/td>\n      <td>Tu Salud Informa PR \u2013 Moderador: Dr. Julio Jim\u00e9nez<\/td>\n      <td>Mar\u00eda Isabel Coss Guzm\u00e1n, PhD \u2013 Gerente de Proyecto<\/td>\n    <\/tr>\n  <\/tbody>\n<\/table>\n<\/div><\/div><\/div><\/div>","protected":false},"excerpt":{"rendered":"","protected":false},"author":5,"featured_media":0,"parent":6577,"menu_order":0,"comment_status":"closed","ping_status":"closed","template":"100-width.php","meta":{"footnotes":""},"class_list":["post-6631","page","type-page","status-publish","hentry"],"_links":{"self":[{"href":"https:\/\/prevencionsuicidio.salud.pr.gov\/en\/wp-json\/wp\/v2\/pages\/6631","targetHints":{"allow":["GET"]}}],"collection":[{"href":"https:\/\/prevencionsuicidio.salud.pr.gov\/en\/wp-json\/wp\/v2\/pages"}],"about":[{"href":"https:\/\/prevencionsuicidio.salud.pr.gov\/en\/wp-json\/wp\/v2\/types\/page"}],"author":[{"embeddable":true,"href":"https:\/\/prevencionsuicidio.salud.pr.gov\/en\/wp-json\/wp\/v2\/users\/5"}],"replies":[{"embeddable":true,"href":"https:\/\/prevencionsuicidio.salud.pr.gov\/en\/wp-json\/wp\/v2\/comments?post=6631"}],"version-history":[{"count":13,"href":"https:\/\/prevencionsuicidio.salud.pr.gov\/en\/wp-json\/wp\/v2\/pages\/6631\/revisions"}],"predecessor-version":[{"id":7956,"href":"https:\/\/prevencionsuicidio.salud.pr.gov\/en\/wp-json\/wp\/v2\/pages\/6631\/revisions\/7956"}],"up":[{"embeddable":true,"href":"https:\/\/prevencionsuicidio.salud.pr.gov\/en\/wp-json\/wp\/v2\/pages\/6577"}],"wp:attachment":[{"href":"https:\/\/prevencionsuicidio.salud.pr.gov\/en\/wp-json\/wp\/v2\/media?parent=6631"}],"curies":[{"name":"wp","href":"https:\/\/api.w.org\/{rel}","templated":true}]}}