{"id":6418,"date":"2025-01-25T21:11:55","date_gmt":"2025-01-25T21:11:55","guid":{"rendered":"https:\/\/prevencionsuicidio.salud.pr.gov\/?page_id=6418"},"modified":"2025-11-28T12:19:26","modified_gmt":"2025-11-28T12:19:26","slug":"gubernamental","status":"publish","type":"page","link":"https:\/\/prevencionsuicidio.salud.pr.gov\/en\/colaboraciones\/alianza\/gubernamental\/","title":{"rendered":"Gubernamental"},"content":{"rendered":"<div class=\"fusion-fullwidth fullwidth-box fusion-builder-row-1 fusion-flex-container has-pattern-background has-mask-background nonhundred-percent-fullwidth non-hundred-percent-height-scrolling\" style=\"--awb-border-radius-top-left:0px;--awb-border-radius-top-right:0px;--awb-border-radius-bottom-right:0px;--awb-border-radius-bottom-left:0px;--awb-flex-wrap:wrap;\" ><div class=\"fusion-builder-row fusion-row fusion-flex-align-items-flex-start fusion-flex-content-wrap\" style=\"max-width:1216.8px;margin-left: calc(-4% \/ 2 );margin-right: calc(-4% \/ 2 );\"><div class=\"fusion-layout-column fusion_builder_column fusion-builder-column-0 fusion_builder_column_1_1 1_1 fusion-flex-column\" style=\"--awb-bg-size:cover;--awb-width-large:100%;--awb-margin-top-large:0px;--awb-spacing-right-large:1.92%;--awb-margin-bottom-large:20px;--awb-spacing-left-large:1.92%;--awb-width-medium:100%;--awb-order-medium:0;--awb-spacing-right-medium:1.92%;--awb-spacing-left-medium:1.92%;--awb-width-small:100%;--awb-order-small:0;--awb-spacing-right-small:1.92%;--awb-spacing-left-small:1.92%;\"><div class=\"fusion-column-wrapper fusion-column-has-shadow fusion-flex-justify-content-flex-start fusion-content-layout-column\"><div class=\"fusion-text fusion-text-1\"><ul>\n<li><span style=\"color: #0000ff;\"><a style=\"color: #0000ff;\" href=\"https:\/\/www.assmca.pr.gov\/\">Administraci\u00f3n de Servicios de Salud Mental y Contra la Adicci\u00f3n (ASSMCA)<\/a><\/span>\n<ul>\n<li><span style=\"color: #0000ff;\"><a style=\"color: #0000ff;\" href=\"https:\/\/www.assmca.pr.gov\/proyectos-especiales\">Centro de Apoyo Mutuo<\/a><\/span><\/li>\n<li><span style=\"color: #0000ff;\"><a style=\"color: #0000ff;\" href=\"https:\/\/www.assmca.pr.gov\/proyectos-especiales\">Unidad de Capacitaci\u00f3n y Asistencia T\u00e9cnica (UCAT)<\/a><\/span><\/li>\n<li><span style=\"color: #000000;\">Oficina de Programas Federales y Planificaci\u00f3n<\/span><\/li>\n<\/ul>\n<\/li>\n<li><span style=\"color: #0000ff;\"><a style=\"color: #0000ff;\" href=\"https:\/\/www.drd.pr.gov\/\">Departamento de Recreaci\u00f3n y Deportes<\/a><\/span><\/li>\n<li><span style=\"color: #0000ff;\"><a style=\"color: #0000ff;\" href=\"https:\/\/www.pr.gov\/directorio-de-agencias\/departamento-de-correccion-y-rehabilitacion-dcr-1\">Departamento de Correcci\u00f3n y Rehabilitaci\u00f3n\u00a0<\/a><\/span><\/li>\n<li><span style=\"color: #0000ff;\"><a style=\"color: #0000ff;\" href=\"https:\/\/trabajo.pr.gov\/\">Departamento del Trabajo y Recursos Humanos\u00a0<\/a><\/span><\/li>\n<li><span style=\"color: #0000ff;\"><a style=\"color: #0000ff;\" href=\"https:\/\/www.vivienda.pr.gov\/\">Departamento de la Vivienda<\/a><\/span><\/li>\n<li><span style=\"color: #0000ff;\"><a style=\"color: #0000ff;\" href=\"https:\/\/www.justicia.pr.gov\/\">Departamento de Justicia<\/a><\/span><\/li>\n<li><span style=\"color: #0000ff;\"><a style=\"color: #0000ff;\" href=\"https:\/\/www.salud.pr.gov\/\">Departamento de Salud<\/a><\/span>\n<ul>\n<li><span style=\"color: #000000;\">Oficina de Inform\u00e1tica y Asuntos Tecnol\u00f3gicos (OIAT)<\/span><\/li>\n<li><span style=\"color: #0000ff;\"><a style=\"color: #0000ff;\" href=\"https:\/\/www.salud.pr.gov\/CMS\/80\">Programa de Envejecimiento Saludable<\/a><\/span><\/li>\n<li><span style=\"color: #0000ff;\"><a style=\"color: #0000ff;\" href=\"https:\/\/www.salud.pr.gov\/CMS\/187\">SARAFS<\/a><\/span><\/li>\n<li><span style=\"color: #0000ff;\"><a style=\"color: #0000ff;\" href=\"https:\/\/www.salud.pr.gov\/CMS\/186\">Secretar\u00eda Auxiliar de Planificaci\u00f3n y Desarrollo<\/a><\/span><\/li>\n<li><span style=\"color: #0000ff;\"><a style=\"color: #0000ff;\" href=\"https:\/\/www.salud.pr.gov\/CMS\/387\">Secretaria Auxiliar de Promoci\u00f3n de la Salud<\/a><\/span><\/li>\n<li><span style=\"color: #000000;\">Oficina de Gesti\u00f3n de Proyectos (PMO)<\/span><\/li>\n<li><span style=\"color: #0000ff;\"><a style=\"color: #0000ff;\" href=\"https:\/\/www.salud.pr.gov\/CMS\/85\">Oficina de Medicaid<\/a><\/span><\/li>\n<li><span style=\"color: #0000ff;\"><a style=\"color: #0000ff;\" href=\"https:\/\/www.salud.pr.gov\/CMS\/191\">Secretar\u00eda Auxiliar para la Vigilancia y la Protecci\u00f3n de la Salud P\u00fablica (Divisi\u00f3n de Epidemiologia e investigaci\u00f3n)<\/a><\/span><\/li>\n<li><span style=\"color: #0000ff;\"><a style=\"color: #0000ff;\" href=\"https:\/\/www.salud.pr.gov\/CMS\/396\">Divisi\u00f3n de Madres Ni\u00f1os y Adolescentes<\/a><\/span><\/li>\n<\/ul>\n<\/li>\n<li><span style=\"color: #0000ff;\"><a style=\"color: #0000ff;\" href=\"https:\/\/www.dsp.pr.gov\/\">Departamento de Seguridad P\u00fablica<\/a><\/span><\/li>\n<li><span style=\"color: #0000ff;\"><a style=\"color: #0000ff;\" href=\"https:\/\/www.familia.pr.gov\/\">Departamento de la Familia<\/a><\/span><\/li>\n<li><span style=\"color: #0000ff;\"><a style=\"color: #0000ff;\" href=\"https:\/\/www.facebook.com\/AsociacionAlcaldesPR\/?locale=es_LA\">Asociaci\u00f3n de <\/a>Alcaldes<\/span><\/li>\n<li><span style=\"color: #0000ff;\"><a style=\"color: #0000ff;\" href=\"https:\/\/www.facebook.com\/fedalcaldespr\/?locale=es_LA\">Federaci\u00f3n de <\/a>Alcaldes<\/span><\/li>\n<li><span style=\"color: #0000ff;\"><a style=\"color: #0000ff;\" href=\"https:\/\/gobiernodigital.pr.gov\/\">Registro Demogr\u00e1fico<\/a><\/span><\/li>\n<li><span style=\"color: #0000ff;\"><a style=\"color: #0000ff;\" href=\"https:\/\/www.icf.pr.gov\/\">Instituto de Ciencias Forenses<\/a><\/span><\/li>\n<li><span style=\"color: #0000ff;\"><a style=\"color: #0000ff;\" href=\"https:\/\/www.salud.pr.gov\/CMS\/410\">Puerto Rico Health Information Exchange (PRHIE)<\/a><\/span><\/li>\n<li><span style=\"color: #0000ff;\"><a style=\"color: #0000ff;\" href=\"https:\/\/www.salud.pr.gov\/CMS\/589\">Programa de Equidad en Salud<\/a><\/span><\/li>\n<li><span style=\"color: #0000ff;\"><a style=\"color: #0000ff;\" href=\"https:\/\/www.salud.pr.gov\/CMS\/600\">Programa de Opioides<\/a><\/span><\/li>\n<li><span style=\"color: #0000ff;\"><a style=\"color: #0000ff;\" href=\"https:\/\/www.oppea.pr.gov\/\">Procurador de Personas de Edad Avanzada<\/a><\/span><\/li>\n<li><span style=\"color: #0000ff;\"><a style=\"color: #0000ff;\" href=\"https:\/\/www.mujer.pr.gov\/\">Procuradora de la Mujer<\/a><\/span><\/li>\n<li><span style=\"color: #0000ff;\"><a style=\"color: #0000ff;\" href=\"https:\/\/www.facebook.com\/ODSECPR\/\">La Fortaleza, Oficina del Tercer Sector<\/a><\/span><\/li>\n<li><span style=\"color: #0000ff;\"><a style=\"color: #0000ff;\" href=\"https:\/\/de.pr.gov\/\">Departamento de Educaci\u00f3n<\/a><\/span><\/li>\n<li><span style=\"color: #0000ff;\"><a style=\"color: #0000ff;\" href=\"https:\/\/www.pr.gov\/desarrollo-economico\">Departamento de Desarrollo Econ\u00f3mico<\/a><\/span><\/li>\n<\/ul>\n<\/div><\/div><\/div><\/div><\/div>","protected":false},"excerpt":{"rendered":"","protected":false},"author":5,"featured_media":0,"parent":6402,"menu_order":0,"comment_status":"closed","ping_status":"closed","template":"","meta":{"footnotes":""},"class_list":["post-6418","page","type-page","status-publish","hentry"],"_links":{"self":[{"href":"https:\/\/prevencionsuicidio.salud.pr.gov\/en\/wp-json\/wp\/v2\/pages\/6418","targetHints":{"allow":["GET"]}}],"collection":[{"href":"https:\/\/prevencionsuicidio.salud.pr.gov\/en\/wp-json\/wp\/v2\/pages"}],"about":[{"href":"https:\/\/prevencionsuicidio.salud.pr.gov\/en\/wp-json\/wp\/v2\/types\/page"}],"author":[{"embeddable":true,"href":"https:\/\/prevencionsuicidio.salud.pr.gov\/en\/wp-json\/wp\/v2\/users\/5"}],"replies":[{"embeddable":true,"href":"https:\/\/prevencionsuicidio.salud.pr.gov\/en\/wp-json\/wp\/v2\/comments?post=6418"}],"version-history":[{"count":5,"href":"https:\/\/prevencionsuicidio.salud.pr.gov\/en\/wp-json\/wp\/v2\/pages\/6418\/revisions"}],"predecessor-version":[{"id":7736,"href":"https:\/\/prevencionsuicidio.salud.pr.gov\/en\/wp-json\/wp\/v2\/pages\/6418\/revisions\/7736"}],"up":[{"embeddable":true,"href":"https:\/\/prevencionsuicidio.salud.pr.gov\/en\/wp-json\/wp\/v2\/pages\/6402"}],"wp:attachment":[{"href":"https:\/\/prevencionsuicidio.salud.pr.gov\/en\/wp-json\/wp\/v2\/media?parent=6418"}],"curies":[{"name":"wp","href":"https:\/\/api.w.org\/{rel}","templated":true}]}}