{"id":6416,"date":"2025-01-25T21:11:16","date_gmt":"2025-01-25T21:11:16","guid":{"rendered":"https:\/\/prevencionsuicidio.salud.pr.gov\/?page_id=6416"},"modified":"2025-11-28T13:53:00","modified_gmt":"2025-11-28T13:53:00","slug":"comunitario","status":"publish","type":"page","link":"https:\/\/prevencionsuicidio.salud.pr.gov\/en\/colaboraciones\/alianza\/comunitario\/","title":{"rendered":"Comunitario"},"content":{"rendered":"<div class=\"fusion-fullwidth fullwidth-box fusion-builder-row-1 fusion-flex-container has-pattern-background has-mask-background nonhundred-percent-fullwidth non-hundred-percent-height-scrolling\" style=\"--awb-border-radius-top-left:0px;--awb-border-radius-top-right:0px;--awb-border-radius-bottom-right:0px;--awb-border-radius-bottom-left:0px;--awb-flex-wrap:wrap;\" ><div class=\"fusion-builder-row fusion-row fusion-flex-align-items-flex-start fusion-flex-content-wrap\" style=\"max-width:1216.8px;margin-left: calc(-4% \/ 2 );margin-right: calc(-4% \/ 2 );\"><div class=\"fusion-layout-column fusion_builder_column fusion-builder-column-0 fusion_builder_column_1_1 1_1 fusion-flex-column\" style=\"--awb-bg-size:cover;--awb-width-large:100%;--awb-margin-top-large:0px;--awb-spacing-right-large:1.92%;--awb-margin-bottom-large:20px;--awb-spacing-left-large:1.92%;--awb-width-medium:100%;--awb-order-medium:0;--awb-spacing-right-medium:1.92%;--awb-spacing-left-medium:1.92%;--awb-width-small:100%;--awb-order-small:0;--awb-spacing-right-small:1.92%;--awb-spacing-left-small:1.92%;\"><div class=\"fusion-column-wrapper fusion-column-has-shadow fusion-flex-justify-content-flex-start fusion-content-layout-column\"><div class=\"fusion-text fusion-text-1\"><ul>\n<li><span style=\"color: #0000ff;\"><a style=\"color: #0000ff;\" href=\"https:\/\/villadelcarmen.org\/\">Junta Innovadora Comunal Villa del Carmen. Inc.<\/a><\/span><\/li>\n<li><span style=\"color: #0000ff;\"><a style=\"color: #0000ff;\" href=\"https:\/\/www.facebook.com\/profile.php?id=100009066361135\">Coalici\u00f3n Compass (Coalici\u00f3n para el Manejo y Prevenci\u00f3n del Abuso de Sustancias de Sabana Grande)<\/a><\/span><\/li>\n<li><span style=\"color: #0000ff;\"><a style=\"color: #0000ff;\" href=\"https:\/\/www.rehace.org\/\">Rehaciendo Comunidades con Esperanza<\/a><\/span><\/li>\n<li><span style=\"color: #000000;\">Coalici\u00f3n de Prevenci\u00f3n Morove\u00f1a, Inc.<\/span><\/li>\n<li><span style=\"color: #0000ff;\"><a style=\"color: #0000ff;\" href=\"https:\/\/www.cgspr.org\/es.html\">Girl Scouts<\/a><\/span><\/li>\n<li><span style=\"color: #000000;\">Rising Community and Economic Development<\/span><\/li>\n<li><span style=\"color: #0000ff;\"><a style=\"color: #0000ff;\" href=\"https:\/\/www.iniciativacomunitaria.org\/\">Iniciativa Comunitaria<\/a><\/span><\/li>\n<li><span style=\"color: #0000ff;\"><a style=\"color: #0000ff;\" href=\"https:\/\/clubdeleonespuertorico.org\/\">Club de Leones de Puerto Rico<\/a><\/span><\/li>\n<li><span style=\"color: #0000ff;\"><a style=\"color: #0000ff;\" href=\"https:\/\/e-leoclubhouse.org\/sites\/clubleocamuy\/index.php\">Club de Leones &#8211; Camuy<\/a><\/span><\/li>\n<li><span style=\"color: #0000ff;\"><a style=\"color: #0000ff;\" href=\"https:\/\/www.facebook.com\/clubdeleonesdeadjuntas\/?locale=es_LA\">Club de Leones &#8211; Adjuntas<\/a><\/span><\/li>\n<li><span style=\"color: #0000ff;\"><a style=\"color: #0000ff;\" href=\"https:\/\/www.facebook.com\/Club.de.Leones.DelAsomante.Aibonito\/?locale=es_LA\">Club de Leones &#8211; Aibonito<\/a><\/span><\/li>\n<li><span style=\"color: #0000ff;\"><a style=\"color: #0000ff;\" href=\"https:\/\/www.facebook.com\/clubleonesrinconpr\/?locale=es_LA\">Club de Leones &#8211; Rinc\u00f3n<\/a><\/span><\/li>\n<li><span style=\"color: #000000;\">Coalici\u00f3n SER, Inc.<\/span><\/li>\n<li><span style=\"color: #000000;\">Uni\u00f3n de Trabajadores de los Muelles<\/span><\/li>\n<li><span style=\"color: #0000ff;\"><a style=\"color: #0000ff;\" href=\"https:\/\/prfb.org\/\">Asociaci\u00f3n de Agricultores de Puerto Rico<\/a><\/span><\/li>\n<li><span style=\"color: #0000ff;\"><a style=\"color: #0000ff;\" href=\"https:\/\/e-clubhouse.org\/sites\/hatorey\/index.php\">Club de Leones &#8211; Hato Rey &#8211; Regi\u00f3n Este<\/a><\/span><\/li>\n<li><span style=\"color: #0000ff;\"><a style=\"color: #0000ff;\" href=\"https:\/\/www.aspripr.org\/\">Acci\u00f3n Social de Puerto Rico, Inc.<\/a><\/span><\/li>\n<li><span style=\"color: #0000ff;\"><a style=\"color: #0000ff;\" href=\"https:\/\/www.instagram.com\/csm_pr\/\">Coalici\u00f3n por la Salud Mental en Puerto Rico<\/a><\/span><\/li>\n<li><span style=\"color: #000000;\">Community Engagement and Partnership Coordinator (CEPC) VISN 8 \u2013 Arecibo CBOC<\/span><\/li>\n<li><span style=\"color: #000000;\">Community Based Interventions for Suicide Prevention (CBI-SP)<\/span><\/li>\n<li><span style=\"color: #000000;\">VA Caribbean Healthcare System \u2013 Suicide Prevention Program (VACHS-SPP)<\/span><\/li>\n<li><span style=\"color: #0000ff;\"><a style=\"color: #0000ff;\" href=\"https:\/\/www.instagram.com\/masculinidad98\/\">Masculinidad 98<\/a><\/span><\/li>\n<\/ul>\n<\/div><\/div><\/div><\/div><\/div>","protected":false},"excerpt":{"rendered":"","protected":false},"author":5,"featured_media":0,"parent":6402,"menu_order":0,"comment_status":"closed","ping_status":"closed","template":"","meta":{"footnotes":""},"class_list":["post-6416","page","type-page","status-publish","hentry"],"_links":{"self":[{"href":"https:\/\/prevencionsuicidio.salud.pr.gov\/en\/wp-json\/wp\/v2\/pages\/6416","targetHints":{"allow":["GET"]}}],"collection":[{"href":"https:\/\/prevencionsuicidio.salud.pr.gov\/en\/wp-json\/wp\/v2\/pages"}],"about":[{"href":"https:\/\/prevencionsuicidio.salud.pr.gov\/en\/wp-json\/wp\/v2\/types\/page"}],"author":[{"embeddable":true,"href":"https:\/\/prevencionsuicidio.salud.pr.gov\/en\/wp-json\/wp\/v2\/users\/5"}],"replies":[{"embeddable":true,"href":"https:\/\/prevencionsuicidio.salud.pr.gov\/en\/wp-json\/wp\/v2\/comments?post=6416"}],"version-history":[{"count":3,"href":"https:\/\/prevencionsuicidio.salud.pr.gov\/en\/wp-json\/wp\/v2\/pages\/6416\/revisions"}],"predecessor-version":[{"id":7737,"href":"https:\/\/prevencionsuicidio.salud.pr.gov\/en\/wp-json\/wp\/v2\/pages\/6416\/revisions\/7737"}],"up":[{"embeddable":true,"href":"https:\/\/prevencionsuicidio.salud.pr.gov\/en\/wp-json\/wp\/v2\/pages\/6402"}],"wp:attachment":[{"href":"https:\/\/prevencionsuicidio.salud.pr.gov\/en\/wp-json\/wp\/v2\/media?parent=6416"}],"curies":[{"name":"wp","href":"https:\/\/api.w.org\/{rel}","templated":true}]}}