{"id":6328,"date":"2025-01-09T02:38:17","date_gmt":"2025-01-09T02:38:17","guid":{"rendered":"https:\/\/prevencionsuicidio.salud.pr.gov\/?page_id=6328"},"modified":"2025-12-15T16:32:02","modified_gmt":"2025-12-15T16:32:02","slug":"30minutos-contigo","status":"publish","type":"page","link":"https:\/\/prevencionsuicidio.salud.pr.gov\/en\/educacion\/talleres\/30minutos-contigo\/","title":{"rendered":"Webinar: 30 minutos contigo"},"content":{"rendered":"<div class=\"fusion-fullwidth fullwidth-box fusion-builder-row-1 fusion-flex-container has-pattern-background has-mask-background nonhundred-percent-fullwidth non-hundred-percent-height-scrolling\" style=\"--awb-border-radius-top-left:0px;--awb-border-radius-top-right:0px;--awb-border-radius-bottom-right:0px;--awb-border-radius-bottom-left:0px;--awb-flex-wrap:wrap;\" ><div class=\"fusion-builder-row fusion-row fusion-flex-align-items-flex-start fusion-flex-content-wrap\" style=\"max-width:1216.8px;margin-left: calc(-4% \/ 2 );margin-right: calc(-4% \/ 2 );\"><div class=\"fusion-layout-column fusion_builder_column fusion-builder-column-0 fusion_builder_column_1_1 1_1 fusion-flex-column\" style=\"--awb-bg-size:cover;--awb-width-large:100%;--awb-margin-top-large:0px;--awb-spacing-right-large:1.92%;--awb-margin-bottom-large:20px;--awb-spacing-left-large:1.92%;--awb-width-medium:100%;--awb-order-medium:0;--awb-spacing-right-medium:1.92%;--awb-spacing-left-medium:1.92%;--awb-width-small:100%;--awb-order-small:0;--awb-spacing-right-small:1.92%;--awb-spacing-left-small:1.92%;\"><div class=\"fusion-column-wrapper fusion-column-has-shadow fusion-flex-justify-content-flex-start fusion-content-layout-column\"><div class=\"fusion-text fusion-text-1\"><p style=\"font-size: 16px; text-align: left;\" data-fusion-font=\"true\"><span style=\"color: #000000;\">\u00bfTienes 30 minutos para ti?<\/span><\/p>\n<p style=\"font-size: 16px; text-align: left;\" data-fusion-font=\"true\"><span style=\"color: #000000;\">Con\u00e9ctate y r\u00e9galate 30 minutos en esta serie de cuatro sesiones educativas dise\u00f1adas para promover espacios de bienestar mental, f\u00edsico y emocional<\/span><\/p>\n<\/div>\n<div class=\"table-1\">\n<table width=\"100%\">\n<thead>\n<tr>\n<th align=\"left\"><span style=\"color: #000000;\"><strong>Fecha<\/strong><\/span><\/th>\n<th align=\"left\"><span style=\"color: #000000;\"><strong>Hora<\/strong><\/span><\/th>\n<th align=\"left\"><span style=\"color: #000000;\"><strong>Enlace inscripci\u00f3n<\/strong><\/span><\/th>\n<\/tr>\n<\/thead>\n<tbody>\n<tr>\n<td align=\"left\"><del><span style=\"color: #000000;\">\u201cCuidando nuestra salud mental\u201d<\/span><\/del><br \/>\n<del><span style=\"color: #000000;\">Martes, 12 de agosto de 2025<\/span><\/del><\/td>\n<td align=\"left\"><del><span style=\"color: #000000;\">1:30 pm &#8211; 2:00 pm<\/span><\/del><\/td>\n<td align=\"left\"><del><span style=\"color: #0000ff;\"><a style=\"color: #0000ff;\" href=\"https:\/\/redcap.salud.pr.gov\/surveys\/?s=KNJNHTXE7D9RDXFX\">[Inscr\u00edbete aqu\u00ed]<\/a><\/span><\/del><\/td>\n<\/tr>\n<tr>\n<td align=\"left\"><del><span style=\"color: #000000;\">\u201cCuidando nuestras relaciones\u201d<\/span><\/del><br \/>\n<del><span style=\"color: #000000;\">Martes, 16 de septiembre de 2025<\/span><\/del><\/td>\n<td align=\"left\"><del><span style=\"color: #000000;\">1:30 pm &#8211; 2:00 pm<\/span><\/del><\/td>\n<td align=\"left\"><del><span style=\"color: #0000ff;\"><a style=\"color: #0000ff;\" href=\"https:\/\/redcap.salud.pr.gov\/surveys\/?s=KNJNHTXE7D9RDXFX\">[Inscr\u00edbete aqu\u00ed]<\/a><\/span><\/del><\/td>\n<\/tr>\n<tr>\n<td align=\"left\"><del><span style=\"color: #000000;\">\u201cCuidando nuestra salud f\u00edsica\u201d<\/span><\/del><br \/>\n<del><span style=\"color: #000000;\">Martes, 21 de octubre de 2025<\/span><\/del><\/td>\n<td align=\"left\"><del><span style=\"color: #000000;\">1:30 pm &#8211; 2:00 pm<\/span><\/del><\/td>\n<td align=\"left\"><del><span style=\"color: #0000ff;\"><a style=\"color: #0000ff;\" href=\"https:\/\/redcap.salud.pr.gov\/surveys\/?s=KNJNHTXE7D9RDXFX\">[Inscr\u00edbete aqu\u00ed]<\/a><\/span><\/del><\/td>\n<\/tr>\n<tr>\n<td align=\"left\"><del><span style=\"color: #000000;\">\u201cCuidando nuestros l\u00edmites\u201d<\/span><\/del><br \/>\n<del><span style=\"color: #000000;\">Martes, 18 de noviembre de 2025<\/span><\/del><\/td>\n<td align=\"left\"><del><span style=\"color: #000000;\">1:30 pm &#8211; 2:00 pm<\/span><\/del><\/td>\n<td align=\"left\"><del><span style=\"color: #0000ff;\"><a style=\"color: #0000ff;\" href=\"https:\/\/redcap.salud.pr.gov\/surveys\/?s=KNJNHTXE7D9RDXFX\">[Inscr\u00edbete aqu\u00ed]<\/a><\/span><\/del><\/td>\n<\/tr>\n<tr>\n<td align=\"left\"><del><span style=\"color: #000000;\">\u201cElige Vivir, \u00bfqu\u00e9 significa?\u00bb<\/span><\/del><br \/>\n<del><span style=\"color: #000000;\">Martes, 9 de diciembre de 2025<\/span><\/del><\/td>\n<td align=\"left\"><del><span style=\"color: #000000;\">1:30 pm &#8211; 2:00 pm<\/span><\/del><\/td>\n<td align=\"left\"><del><span style=\"color: #0000ff;\"><a style=\"color: #0000ff;\" href=\"https:\/\/redcap.salud.pr.gov\/surveys\/?s=KNJNHTXE7D9RDXFX\">[Inscr\u00edbete aqu\u00ed]<\/a><\/span><\/del><\/td>\n<\/tr>\n<\/tbody>\n<\/table>\n<\/div>\n<div class=\"fusion-separator fusion-full-width-sep\" style=\"align-self: center;margin-left: auto;margin-right: auto;width:100%;\"><div class=\"fusion-separator-border sep-double\" style=\"--awb-height:20px;--awb-amount:20px;border-color:var(--awb-color2);border-top-width:1px;border-bottom-width:1px;\"><\/div><\/div><div class=\"fusion-text fusion-text-2\"><p style=\"text-align: center;\"><span style=\"color: #000000;\">Para m\u00e1s informaci\u00f3n, escr\u00edbenos a: <span style=\"color: #0000ff;\"><a style=\"color: #0000ff;\" href=\"mailto:prevencionsuicidio@salud.pr.gov\">prevencionsuicidio@salud.pr.gov<\/a><\/span><\/span><\/p>\n<\/div><\/div><\/div><\/div><\/div>","protected":false},"excerpt":{"rendered":"","protected":false},"author":5,"featured_media":0,"parent":6331,"menu_order":0,"comment_status":"closed","ping_status":"closed","template":"","meta":{"footnotes":""},"class_list":["post-6328","page","type-page","status-publish","hentry"],"_links":{"self":[{"href":"https:\/\/prevencionsuicidio.salud.pr.gov\/en\/wp-json\/wp\/v2\/pages\/6328","targetHints":{"allow":["GET"]}}],"collection":[{"href":"https:\/\/prevencionsuicidio.salud.pr.gov\/en\/wp-json\/wp\/v2\/pages"}],"about":[{"href":"https:\/\/prevencionsuicidio.salud.pr.gov\/en\/wp-json\/wp\/v2\/types\/page"}],"author":[{"embeddable":true,"href":"https:\/\/prevencionsuicidio.salud.pr.gov\/en\/wp-json\/wp\/v2\/users\/5"}],"replies":[{"embeddable":true,"href":"https:\/\/prevencionsuicidio.salud.pr.gov\/en\/wp-json\/wp\/v2\/comments?post=6328"}],"version-history":[{"count":9,"href":"https:\/\/prevencionsuicidio.salud.pr.gov\/en\/wp-json\/wp\/v2\/pages\/6328\/revisions"}],"predecessor-version":[{"id":7762,"href":"https:\/\/prevencionsuicidio.salud.pr.gov\/en\/wp-json\/wp\/v2\/pages\/6328\/revisions\/7762"}],"up":[{"embeddable":true,"href":"https:\/\/prevencionsuicidio.salud.pr.gov\/en\/wp-json\/wp\/v2\/pages\/6331"}],"wp:attachment":[{"href":"https:\/\/prevencionsuicidio.salud.pr.gov\/en\/wp-json\/wp\/v2\/media?parent=6328"}],"curies":[{"name":"wp","href":"https:\/\/api.w.org\/{rel}","templated":true}]}}