{"id":6314,"date":"2025-01-09T02:49:57","date_gmt":"2025-01-09T02:49:57","guid":{"rendered":"https:\/\/prevencionsuicidio.salud.pr.gov\/?page_id=6314"},"modified":"2026-04-14T12:43:40","modified_gmt":"2026-04-14T12:43:40","slug":"cerrando-brecha","status":"publish","type":"page","link":"https:\/\/prevencionsuicidio.salud.pr.gov\/en\/educacion\/talleres\/cerrando-brecha\/","title":{"rendered":"Cerrando la brecha entre la salud f\u00edsica, la salud mental y el suicidio"},"content":{"rendered":"<div class=\"fusion-fullwidth fullwidth-box fusion-builder-row-1 fusion-flex-container has-pattern-background has-mask-background nonhundred-percent-fullwidth non-hundred-percent-height-scrolling\" style=\"--awb-border-radius-top-left:0px;--awb-border-radius-top-right:0px;--awb-border-radius-bottom-right:0px;--awb-border-radius-bottom-left:0px;--awb-flex-wrap:wrap;\" ><div class=\"fusion-builder-row fusion-row fusion-flex-align-items-flex-start fusion-flex-content-wrap\" style=\"max-width:1216.8px;margin-left: calc(-4% \/ 2 );margin-right: calc(-4% \/ 2 );\"><div class=\"fusion-layout-column fusion_builder_column fusion-builder-column-0 fusion_builder_column_1_1 1_1 fusion-flex-column\" style=\"--awb-bg-size:cover;--awb-width-large:100%;--awb-margin-top-large:0px;--awb-spacing-right-large:1.92%;--awb-margin-bottom-large:20px;--awb-spacing-left-large:1.92%;--awb-width-medium:100%;--awb-order-medium:0;--awb-spacing-right-medium:1.92%;--awb-spacing-left-medium:1.92%;--awb-width-small:100%;--awb-order-small:0;--awb-spacing-right-small:1.92%;--awb-spacing-left-small:1.92%;\"><div class=\"fusion-column-wrapper fusion-column-has-shadow fusion-flex-justify-content-flex-start fusion-content-layout-column\"><div class=\"fusion-text fusion-text-1\"><p style=\"font-size: 16px; text-align: left;\" data-fusion-font=\"true\"><span style=\"color: #000000;\">En este taller, se promover\u00e1 la importancia de la integraci\u00f3n de servicios de salud f\u00edsica y mental. Destacaremos el papel crucial de los servicios de salud primaria en la prevenci\u00f3n del suicidio y capacitaremos a los profesionales de la salud en la identificaci\u00f3n y manejo de situaciones de riesgo.<\/span><\/p>\n<\/div>\n<div class=\"table-1\">\n<table width=\"100%\">\n<thead>\n<tr>\n<th align=\"left\"><span style=\"color: #000000;\"><strong>Fecha<\/strong><\/span><\/th>\n<th align=\"left\"><span style=\"color: #000000;\"><strong>Hora<\/strong><\/span><\/th>\n<th align=\"left\"><span style=\"color: #000000;\"><strong>Enlace inscripci\u00f3n<\/strong><\/span><\/th>\n<\/tr>\n<\/thead>\n<tbody>\n<tr>\n<td align=\"left\"><del><span style=\"color: #000000;\">Jueves, 15 de enero de 2026<\/span><\/del><\/td>\n<td align=\"left\"><del><span style=\"color: #000000;\">10:00 am &#8211; 12:00 pm<\/span><\/del><\/td>\n<td align=\"left\"><del><span style=\"color: #0000ff;\"><a style=\"color: #0000ff;\" href=\"https:\/\/gcc02.safelinks.protection.outlook.com\/?url=https%3A%2F%2Fforms.gle%2FSgKQexE8jSYAEsbu8&amp;data=05%7C02%7Cvega.marangeli%40salud.pr.gov%7Cfa3bc01ecdb64341f3dd08de38ec85b0%7Ce906065af03e47ada4c46b139a08445c%7C0%7C0%7C639010785686308419%7CUnknown%7CTWFpbGZsb3d8eyJFbXB0eU1hcGkiOnRydWUsIlYiOiIwLjAuMDAwMCIsIlAiOiJXaW4zMiIsIkFOIjoiTWFpbCIsIldUIjoyfQ%3D%3D%7C0%7C%7C%7C&amp;sdata=EcRujZrQQFitYSI95Myo0C4WGCZtCMDdJ2a7H4o3hm8%3D&amp;reserved=0\">[Inscr\u00edbete aqu\u00ed]<\/a><\/span><\/del><\/td>\n<\/tr>\n<tr>\n<td align=\"left\"><del><span style=\"color: #000000;\">Jueves, 12 de febrero de 2026<\/span><\/del><\/td>\n<td align=\"left\"><del><span style=\"color: #000000;\">10:00 am &#8211; 12:00 pm<\/span><\/del><\/td>\n<td align=\"left\"><del><span style=\"color: #0000ff;\"><a style=\"color: #0000ff;\" href=\"https:\/\/gcc02.safelinks.protection.outlook.com\/?url=https%3A%2F%2Fforms.gle%2FAbtG3veHg2ne9HtF7&amp;data=05%7C02%7Cvega.marangeli%40salud.pr.gov%7Cfa3bc01ecdb64341f3dd08de38ec85b0%7Ce906065af03e47ada4c46b139a08445c%7C0%7C0%7C639010785686337917%7CUnknown%7CTWFpbGZsb3d8eyJFbXB0eU1hcGkiOnRydWUsIlYiOiIwLjAuMDAwMCIsIlAiOiJXaW4zMiIsIkFOIjoiTWFpbCIsIldUIjoyfQ%3D%3D%7C0%7C%7C%7C&amp;sdata=tbBeLqRqzrYjaUey9lBy9jutNbXmEg5B7xv21GecTyc%3D&amp;reserved=0\">[Inscr\u00edbete aqu\u00ed]<\/a><\/span><\/del><\/td>\n<\/tr>\n<tr>\n<td align=\"left\"><del><span style=\"color: #000000;\">Jueves, 12 de marzo de 2026<\/span><\/del><\/td>\n<td align=\"left\"><del><span style=\"color: #000000;\">10:00 am &#8211; 12:00 pm<\/span><\/del><\/td>\n<td align=\"left\"><del><span style=\"color: #0000ff;\"><a style=\"color: #0000ff;\" href=\"https:\/\/gcc02.safelinks.protection.outlook.com\/?url=https%3A%2F%2Fforms.gle%2Fw1Vhq7i3Qgtyf3H58&amp;data=05%7C02%7Cvega.marangeli%40salud.pr.gov%7Cfa3bc01ecdb64341f3dd08de38ec85b0%7Ce906065af03e47ada4c46b139a08445c%7C0%7C0%7C639010785686355841%7CUnknown%7CTWFpbGZsb3d8eyJFbXB0eU1hcGkiOnRydWUsIlYiOiIwLjAuMDAwMCIsIlAiOiJXaW4zMiIsIkFOIjoiTWFpbCIsIldUIjoyfQ%3D%3D%7C0%7C%7C%7C&amp;sdata=XCJwPojuzGNEouoVbFiHNi7Bdje9JggzvwGmqeruwVY%3D&amp;reserved=0\">[Inscr\u00edbete aqu\u00ed]<\/a><\/span><\/del><\/td>\n<\/tr>\n<tr>\n<td align=\"left\"><del><span style=\"color: #000000;\">Jueves, 9 de abril de 2026<\/span><\/del><\/td>\n<td align=\"left\"><del><span style=\"color: #000000;\">10:00 am &#8211; 12:00 pm<\/span><\/del><\/td>\n<td align=\"left\"><del><span style=\"color: #0000ff;\"><a style=\"color: #0000ff;\" href=\"https:\/\/gcc02.safelinks.protection.outlook.com\/?url=https%3A%2F%2Fforms.gle%2FoGUK9gVbmb5kRiXe6&amp;data=05%7C02%7Cvega.marangeli%40salud.pr.gov%7Cfa3bc01ecdb64341f3dd08de38ec85b0%7Ce906065af03e47ada4c46b139a08445c%7C0%7C0%7C639010785686373026%7CUnknown%7CTWFpbGZsb3d8eyJFbXB0eU1hcGkiOnRydWUsIlYiOiIwLjAuMDAwMCIsIlAiOiJXaW4zMiIsIkFOIjoiTWFpbCIsIldUIjoyfQ%3D%3D%7C0%7C%7C%7C&amp;sdata=7s9ICT9yH0YYORhQ8vTwKIeAVrml8uFgzd3rKHZeT2Q%3D&amp;reserved=0\">[Inscr\u00edbete aqu\u00ed]<\/a><\/span><\/del><\/td>\n<\/tr>\n<tr>\n<td align=\"left\"><span style=\"color: #000000;\">Jueves, 14 de mayo de 2026<\/span><\/td>\n<td align=\"left\"><span style=\"color: #000000;\">10:00 am &#8211; 12:00 pm<\/span><\/td>\n<td align=\"left\"><span style=\"color: #0000ff;\"><a style=\"color: #0000ff;\" href=\"https:\/\/gcc02.safelinks.protection.outlook.com\/?url=https%3A%2F%2Fforms.gle%2FKBb4AzhLqerBVwi69&amp;data=05%7C02%7Cvega.marangeli%40salud.pr.gov%7Cfa3bc01ecdb64341f3dd08de38ec85b0%7Ce906065af03e47ada4c46b139a08445c%7C0%7C0%7C639010785686390217%7CUnknown%7CTWFpbGZsb3d8eyJFbXB0eU1hcGkiOnRydWUsIlYiOiIwLjAuMDAwMCIsIlAiOiJXaW4zMiIsIkFOIjoiTWFpbCIsIldUIjoyfQ%3D%3D%7C0%7C%7C%7C&amp;sdata=wN%2B1Uujs15me0X2OlYP6J3Z1e09BVs7SjLwjyKxTimM%3D&amp;reserved=0\">[Inscr\u00edbete aqu\u00ed]<\/a><\/span><\/td>\n<\/tr>\n<tr>\n<td align=\"left\"><span style=\"color: #000000;\">Jueves, 11 de junio de 2026<\/span><\/td>\n<td align=\"left\"><span style=\"color: #000000;\">10:00 am &#8211; 12:00 pm<\/span><\/td>\n<td align=\"left\"><span style=\"color: #0000ff;\"><a style=\"color: #0000ff;\" href=\"https:\/\/gcc02.safelinks.protection.outlook.com\/?url=https%3A%2F%2Fforms.gle%2FgEA4xmDUq3KmTbPEA&amp;data=05%7C02%7Cvega.marangeli%40salud.pr.gov%7Cfa3bc01ecdb64341f3dd08de38ec85b0%7Ce906065af03e47ada4c46b139a08445c%7C0%7C0%7C639010785686407028%7CUnknown%7CTWFpbGZsb3d8eyJFbXB0eU1hcGkiOnRydWUsIlYiOiIwLjAuMDAwMCIsIlAiOiJXaW4zMiIsIkFOIjoiTWFpbCIsIldUIjoyfQ%3D%3D%7C0%7C%7C%7C&amp;sdata=MwjbsxkpgAG7%2BhxHUVb55zFalKIwcRn%2F1UdU9BhlexE%3D&amp;reserved=0\">[Inscr\u00edbete aqu\u00ed]<\/a><\/span><\/td>\n<\/tr>\n<tr>\n<td align=\"left\"><span style=\"color: #000000;\">Jueves, 9 de julio de 2026<\/span><\/td>\n<td align=\"left\"><span style=\"color: #000000;\">10:00 am &#8211; 12:00 pm<\/span><\/td>\n<td align=\"left\"><span style=\"color: #0000ff;\"><a style=\"color: #0000ff;\" href=\"https:\/\/gcc02.safelinks.protection.outlook.com\/?url=https%3A%2F%2Fforms.gle%2F6oaQSPeb87Z7HdjT7&amp;data=05%7C02%7Cvega.marangeli%40salud.pr.gov%7Cfa3bc01ecdb64341f3dd08de38ec85b0%7Ce906065af03e47ada4c46b139a08445c%7C0%7C0%7C639010785686423946%7CUnknown%7CTWFpbGZsb3d8eyJFbXB0eU1hcGkiOnRydWUsIlYiOiIwLjAuMDAwMCIsIlAiOiJXaW4zMiIsIkFOIjoiTWFpbCIsIldUIjoyfQ%3D%3D%7C0%7C%7C%7C&amp;sdata=rtJ3Q%2BM7C5o%2FXIPdhc4WPhRMdXFg54I6EVucKkx7Hqs%3D&amp;reserved=0\">[Inscr\u00edbete aqu\u00ed]<\/a><\/span><\/td>\n<\/tr>\n<tr>\n<td align=\"left\"><span style=\"color: #000000;\">Jueves, 13 de agosto de 2026<\/span><\/td>\n<td align=\"left\"><span style=\"color: #000000;\">10:00 am &#8211; 12:00 pm<\/span><\/td>\n<td align=\"left\"><span style=\"color: #0000ff;\"><a style=\"color: #0000ff;\" href=\"https:\/\/gcc02.safelinks.protection.outlook.com\/?url=https%3A%2F%2Fforms.gle%2FAKDzY3rBAqZfgpuF8&amp;data=05%7C02%7Cvega.marangeli%40salud.pr.gov%7Cfa3bc01ecdb64341f3dd08de38ec85b0%7Ce906065af03e47ada4c46b139a08445c%7C0%7C0%7C639010785686447186%7CUnknown%7CTWFpbGZsb3d8eyJFbXB0eU1hcGkiOnRydWUsIlYiOiIwLjAuMDAwMCIsIlAiOiJXaW4zMiIsIkFOIjoiTWFpbCIsIldUIjoyfQ%3D%3D%7C0%7C%7C%7C&amp;sdata=umq8N43W66xZJ9cGUnlrwznaEIMVx4oM08Se3MngbH0%3D&amp;reserved=0\">[Inscr\u00edbete aqu\u00ed]<\/a><\/span><\/td>\n<\/tr>\n<\/tbody>\n<\/table>\n<\/div>\n<div class=\"fusion-separator fusion-full-width-sep\" style=\"align-self: center;margin-left: auto;margin-right: auto;width:100%;\"><div class=\"fusion-separator-border sep-double\" style=\"--awb-height:20px;--awb-amount:20px;border-color:var(--awb-color2);border-top-width:1px;border-bottom-width:1px;\"><\/div><\/div><div class=\"fusion-text fusion-text-2\"><p style=\"text-align: center;\"><strong><span style=\"color: #000000;\">Para m\u00e1s informaci\u00f3n, escr\u00edbenos a:<\/span><span style=\"color: #0000ff;\"> <a style=\"color: #0000ff;\" href=\"mailto:prevencionsuicidio@salud.pr.gov\">prevencionsuicidio@salud.pr.gov<\/a><\/span><\/strong><\/p>\n<\/div><\/div><\/div><\/div><\/div>","protected":false},"excerpt":{"rendered":"","protected":false},"author":5,"featured_media":0,"parent":6331,"menu_order":0,"comment_status":"closed","ping_status":"closed","template":"","meta":{"footnotes":""},"class_list":["post-6314","page","type-page","status-publish","hentry"],"_links":{"self":[{"href":"https:\/\/prevencionsuicidio.salud.pr.gov\/en\/wp-json\/wp\/v2\/pages\/6314","targetHints":{"allow":["GET"]}}],"collection":[{"href":"https:\/\/prevencionsuicidio.salud.pr.gov\/en\/wp-json\/wp\/v2\/pages"}],"about":[{"href":"https:\/\/prevencionsuicidio.salud.pr.gov\/en\/wp-json\/wp\/v2\/types\/page"}],"author":[{"embeddable":true,"href":"https:\/\/prevencionsuicidio.salud.pr.gov\/en\/wp-json\/wp\/v2\/users\/5"}],"replies":[{"embeddable":true,"href":"https:\/\/prevencionsuicidio.salud.pr.gov\/en\/wp-json\/wp\/v2\/comments?post=6314"}],"version-history":[{"count":16,"href":"https:\/\/prevencionsuicidio.salud.pr.gov\/en\/wp-json\/wp\/v2\/pages\/6314\/revisions"}],"predecessor-version":[{"id":8092,"href":"https:\/\/prevencionsuicidio.salud.pr.gov\/en\/wp-json\/wp\/v2\/pages\/6314\/revisions\/8092"}],"up":[{"embeddable":true,"href":"https:\/\/prevencionsuicidio.salud.pr.gov\/en\/wp-json\/wp\/v2\/pages\/6331"}],"wp:attachment":[{"href":"https:\/\/prevencionsuicidio.salud.pr.gov\/en\/wp-json\/wp\/v2\/media?parent=6314"}],"curies":[{"name":"wp","href":"https:\/\/api.w.org\/{rel}","templated":true}]}}