{"id":6306,"date":"2025-01-09T02:48:03","date_gmt":"2025-01-09T02:48:03","guid":{"rendered":"https:\/\/prevencionsuicidio.salud.pr.gov\/?page_id=6306"},"modified":"2026-04-14T12:40:34","modified_gmt":"2026-04-14T12:40:34","slug":"protocolo-uniforme","status":"publish","type":"page","link":"https:\/\/prevencionsuicidio.salud.pr.gov\/en\/educacion\/talleres\/protocolo-uniforme\/","title":{"rendered":"Desarrollo e implementaci\u00f3n de un protocolo uniforme para la prevenci\u00f3n del suicidio"},"content":{"rendered":"<div class=\"fusion-fullwidth fullwidth-box fusion-builder-row-1 fusion-flex-container has-pattern-background has-mask-background nonhundred-percent-fullwidth non-hundred-percent-height-scrolling\" style=\"--awb-border-radius-top-left:0px;--awb-border-radius-top-right:0px;--awb-border-radius-bottom-right:0px;--awb-border-radius-bottom-left:0px;--awb-flex-wrap:wrap;\" ><div class=\"fusion-builder-row fusion-row fusion-flex-align-items-flex-start fusion-flex-content-wrap\" style=\"max-width:1216.8px;margin-left: calc(-4% \/ 2 );margin-right: calc(-4% \/ 2 );\"><div class=\"fusion-layout-column fusion_builder_column fusion-builder-column-0 fusion_builder_column_1_1 1_1 fusion-flex-column\" style=\"--awb-bg-size:cover;--awb-width-large:100%;--awb-margin-top-large:0px;--awb-spacing-right-large:1.92%;--awb-margin-bottom-large:20px;--awb-spacing-left-large:1.92%;--awb-width-medium:100%;--awb-order-medium:0;--awb-spacing-right-medium:1.92%;--awb-spacing-left-medium:1.92%;--awb-width-small:100%;--awb-order-small:0;--awb-spacing-right-small:1.92%;--awb-spacing-left-small:1.92%;\"><div class=\"fusion-column-wrapper fusion-column-has-shadow fusion-flex-justify-content-flex-start fusion-content-layout-column\"><div class=\"fusion-text fusion-text-1\"><p style=\"text-align: left;\"><span style=\"color: #000000;\">Este taller est\u00e1 dirigido a representantes de Recursos Humanos, Programa de Ayuda al Empleado (PAE) o cualquier funcionario encargado de la implantaci\u00f3n del Protocolo para la Prevenci\u00f3n del Suicidio en toda agencia gubernamental, corporaci\u00f3n p\u00fablica, municipio y cualquier otra entidad u organizaci\u00f3n que reciba fondos del Gobierno de Puerto Rico.<\/span><\/p>\n<p style=\"text-align: left;\"><span style=\"color: #000000;\"><strong>Nota:<\/strong> En este taller no se discutir\u00e1n los pasos a seguir ante situaciones de riesgo suicida, sino que se abordar\u00e1n los requisitos, anejos y formularios que debe contener todo Protocolo Uniforme para la Prevenci\u00f3n del Suicidio, seg\u00fan lo establece la Ley 76 de 2010.<\/span><\/p>\n<p style=\"text-align: center;\"><span style=\"color: #0000ff;\"><a style=\"color: #0000ff;\" href=\"https:\/\/bvirtualogp.pr.gov\/ogp\/Bvirtual\/leyesreferencia\/PDF\/2\/0076-2010.pdf\">Consultar Ley 76 de 2010<\/a><\/span><\/p>\n<\/div>\n<div class=\"table-1\">\n<table style=\"height: 135px;\" width=\"1150\">\n<thead>\n<tr>\n<th align=\"left\"><span style=\"color: #000000;\"><strong>Fecha<\/strong><\/span><\/th>\n<th align=\"left\"><span style=\"color: #000000;\"><strong>Hora<\/strong><\/span><\/th>\n<th align=\"left\"><span style=\"color: #000000;\"><strong>Enlace inscripci\u00f3n<\/strong><\/span><\/th>\n<\/tr>\n<\/thead>\n<tbody>\n<tr>\n<td align=\"left\"><del><span style=\"color: #000000;\">Mi\u00e9rcoles, 17 de diciembre de 2025<\/span><\/del><\/td>\n<td align=\"left\"><del><span style=\"color: #000000;\">10:00 am &#8211; 12:00 pm<\/span><\/del><\/td>\n<td align=\"left\"><del><span style=\"color: #0000ff;\"><a style=\"color: #0000ff;\" href=\"https:\/\/redcap.salud.pr.gov\/surveys\/?s=YKNXWY4XTF8H94C4\">[Inscr\u00edbete aqu\u00ed]<\/a><\/span><\/del><\/td>\n<\/tr>\n<tr>\n<td align=\"left\"><del><span style=\"color: #000000;\">Mi\u00e9rcoles, 28 de enero de 2026<\/span><\/del><\/td>\n<td align=\"left\"><del><span style=\"color: #000000;\">10:00 am &#8211; 12:00 pm<\/span><\/del><\/td>\n<td align=\"left\"><del><span style=\"color: #0000ff;\"><a style=\"color: #0000ff;\" href=\"https:\/\/redcap.salud.pr.gov\/surveys\/?s=YKNXWY4XTF8H94C4\">[Inscr\u00edbete aqu\u00ed]<\/a><\/span><\/del><\/td>\n<\/tr>\n<tr>\n<td align=\"left\"><del><span style=\"color: #000000;\">Mi\u00e9rcoles, 25 de marzo de 2026<\/span><\/del><\/td>\n<td align=\"left\"><del><span style=\"color: #000000;\">10:00 am &#8211; 12:00 pm<\/span><\/del><\/td>\n<td align=\"left\"><del><span style=\"color: #0000ff;\"><a style=\"color: #0000ff;\" href=\"https:\/\/redcap.salud.pr.gov\/surveys\/?s=YKNXWY4XTF8H94C4\">[Inscr\u00edbete aqu\u00ed]<\/a><\/span><\/del><\/td>\n<\/tr>\n<tr>\n<td align=\"left\"><span style=\"color: #000000;\">Mi\u00e9rcoles, 27 de mayo de 2026<\/span><\/td>\n<td align=\"left\"><span style=\"color: #000000;\">10:00 am &#8211; 12:00 pm<\/span><\/td>\n<td align=\"left\"><span style=\"color: #0000ff;\"><a style=\"color: #0000ff;\" href=\"https:\/\/redcap.salud.pr.gov\/surveys\/?s=YKNXWY4XTF8H94C4\">[Inscr\u00edbete aqu\u00ed]<\/a><\/span><\/td>\n<\/tr>\n<\/tbody>\n<\/table>\n<\/div>\n<div class=\"fusion-separator fusion-full-width-sep\" style=\"align-self: center;margin-left: auto;margin-right: auto;width:100%;\"><div class=\"fusion-separator-border sep-double\" style=\"--awb-height:20px;--awb-amount:20px;border-color:var(--awb-color2);border-top-width:1px;border-bottom-width:1px;\"><\/div><\/div><div class=\"fusion-text fusion-text-2\"><p style=\"text-align: center;\"><span style=\"color: #000000;\">Para m\u00e1s informaci\u00f3n, escr\u00edbenos a: <span style=\"color: #0000ff;\"><a style=\"color: #0000ff;\" href=\"mailto:prevencionsuicidio@salud.pr.gov\">prevencionsuicidio@salud.pr.gov<\/a><\/span><\/span><\/p>\n<\/div><\/div><\/div><\/div><\/div>","protected":false},"excerpt":{"rendered":"","protected":false},"author":5,"featured_media":0,"parent":6331,"menu_order":0,"comment_status":"closed","ping_status":"closed","template":"","meta":{"footnotes":""},"class_list":["post-6306","page","type-page","status-publish","hentry"],"_links":{"self":[{"href":"https:\/\/prevencionsuicidio.salud.pr.gov\/en\/wp-json\/wp\/v2\/pages\/6306","targetHints":{"allow":["GET"]}}],"collection":[{"href":"https:\/\/prevencionsuicidio.salud.pr.gov\/en\/wp-json\/wp\/v2\/pages"}],"about":[{"href":"https:\/\/prevencionsuicidio.salud.pr.gov\/en\/wp-json\/wp\/v2\/types\/page"}],"author":[{"embeddable":true,"href":"https:\/\/prevencionsuicidio.salud.pr.gov\/en\/wp-json\/wp\/v2\/users\/5"}],"replies":[{"embeddable":true,"href":"https:\/\/prevencionsuicidio.salud.pr.gov\/en\/wp-json\/wp\/v2\/comments?post=6306"}],"version-history":[{"count":13,"href":"https:\/\/prevencionsuicidio.salud.pr.gov\/en\/wp-json\/wp\/v2\/pages\/6306\/revisions"}],"predecessor-version":[{"id":8083,"href":"https:\/\/prevencionsuicidio.salud.pr.gov\/en\/wp-json\/wp\/v2\/pages\/6306\/revisions\/8083"}],"up":[{"embeddable":true,"href":"https:\/\/prevencionsuicidio.salud.pr.gov\/en\/wp-json\/wp\/v2\/pages\/6331"}],"wp:attachment":[{"href":"https:\/\/prevencionsuicidio.salud.pr.gov\/en\/wp-json\/wp\/v2\/media?parent=6306"}],"curies":[{"name":"wp","href":"https:\/\/api.w.org\/{rel}","templated":true}]}}