{"id":6131,"date":"2024-10-31T20:32:53","date_gmt":"2024-10-31T20:32:53","guid":{"rendered":"https:\/\/prevencionsuicidio.salud.pr.gov\/?page_id=6131"},"modified":"2025-08-08T20:54:55","modified_gmt":"2025-08-08T20:54:55","slug":"cursos","status":"publish","type":"page","link":"https:\/\/prevencionsuicidio.salud.pr.gov\/en\/educacion\/cursos\/","title":{"rendered":"Cursos"},"content":{"rendered":"<p><div class=\"fusion-fullwidth fullwidth-box fusion-builder-row-1 fusion-flex-container has-pattern-background has-mask-background nonhundred-percent-fullwidth non-hundred-percent-height-scrolling\" style=\"--awb-border-radius-top-left:0px;--awb-border-radius-top-right:0px;--awb-border-radius-bottom-right:0px;--awb-border-radius-bottom-left:0px;--awb-flex-wrap:wrap;\" ><div class=\"fusion-builder-row fusion-row fusion-flex-align-items-flex-start fusion-flex-content-wrap\" style=\"max-width:1216.8px;margin-left: calc(-4% \/ 2 );margin-right: calc(-4% \/ 2 );\"><div class=\"fusion-layout-column fusion_builder_column fusion-builder-column-0 fusion_builder_column_1_1 1_1 fusion-flex-column\" style=\"--awb-bg-size:cover;--awb-width-large:100%;--awb-margin-top-large:0px;--awb-spacing-right-large:1.92%;--awb-margin-bottom-large:20px;--awb-spacing-left-large:1.92%;--awb-width-medium:100%;--awb-order-medium:0;--awb-spacing-right-medium:1.92%;--awb-spacing-left-medium:1.92%;--awb-width-small:100%;--awb-order-small:0;--awb-spacing-right-small:1.92%;--awb-spacing-left-small:1.92%;\"><div class=\"fusion-column-wrapper fusion-column-has-shadow fusion-flex-justify-content-flex-start fusion-content-layout-column\"><nav class=\"fusion-breadcrumbs fusion-breadcrumbs-1\" style=\"--awb-text-color:#000000;--awb-breadcrumb-sep:&#039;&gt;&#039;;\" aria-label=\"Breadcrumb\"><ol class=\"awb-breadcrumb-list\"><li class=\"fusion-breadcrumb-item awb-breadcrumb-sep\" ><a href=\"https:\/\/prevencionsuicidio.salud.pr.gov\/en\" class=\"fusion-breadcrumb-link\"><span >Home<\/span><\/a><\/li><\/ol><\/nav><\/div><\/div><\/div><\/div><div class=\"fusion-fullwidth fullwidth-box fusion-builder-row-2 fusion-flex-container has-pattern-background has-mask-background nonhundred-percent-fullwidth non-hundred-percent-height-scrolling\" style=\"--awb-border-radius-top-left:0px;--awb-border-radius-top-right:0px;--awb-border-radius-bottom-right:0px;--awb-border-radius-bottom-left:0px;--awb-flex-wrap:wrap;\" ><div class=\"fusion-builder-row fusion-row fusion-flex-align-items-flex-start fusion-flex-content-wrap\" style=\"max-width:1216.8px;margin-left: calc(-4% \/ 2 );margin-right: calc(-4% \/ 2 );\"><div class=\"fusion-layout-column fusion_builder_column fusion-builder-column-1 fusion_builder_column_1_1 1_1 fusion-flex-column\" style=\"--awb-bg-size:cover;--awb-width-large:100%;--awb-margin-top-large:0px;--awb-spacing-right-large:1.92%;--awb-margin-bottom-large:20px;--awb-spacing-left-large:1.92%;--awb-width-medium:100%;--awb-order-medium:0;--awb-spacing-right-medium:1.92%;--awb-spacing-left-medium:1.92%;--awb-width-small:100%;--awb-order-small:0;--awb-spacing-right-small:1.92%;--awb-spacing-left-small:1.92%;\"><div class=\"fusion-column-wrapper fusion-column-has-shadow fusion-flex-justify-content-flex-start fusion-content-layout-column\"><div class=\"fusion-text fusion-text-1\"><p style=\"font-size: 32px;\" data-fusion-font=\"true\">Online Courses<\/p>\n<\/div><\/div><\/div><\/div><\/div><div class=\"fusion-fullwidth fullwidth-box fusion-builder-row-3 fusion-flex-container has-pattern-background has-mask-background nonhundred-percent-fullwidth non-hundred-percent-height-scrolling\" style=\"--awb-border-radius-top-left:0px;--awb-border-radius-top-right:0px;--awb-border-radius-bottom-right:0px;--awb-border-radius-bottom-left:0px;--awb-flex-wrap:wrap;\" ><div class=\"fusion-builder-row fusion-row fusion-flex-align-items-flex-start fusion-flex-content-wrap\" style=\"max-width:1216.8px;margin-left: calc(-4% \/ 2 );margin-right: calc(-4% \/ 2 );\"><div class=\"fusion-layout-column fusion_builder_column fusion-builder-column-2 fusion_builder_column_1_2 1_2 fusion-flex-column\" style=\"--awb-bg-size:cover;--awb-width-large:50%;--awb-margin-top-large:0px;--awb-spacing-right-large:3.84%;--awb-margin-bottom-large:20px;--awb-spacing-left-large:3.84%;--awb-width-medium:100%;--awb-order-medium:0;--awb-spacing-right-medium:1.92%;--awb-spacing-left-medium:1.92%;--awb-width-small:100%;--awb-order-small:0;--awb-spacing-right-small:1.92%;--awb-spacing-left-small:1.92%;\"><div class=\"fusion-column-wrapper fusion-column-has-shadow fusion-flex-justify-content-flex-start fusion-content-layout-column\"><div class=\"fusion-text fusion-text-2\"><p style=\"color: #000000;\">La Comisi\u00f3n ofrece herramientas accesibles y efectivas; adem\u00e1s, los recursos en l\u00ednea representan una forma invaluable de educar y capacitar tanto a los profesionales como a la comunidad en general.<\/p>\n<\/div><\/div><\/div><div class=\"fusion-layout-column fusion_builder_column fusion-builder-column-3 fusion_builder_column_1_2 1_2 fusion-flex-column\" style=\"--awb-bg-size:cover;--awb-width-large:50%;--awb-margin-top-large:0px;--awb-spacing-right-large:3.84%;--awb-margin-bottom-large:20px;--awb-spacing-left-large:3.84%;--awb-width-medium:100%;--awb-order-medium:0;--awb-spacing-right-medium:1.92%;--awb-spacing-left-medium:1.92%;--awb-width-small:100%;--awb-order-small:0;--awb-spacing-right-small:1.92%;--awb-spacing-left-small:1.92%;\"><div class=\"fusion-column-wrapper fusion-column-has-shadow fusion-flex-justify-content-flex-start fusion-content-layout-column\"><div class=\"fusion-text fusion-text-3\"><p style=\"color: #000000;\">A trav\u00e9s de cursos gratuitos y plataformas interactivas, tendr\u00e1s acceso a conocimientos esenciales para identificar y prevenir conductas suicidas, especialmente en contextos de desastre. Estos recursos est\u00e1n dise\u00f1ados para fortalecer tus habilidades de intervenci\u00f3n y ofrecer apoyo efectivo en momentos cr\u00edticos.<\/p>\n<\/div><\/div><\/div><\/div><\/div><div class=\"fusion-fullwidth fullwidth-box fusion-builder-row-4 fusion-flex-container has-pattern-background has-mask-background nonhundred-percent-fullwidth non-hundred-percent-height-scrolling\" style=\"--awb-border-radius-top-left:0px;--awb-border-radius-top-right:0px;--awb-border-radius-bottom-right:0px;--awb-border-radius-bottom-left:0px;--awb-flex-wrap:wrap;\" ><div class=\"fusion-builder-row fusion-row fusion-flex-align-items-flex-start fusion-flex-content-wrap\" style=\"max-width:1216.8px;margin-left: calc(-4% \/ 2 );margin-right: calc(-4% \/ 2 );\"><div class=\"fusion-layout-column fusion_builder_column fusion-builder-column-4 fusion_builder_column_1_1 1_1 fusion-flex-column\" style=\"--awb-bg-size:cover;--awb-width-large:100%;--awb-margin-top-large:0px;--awb-spacing-right-large:1.92%;--awb-margin-bottom-large:20px;--awb-spacing-left-large:1.92%;--awb-width-medium:100%;--awb-order-medium:0;--awb-spacing-right-medium:1.92%;--awb-spacing-left-medium:1.92%;--awb-width-small:100%;--awb-order-small:0;--awb-spacing-right-small:1.92%;--awb-spacing-left-small:1.92%;\"><div class=\"fusion-column-wrapper fusion-column-has-shadow fusion-flex-justify-content-flex-start fusion-content-layout-column\"><style>\n.course-grid {\n    display: grid;\n    grid-template-columns: 1fr;\n    gap: 2rem;\n    max-width: 1200px;\n    margin: 2rem auto;\n    padding: 0 1rem;\n}\n\n@media (min-width: 768px) {\n    .course-grid {\n        grid-template-columns: 1fr 1fr;\n    }\n}\n\n.course-card {\n    border: 1px solid #e5e5e5;\n    border-radius: 8px;\n    overflow: hidden;\n    transition: transform 0.2s, box-shadow 0.2s;\n    background: white;\n    text-decoration: none !important;\n    display: block;\n}\n\n.course-card:hover {\n    transform: translateY(-4px);\n    box-shadow: 0 4px 12px rgba(0,0,0,0.1);\n}\n\n.course-image {\n    position: relative;\n    height: 300px; \/* Aumentado para formato m\u00e1s panor\u00e1mico *\/\n    background-color: #fff;\n    overflow: hidden;\n}\n\n.course-image img {\n    width: 100%;\n    height: 100%;\n    object-fit: cover;\n    object-position: top; \/* Asegura que la imagen se alinee desde arriba *\/\n}\n\n.course-content {\n    padding: 1.5rem;\n}\n\n.course-title {\n    font-size: 1.25rem;\n    color: #1f2937;\n    margin-bottom: 1rem;\n    font-weight: 600;\n    line-height: 1.4;\n}\n\n.course-description {\n    color: #4b5563;\n    margin-bottom: 1.5rem;\n    font-size: 0.95rem;\n}\n\n.objectives-title {\n    font-weight: 600;\n    margin-bottom: 0.75rem;\n}\n\n.objectives-list {\n    list-style-type: disc;\n    padding-left: 1.25rem;\n    margin-bottom: 1.5rem;\n    color: #4b5563;\n    font-size: 0.9rem;\n}\n\n.objectives-list li {\n    margin-bottom: 0.5rem;\n}\n\n.card-footer {\n    display: flex;\n    justify-content: space-between;\n    align-items: center;\n    margin-top: 1.5rem;\n}\n\n.enroll-button {\n    background-color: #8d55a2;\n    color: white;\n    padding: 0.5rem 1rem;\n    border-radius: 999px;\n    font-weight: 500;\n    font-size: 0.875rem;\n    transition: background-color 0.2s;\n}\n\n.enroll-button:hover {\n    background-color: #7a4a8c;\n}\n\n.institution {\n    color: #6b7280;\n    font-size: 0.875rem;\n}\n<\/style>\n\n<div class=\"course-grid\">\n    <!-- Course 1 -->\n    <a href=\"https:\/\/academia.prsciencetrust.org\/product\/copia-de-prevencion-de-suicidio-en-situaciones-de-desastre\" class=\"course-card\" target=\"_blank\">\n        <div class=\"course-image\">\n            <!-- Replace the src with your image URL -->\n            <img class=\"lazyload\" decoding=\"async\" src=\"data:image\/svg+xml,%3Csvg%20xmlns%3D%27http%3A%2F%2Fwww.w3.org%2F2000%2Fsvg%27%20width%3D%272560%27%20height%3D%271371%27%20viewBox%3D%270%200%202560%201371%27%3E%3Crect%20width%3D%272560%27%20height%3D%271371%27%20fill-opacity%3D%220%22%2F%3E%3C%2Fsvg%3E\" data-orig-src=\"https:\/\/prevencionsuicidio.salud.pr.gov\/wp-content\/uploads\/Hoja-promocional-El-rol-de-los-medios-de-comunicacion-en-la-prevencion-del-suicidio.-2025-scaled.png\" alt=\"Medios de comunicaci\u00f3n y prevenci\u00f3n del suicidio\">\n        <\/div>\n        <div class=\"course-content\">\n            <h3 class=\"course-title\">El rol de los medios de comunicaci\u00f3n en la prevenci\u00f3n del suicidio<\/h3>\n            <p class=\"course-description\">En este curso se discutir\u00e1n los aspectos epidemiol\u00f3gicos del suicidio, los efectos psicol\u00f3gicos de los desastres y su relaci\u00f3n con la mortalidad por suicidio. Se analizar\u00e1n las estad\u00edsticas de mortalidad por suicidio a nivel mundial y en Puerto Rico.<\/p>\n            <h4 class=\"objectives-title\">Objetivos:<\/h4>\n            <ul class=\"objectives-list\">\n                <li>Presentar aspectos epidemiol\u00f3gicos del suicidio.<\/li>\n                <li>Reflexionar sobre el rol de los medios de comunicaci\u00f3n en la prevenci\u00f3n del suicidio.<\/li>\n                <li>Ofrecer recomendaciones sobre c\u00f3mo reportar un suicidio en los medios.<\/li>\n                <li>Aplicar lo discutido a trav\u00e9s de un ejercicio pr\u00e1ctico.<\/li>\n            <\/ul>\n            <div class=\"card-footer\">\n                <span class=\"enroll-button\">Inscr\u00edbete ahora<\/span>\n                <span class=\"institution\">Fideicomiso para Ciencias<\/span>\n            <\/div>\n        <\/div>\n    <\/a>\n\n    <!-- Course 2 -->\n    <a href=\"https:\/\/academia.prsciencetrust.org\/product\/prevencion-de-suicidio-en-situaciones-de-desastre\" class=\"course-card\" target=\"_blank\">\n        <div class=\"course-image\">\n            <!-- Replace the src with your image URL -->\n            <img class=\"lazyload\" decoding=\"async\" src=\"data:image\/svg+xml,%3Csvg%20xmlns%3D%27http%3A%2F%2Fwww.w3.org%2F2000%2Fsvg%27%20width%3D%27819%27%20height%3D%271024%27%20viewBox%3D%270%200%20819%201024%27%3E%3Crect%20width%3D%27819%27%20height%3D%271024%27%20fill-opacity%3D%220%22%2F%3E%3C%2Fsvg%3E\" data-orig-src=\"https:\/\/prevencionsuicidio.salud.pr.gov\/wp-content\/uploads\/Hoja-promocional-Prevencion-de-suicidio-en-situaciones-de-desastre.-2025.png\" alt=\"Prevenci\u00f3n de suicidio en situaciones de desastre\">\n        <\/div>\n        <div class=\"course-content\">\n            <h3 class=\"course-title\">Prevenci\u00f3n de suicidio en situaciones de desastre<\/h3>\n            <p class=\"course-description\">En este curso se discutir\u00e1n los efectos psicol\u00f3gicos de los desastres y su relaci\u00f3n con la mortalidad por suicidio. Se analizar\u00e1n las estad\u00edsticas de mortalidad por suicidio a nivel mundial, en los Estados Unidos y en Puerto Rico.<\/p>\n            <h4 class=\"objectives-title\">Objetivos:<\/h4>\n            <ul class=\"objectives-list\">\n                <li>Discutir la definici\u00f3n y clasificaci\u00f3n de los desastres.<\/li>\n                <li>Presentar los aspectos epidemiol\u00f3gicos del suicidio.<\/li>\n                <li>Desmentir los mitos m\u00e1s comunes sobre el suicidio.<\/li>\n                <li>Presentar las se\u00f1ales de peligro m\u00e1s comunes.<\/li>\n                <li>Elaborar sobre los factores de riesgo y protectores.<\/li>\n            <\/ul>\n            <div class=\"card-footer\">\n                <span class=\"enroll-button\">Inscr\u00edbete ahora<\/span>\n                <span class=\"institution\">Fideicomiso para Ciencias<\/span>\n            <\/div>\n        <\/div>\n    <\/a>\n<\/div><\/div><\/div><\/div><\/div><\/p>","protected":false},"excerpt":{"rendered":"","protected":false},"author":5,"featured_media":0,"parent":5693,"menu_order":0,"comment_status":"closed","ping_status":"closed","template":"","meta":{"footnotes":""},"class_list":["post-6131","page","type-page","status-publish","hentry"],"_links":{"self":[{"href":"https:\/\/prevencionsuicidio.salud.pr.gov\/en\/wp-json\/wp\/v2\/pages\/6131","targetHints":{"allow":["GET"]}}],"collection":[{"href":"https:\/\/prevencionsuicidio.salud.pr.gov\/en\/wp-json\/wp\/v2\/pages"}],"about":[{"href":"https:\/\/prevencionsuicidio.salud.pr.gov\/en\/wp-json\/wp\/v2\/types\/page"}],"author":[{"embeddable":true,"href":"https:\/\/prevencionsuicidio.salud.pr.gov\/en\/wp-json\/wp\/v2\/users\/5"}],"replies":[{"embeddable":true,"href":"https:\/\/prevencionsuicidio.salud.pr.gov\/en\/wp-json\/wp\/v2\/comments?post=6131"}],"version-history":[{"count":18,"href":"https:\/\/prevencionsuicidio.salud.pr.gov\/en\/wp-json\/wp\/v2\/pages\/6131\/revisions"}],"predecessor-version":[{"id":7197,"href":"https:\/\/prevencionsuicidio.salud.pr.gov\/en\/wp-json\/wp\/v2\/pages\/6131\/revisions\/7197"}],"up":[{"embeddable":true,"href":"https:\/\/prevencionsuicidio.salud.pr.gov\/en\/wp-json\/wp\/v2\/pages\/5693"}],"wp:attachment":[{"href":"https:\/\/prevencionsuicidio.salud.pr.gov\/en\/wp-json\/wp\/v2\/media?parent=6131"}],"curies":[{"name":"wp","href":"https:\/\/api.w.org\/{rel}","templated":true}]}}